{"id":988367,"date":"2022-03-23T21:17:54","date_gmt":"2022-03-23T21:17:54","guid":{"rendered":"https:\/\/surfeandosonrisas.fireworks.studio\/?page_id=988367"},"modified":"2022-06-01T19:16:22","modified_gmt":"2022-06-01T19:16:22","slug":"consejo-consultivo","status":"publish","type":"page","link":"https:\/\/surfeandosonrisas.org\/en\/consejo-consultivo\/","title":{"rendered":"Consejo consultivo"},"content":{"rendered":"<div data-elementor-type=\"wp-page\" data-elementor-id=\"988367\" class=\"elementor elementor-988367\" data-elementor-post-type=\"page\">\n\t\t\t\t\t\t<section class=\"elementor-section elementor-top-section elementor-element elementor-element-48e7a9d elementor-section-full_width elementor-section-height-default elementor-section-height-default\" data-id=\"48e7a9d\" data-element_type=\"section\" data-e-type=\"section\">\n\t\t\t\t\t\t<div class=\"elementor-container elementor-column-gap-no\">\n\t\t\t\t\t<div class=\"elementor-column elementor-col-100 elementor-top-column elementor-element elementor-element-579ba3c\" data-id=\"579ba3c\" data-element_type=\"column\" data-e-type=\"column\">\n\t\t\t<div class=\"elementor-widget-wrap elementor-element-populated\">\n\t\t\t\t\t\t<div class=\"elementor-element elementor-element-c52107b elementor-widget elementor-widget-heading\" data-id=\"c52107b\" data-element_type=\"widget\" data-e-type=\"widget\" data-widget_type=\"heading.default\">\n\t\t\t\t<div class=\"elementor-widget-container\">\n\t\t\t\t\t<h1 class=\"elementor-heading-title elementor-size-default\">consultive advice<\/h1>\t\t\t\t<\/div>\n\t\t\t\t<\/div>\n\t\t\t\t<div class=\"elementor-element elementor-element-04d3bf2 elementor-align-left elementor-mobile-align-left elementor-widget__width-initial elementor-absolute elementor-widget elementor-widget-button\" data-id=\"04d3bf2\" data-element_type=\"widget\" data-e-type=\"widget\" data-settings=\"{&quot;_position&quot;:&quot;absolute&quot;}\" data-widget_type=\"button.default\">\n\t\t\t\t<div class=\"elementor-widget-container\">\n\t\t\t\t\t\t\t\t\t<div class=\"elementor-button-wrapper\">\n\t\t\t\t\t<a class=\"elementor-button elementor-button-link elementor-size-sm\" href=\"https:\/\/surfeandosonrisas.org\/en\/nosotros\/\">\n\t\t\t\t\t\t<span class=\"elementor-button-content-wrapper\">\n\t\t\t\t\t\t\t\t\t<span class=\"elementor-button-text\">&lt; Regresar<\/span>\n\t\t\t\t\t<\/span>\n\t\t\t\t\t<\/a>\n\t\t\t\t<\/div>\n\t\t\t\t\t\t\t\t<\/div>\n\t\t\t\t<\/div>\n\t\t\t\t<section class=\"elementor-section elementor-inner-section elementor-element elementor-element-1b1d27b elementor-section-full_width elementor-section-height-default elementor-section-height-default\" data-id=\"1b1d27b\" data-element_type=\"section\" data-e-type=\"section\">\n\t\t\t\t\t\t<div class=\"elementor-container elementor-column-gap-no\">\n\t\t\t\t\t<div class=\"elementor-column elementor-col-50 elementor-inner-column elementor-element elementor-element-3f0d004\" data-id=\"3f0d004\" data-element_type=\"column\" data-e-type=\"column\" data-settings=\"{&quot;background_background&quot;:&quot;classic&quot;}\">\n\t\t\t<div class=\"elementor-widget-wrap elementor-element-populated\">\n\t\t\t\t\t\t<div class=\"elementor-element elementor-element-df9141f elementor-widget elementor-widget-image\" data-id=\"df9141f\" data-element_type=\"widget\" data-e-type=\"widget\" data-widget_type=\"image.default\">\n\t\t\t\t<div class=\"elementor-widget-container\">\n\t\t\t\t\t\t\t\t\t\t\t\t\t\t\t<img fetchpriority=\"high\" decoding=\"async\" width=\"280\" height=\"280\" src=\"https:\/\/surfeandosonrisas.org\/wp-content\/uploads\/2022\/06\/juan-dominguez.png\" class=\"attachment-large size-large wp-image-993233\" alt=\"\" srcset=\"https:\/\/surfeandosonrisas.org\/wp-content\/uploads\/2022\/06\/juan-dominguez.png 280w, https:\/\/surfeandosonrisas.org\/wp-content\/uploads\/2022\/06\/juan-dominguez-150x150.png 150w\" sizes=\"(max-width: 280px) 100vw, 280px\" \/>\t\t\t\t\t\t\t\t\t\t\t\t\t\t\t<\/div>\n\t\t\t\t<\/div>\n\t\t\t\t\t<\/div>\n\t\t<\/div>\n\t\t\t\t<div class=\"elementor-column elementor-col-50 elementor-inner-column elementor-element elementor-element-8b8ba47\" data-id=\"8b8ba47\" data-element_type=\"column\" data-e-type=\"column\">\n\t\t\t<div class=\"elementor-widget-wrap elementor-element-populated\">\n\t\t\t\t\t\t<div class=\"elementor-element elementor-element-752ee38 elementor-widget elementor-widget-heading\" data-id=\"752ee38\" data-element_type=\"widget\" data-e-type=\"widget\" data-widget_type=\"heading.default\">\n\t\t\t\t<div class=\"elementor-widget-container\">\n\t\t\t\t\t<h2 class=\"elementor-heading-title elementor-size-default\">Juan Dom\u00ednguez Guti\u00e9rrez<\/h2>\t\t\t\t<\/div>\n\t\t\t\t<\/div>\n\t\t\t\t<div class=\"elementor-element elementor-element-29bdeda elementor-widget elementor-widget-heading\" data-id=\"29bdeda\" data-element_type=\"widget\" data-e-type=\"widget\" data-widget_type=\"heading.default\">\n\t\t\t\t<div class=\"elementor-widget-container\">\n\t\t\t\t\t<h3 class=\"elementor-heading-title elementor-size-default\">CHO Clara y Co - Fundador de\nHumanos Red Colaborativa<\/h3>\t\t\t\t<\/div>\n\t\t\t\t<\/div>\n\t\t\t\t<div class=\"elementor-element elementor-element-de5c8d7 elementor-widget elementor-widget-text-editor\" data-id=\"de5c8d7\" data-element_type=\"widget\" data-e-type=\"widget\" data-widget_type=\"text-editor.default\">\n\t\t\t\t<div class=\"elementor-widget-container\">\n\t\t\t\t\t\t\t\t\t<p>Con m\u00e1s de dos d\u00e9cadas de experiencia dirigiendo equipos de Recursos Humanos y Organizaci\u00f3n, al igual que en Asuntos Corporativos, Comunicaci\u00f3n y Jur\u00eddicos. Ha trabajado en siete pa\u00edses, en las industrias de aviaci\u00f3n, servicios financieros, servicios legales y consumo masivo tanto como ejecutivo as\u00ed como consultor.<\/p><p>Es abogado y tiene estudios de Ciencia Pol\u00edtica en London School of Economics y la Universidad de Notre Dame, al igual que en Recursos Humanos, Comportamiento y Organizaci\u00f3n en la Universidad de Cornell, La Universidad de Asia y el Pac\u00edfico y el Tecnol\u00f3gico de Monterrey (ITESM).<\/p><p>Ha vivido en Latinoam\u00e9rica, Norteam\u00e9rica, Asia y Europa. En el a\u00f1o 2014 fue reconocido por la revista People Asia como uno de los &#8220;Men who Matter&#8221; y reconocido en 2109 y 2020 como uno de los Directores de Recursos Humanos m\u00e1s relevantes de M\u00e9xico. Es columnista en Expansi\u00f3n M\u00e9xico y El Economista.<\/p>\t\t\t\t\t\t\t\t<\/div>\n\t\t\t\t<\/div>\n\t\t\t\t\t<\/div>\n\t\t<\/div>\n\t\t\t\t\t<\/div>\n\t\t<\/section>\n\t\t\t\t<section class=\"elementor-section elementor-inner-section elementor-element elementor-element-6a702ae elementor-section-full_width elementor-reverse-mobile elementor-section-height-default elementor-section-height-default\" data-id=\"6a702ae\" data-element_type=\"section\" data-e-type=\"section\">\n\t\t\t\t\t\t<div class=\"elementor-container elementor-column-gap-no\">\n\t\t\t\t\t<div class=\"elementor-column elementor-col-50 elementor-inner-column elementor-element elementor-element-2900dec\" data-id=\"2900dec\" data-element_type=\"column\" data-e-type=\"column\">\n\t\t\t<div class=\"elementor-widget-wrap elementor-element-populated\">\n\t\t\t\t\t\t<div class=\"elementor-element elementor-element-a13c080 elementor-widget elementor-widget-heading\" data-id=\"a13c080\" data-element_type=\"widget\" data-e-type=\"widget\" data-widget_type=\"heading.default\">\n\t\t\t\t<div class=\"elementor-widget-container\">\n\t\t\t\t\t<h2 class=\"elementor-heading-title elementor-size-default\">Roberto de la Vega Moreno<\/h2>\t\t\t\t<\/div>\n\t\t\t\t<\/div>\n\t\t\t\t<div class=\"elementor-element elementor-element-d2c7fcb elementor-widget elementor-widget-heading\" data-id=\"d2c7fcb\" data-element_type=\"widget\" data-e-type=\"widget\" data-widget_type=\"heading.default\">\n\t\t\t\t<div class=\"elementor-widget-container\">\n\t\t\t\t\t<h3 class=\"elementor-heading-title elementor-size-default\">Director of Operations of the DLV Industrial Group<\/h3>\t\t\t\t<\/div>\n\t\t\t\t<\/div>\n\t\t\t\t<div class=\"elementor-element elementor-element-6c71de3 elementor-widget elementor-widget-text-editor\" data-id=\"6c71de3\" data-element_type=\"widget\" data-e-type=\"widget\" data-widget_type=\"text-editor.default\">\n\t\t\t\t<div class=\"elementor-widget-container\">\n\t\t\t\t\t\t\t\t\t<p>He is an Industrial Engineer from IBERO, has diplomas in finance from Tec and ITAM, as well as a diploma in Senior Management from IPADE.<\/p><p>Fue miembro de YEO (Young Entrepreneur Organization) de 2005 a 2011.<\/p><p>Tambi\u00e9n ha incursionado en el mundo inmobiliario, ha desarrollado y construido algunos proyectos en CDMX y Valle de Bravo.<\/p><p>Es representante de la ANFDOIV ante los comit\u00e9s Nacionales de Normalizaci\u00f3n de Transporte Terrestre de la SCT y coordinador del Grupo de trabajo de la revisi\u00f3n de la NOM-SCT-001-2016 de la fabricaci\u00f3n de placas.<\/p>\t\t\t\t\t\t\t\t<\/div>\n\t\t\t\t<\/div>\n\t\t\t\t\t<\/div>\n\t\t<\/div>\n\t\t\t\t<div class=\"elementor-column elementor-col-50 elementor-inner-column elementor-element elementor-element-ff5142a\" data-id=\"ff5142a\" data-element_type=\"column\" data-e-type=\"column\" data-settings=\"{&quot;background_background&quot;:&quot;classic&quot;}\">\n\t\t\t<div class=\"elementor-widget-wrap elementor-element-populated\">\n\t\t\t\t\t\t<div class=\"elementor-element elementor-element-9085a40 elementor-widget elementor-widget-image\" data-id=\"9085a40\" data-element_type=\"widget\" data-e-type=\"widget\" data-widget_type=\"image.default\">\n\t\t\t\t<div class=\"elementor-widget-container\">\n\t\t\t\t\t\t\t\t\t\t\t\t\t\t\t<img decoding=\"async\" width=\"768\" height=\"1024\" src=\"https:\/\/surfeandosonrisas.org\/wp-content\/uploads\/2022\/06\/ROBERTO-DE-LA-VEGA.jpeg\" class=\"attachment-large size-large wp-image-993234\" alt=\"\" srcset=\"https:\/\/surfeandosonrisas.org\/wp-content\/uploads\/2022\/06\/ROBERTO-DE-LA-VEGA.jpeg 768w, https:\/\/surfeandosonrisas.org\/wp-content\/uploads\/2022\/06\/ROBERTO-DE-LA-VEGA-225x300.jpeg 225w, https:\/\/surfeandosonrisas.org\/wp-content\/uploads\/2022\/06\/ROBERTO-DE-LA-VEGA-575x767.jpeg 575w\" sizes=\"(max-width: 768px) 100vw, 768px\" \/>\t\t\t\t\t\t\t\t\t\t\t\t\t\t\t<\/div>\n\t\t\t\t<\/div>\n\t\t\t\t\t<\/div>\n\t\t<\/div>\n\t\t\t\t\t<\/div>\n\t\t<\/section>\n\t\t\t\t<section class=\"elementor-section elementor-inner-section elementor-element elementor-element-c838ed8 elementor-section-full_width elementor-section-height-default elementor-section-height-default\" data-id=\"c838ed8\" data-element_type=\"section\" data-e-type=\"section\">\n\t\t\t\t\t\t<div class=\"elementor-container elementor-column-gap-no\">\n\t\t\t\t\t<div class=\"elementor-column elementor-col-50 elementor-inner-column elementor-element elementor-element-4e8e41c\" data-id=\"4e8e41c\" data-element_type=\"column\" data-e-type=\"column\" data-settings=\"{&quot;background_background&quot;:&quot;classic&quot;}\">\n\t\t\t<div class=\"elementor-widget-wrap elementor-element-populated\">\n\t\t\t\t\t\t<div class=\"elementor-element elementor-element-42f1698 elementor-widget elementor-widget-image\" data-id=\"42f1698\" data-element_type=\"widget\" data-e-type=\"widget\" data-widget_type=\"image.default\">\n\t\t\t\t<div class=\"elementor-widget-container\">\n\t\t\t\t\t\t\t\t\t\t\t\t\t\t\t<img decoding=\"async\" width=\"678\" height=\"1024\" src=\"https:\/\/surfeandosonrisas.org\/wp-content\/uploads\/2022\/06\/DANIEL-MORENO.jpeg\" class=\"attachment-large size-large wp-image-993235\" alt=\"\" srcset=\"https:\/\/surfeandosonrisas.org\/wp-content\/uploads\/2022\/06\/DANIEL-MORENO.jpeg 678w, https:\/\/surfeandosonrisas.org\/wp-content\/uploads\/2022\/06\/DANIEL-MORENO-199x300.jpeg 199w, https:\/\/surfeandosonrisas.org\/wp-content\/uploads\/2022\/06\/DANIEL-MORENO-575x868.jpeg 575w\" sizes=\"(max-width: 678px) 100vw, 678px\" \/>\t\t\t\t\t\t\t\t\t\t\t\t\t\t\t<\/div>\n\t\t\t\t<\/div>\n\t\t\t\t\t<\/div>\n\t\t<\/div>\n\t\t\t\t<div class=\"elementor-column elementor-col-50 elementor-inner-column elementor-element elementor-element-51136eb\" data-id=\"51136eb\" data-element_type=\"column\" data-e-type=\"column\">\n\t\t\t<div class=\"elementor-widget-wrap elementor-element-populated\">\n\t\t\t\t\t\t<div class=\"elementor-element elementor-element-5e8e509 elementor-widget elementor-widget-heading\" data-id=\"5e8e509\" data-element_type=\"widget\" data-e-type=\"widget\" data-widget_type=\"heading.default\">\n\t\t\t\t<div class=\"elementor-widget-container\">\n\t\t\t\t\t<h2 class=\"elementor-heading-title elementor-size-default\">Daniel Moreno Barragan<\/h2>\t\t\t\t<\/div>\n\t\t\t\t<\/div>\n\t\t\t\t<div class=\"elementor-element elementor-element-96bdd33 elementor-widget elementor-widget-heading\" data-id=\"96bdd33\" data-element_type=\"widget\" data-e-type=\"widget\" data-widget_type=\"heading.default\">\n\t\t\t\t<div class=\"elementor-widget-container\">\n\t\t\t\t\t<h3 class=\"elementor-heading-title elementor-size-default\">CHO Clara y Co - Fundador de\nHumanos Red Colaborativa<\/h3>\t\t\t\t<\/div>\n\t\t\t\t<\/div>\n\t\t\t\t<div class=\"elementor-element elementor-element-ea96cc4 elementor-widget elementor-widget-text-editor\" data-id=\"ea96cc4\" data-element_type=\"widget\" data-e-type=\"widget\" data-widget_type=\"text-editor.default\">\n\t\t\t\t<div class=\"elementor-widget-container\">\n\t\t\t\t\t\t\t\t\t<p>Hablar de Daniel es hablar de visi\u00f3n, innovaci\u00f3n y una constante evoluci\u00f3n creativa. Originario de Guadalajara, Jalisco. En el a\u00f1o de 1997 fund\u00f3 Barragan Moreno. Desarrolladora Inmobiliaria llave en mano, que dise\u00f1a, construye y cuida todos los detalles para la total satisfacci\u00f3n del cliente.<\/p><p>Desde 2013, Barrag\u00e1n Moreno cuenta con el distintivo de Empresa Socialmente Responsable.<\/p><p>En el a\u00f1o 2012 la Revista Obras de Expansi\u00f3n, lo calific\u00f3 como el quinto mejor despacho de Arquitectura a nivel nacional en hacer m\u00e1s felices a sus clientes. En el a\u00f1o 2015 Grupo Comex lo invita a realizar una Carta de color, con los 12 principales colores que han sido un referente en su arquitectura y que han inspirado su trabajo. En sus 25 a\u00f1os de experiencia se cuentan m\u00e1s de 1500 obras realizadas entre residencias, fraccionamientos, departamentos, oficinas, plazas comerciales, centros de convenciones, restaurantes y hospitales entre otros.<\/p>\t\t\t\t\t\t\t\t<\/div>\n\t\t\t\t<\/div>\n\t\t\t\t\t<\/div>\n\t\t<\/div>\n\t\t\t\t\t<\/div>\n\t\t<\/section>\n\t\t\t\t\t<\/div>\n\t\t<\/div>\n\t\t\t\t\t<\/div>\n\t\t<\/section>\n\t\t\t\t<\/div>","protected":false},"excerpt":{"rendered":"<p>consultive advice < Regresar Juan Dom\u00ednguez Guti\u00e9rrez CHO Clara y Co &#8211; Fundador de Humanos Red Colaborativa Con m\u00e1s de dos d\u00e9cadas de experiencia dirigiendo equipos de Recursos Humanos y Organizaci\u00f3n, al igual que en Asuntos Corporativos, Comunicaci\u00f3n y Jur\u00eddicos. Ha trabajado en siete pa\u00edses, en las industrias de aviaci\u00f3n, servicios financieros, servicios legales y...\n<\/p>","protected":false},"author":1,"featured_media":0,"parent":0,"menu_order":0,"comment_status":"closed","ping_status":"closed","template":"","meta":{"give_campaign_id":0,"_monsterinsights_skip_tracking":false,"_monsterinsights_sitenote_active":false,"_monsterinsights_sitenote_note":"","_monsterinsights_sitenote_category":0,"footnotes":""},"class_list":["post-988367","page","type-page","status-publish","hentry"],"yoast_head":"<!-- This site is optimized with the Yoast SEO plugin v27.5 - https:\/\/yoast.com\/product\/yoast-seo-wordpress\/ -->\n<title>Consejo consultivo - Surfeando Sonrisas<\/title>\n<meta name=\"description\" content=\"Una mirada a las personas detr\u00e1s de nuestro Consejo. Descubre la historia de cada uno de ellos.\" \/>\n<meta name=\"robots\" content=\"index, follow, max-snippet:-1, max-image-preview:large, max-video-preview:-1\" \/>\n<link rel=\"canonical\" href=\"https:\/\/surfeandosonrisas.org\/en\/consejo-consultivo\/\" \/>\n<meta property=\"og:locale\" content=\"en_US\" \/>\n<meta property=\"og:type\" content=\"article\" \/>\n<meta property=\"og:title\" content=\"Surfeando Sonrisas - Consejo consultivo\" \/>\n<meta property=\"og:description\" content=\"Una mirada a las personas detr\u00e1s de nuestro Consejo. Descubre la historia de cada uno de ellos.\" \/>\n<meta property=\"og:url\" content=\"https:\/\/surfeandosonrisas.org\/en\/consejo-consultivo\/\" \/>\n<meta property=\"og:site_name\" content=\"Surfeando Sonrisas\" \/>\n<meta property=\"article:modified_time\" content=\"2022-06-01T19:16:22+00:00\" \/>\n<meta property=\"og:image\" content=\"https:\/\/surfeandosonrisas.fireworks.studio\/wp-content\/uploads\/2022\/06\/juan-dominguez.png\" \/>\n<meta name=\"twitter:card\" content=\"summary_large_image\" \/>\n<meta name=\"twitter:label1\" content=\"Est. reading time\" \/>\n\t<meta name=\"twitter:data1\" content=\"3 minutes\" \/>\n<script type=\"application\/ld+json\" class=\"yoast-schema-graph\">{\"@context\":\"https:\\\/\\\/schema.org\",\"@graph\":[{\"@type\":\"WebPage\",\"@id\":\"https:\\\/\\\/surfeandosonrisas.org\\\/en\\\/consejo-consultivo\\\/\",\"url\":\"https:\\\/\\\/surfeandosonrisas.org\\\/en\\\/consejo-consultivo\\\/\",\"name\":\"Consejo consultivo - Surfeando Sonrisas\",\"isPartOf\":{\"@id\":\"https:\\\/\\\/surfeandosonrisas.org\\\/en\\\/#website\"},\"primaryImageOfPage\":{\"@id\":\"https:\\\/\\\/surfeandosonrisas.org\\\/en\\\/consejo-consultivo\\\/#primaryimage\"},\"image\":{\"@id\":\"https:\\\/\\\/surfeandosonrisas.org\\\/en\\\/consejo-consultivo\\\/#primaryimage\"},\"thumbnailUrl\":\"https:\\\/\\\/surfeandosonrisas.fireworks.studio\\\/wp-content\\\/uploads\\\/2022\\\/06\\\/juan-dominguez.png\",\"datePublished\":\"2022-03-23T21:17:54+00:00\",\"dateModified\":\"2022-06-01T19:16:22+00:00\",\"description\":\"Una mirada a las personas detr\u00e1s de nuestro Consejo. Descubre la historia de cada uno de ellos.\",\"breadcrumb\":{\"@id\":\"https:\\\/\\\/surfeandosonrisas.org\\\/en\\\/consejo-consultivo\\\/#breadcrumb\"},\"inLanguage\":\"en-US\",\"potentialAction\":[{\"@type\":\"ReadAction\",\"target\":[\"https:\\\/\\\/surfeandosonrisas.org\\\/en\\\/consejo-consultivo\\\/\"]}]},{\"@type\":\"ImageObject\",\"inLanguage\":\"en-US\",\"@id\":\"https:\\\/\\\/surfeandosonrisas.org\\\/en\\\/consejo-consultivo\\\/#primaryimage\",\"url\":\"https:\\\/\\\/surfeandosonrisas.fireworks.studio\\\/wp-content\\\/uploads\\\/2022\\\/06\\\/juan-dominguez.png\",\"contentUrl\":\"https:\\\/\\\/surfeandosonrisas.fireworks.studio\\\/wp-content\\\/uploads\\\/2022\\\/06\\\/juan-dominguez.png\"},{\"@type\":\"BreadcrumbList\",\"@id\":\"https:\\\/\\\/surfeandosonrisas.org\\\/en\\\/consejo-consultivo\\\/#breadcrumb\",\"itemListElement\":[{\"@type\":\"ListItem\",\"position\":1,\"name\":\"Portada\",\"item\":\"https:\\\/\\\/surfeandosonrisas.org\\\/\"},{\"@type\":\"ListItem\",\"position\":2,\"name\":\"Consejo consultivo\"}]},{\"@type\":\"WebSite\",\"@id\":\"https:\\\/\\\/surfeandosonrisas.org\\\/en\\\/#website\",\"url\":\"https:\\\/\\\/surfeandosonrisas.org\\\/en\\\/\",\"name\":\"Surfeando Sonrisas\",\"description\":\"Es un proyecto sin fines de lucro, dedicado a mejorar la calidad de Personas con Discapacidad (PcD) a trav\u00e9s de la practica de surf\",\"publisher\":{\"@id\":\"https:\\\/\\\/surfeandosonrisas.org\\\/en\\\/#organization\"},\"potentialAction\":[{\"@type\":\"SearchAction\",\"target\":{\"@type\":\"EntryPoint\",\"urlTemplate\":\"https:\\\/\\\/surfeandosonrisas.org\\\/en\\\/?s={search_term_string}\"},\"query-input\":{\"@type\":\"PropertyValueSpecification\",\"valueRequired\":true,\"valueName\":\"search_term_string\"}}],\"inLanguage\":\"en-US\"},{\"@type\":\"Organization\",\"@id\":\"https:\\\/\\\/surfeandosonrisas.org\\\/en\\\/#organization\",\"name\":\"Surfeando Sonrisas\",\"url\":\"https:\\\/\\\/surfeandosonrisas.org\\\/en\\\/\",\"logo\":{\"@type\":\"ImageObject\",\"inLanguage\":\"en-US\",\"@id\":\"https:\\\/\\\/surfeandosonrisas.org\\\/en\\\/#\\\/schema\\\/logo\\\/image\\\/\",\"url\":\"https:\\\/\\\/surfeandosonrisas.org\\\/wp-content\\\/uploads\\\/2022\\\/05\\\/cropped-logo_n.png\",\"contentUrl\":\"https:\\\/\\\/surfeandosonrisas.org\\\/wp-content\\\/uploads\\\/2022\\\/05\\\/cropped-logo_n.png\",\"width\":552,\"height\":552,\"caption\":\"Surfeando Sonrisas\"},\"image\":{\"@id\":\"https:\\\/\\\/surfeandosonrisas.org\\\/en\\\/#\\\/schema\\\/logo\\\/image\\\/\"}}]}<\/script>\n<!-- \/ Yoast SEO plugin. -->","yoast_head_json":{"title":"Consejo consultivo - Surfeando Sonrisas","description":"Una mirada a las personas detr\u00e1s de nuestro Consejo. Descubre la historia de cada uno de ellos.","robots":{"index":"index","follow":"follow","max-snippet":"max-snippet:-1","max-image-preview":"max-image-preview:large","max-video-preview":"max-video-preview:-1"},"canonical":"https:\/\/surfeandosonrisas.org\/en\/consejo-consultivo\/","og_locale":"en_US","og_type":"article","og_title":"Surfeando Sonrisas - Consejo consultivo","og_description":"Una mirada a las personas detr\u00e1s de nuestro Consejo. Descubre la historia de cada uno de ellos.","og_url":"https:\/\/surfeandosonrisas.org\/en\/consejo-consultivo\/","og_site_name":"Surfeando Sonrisas","article_modified_time":"2022-06-01T19:16:22+00:00","og_image":[{"url":"https:\/\/surfeandosonrisas.fireworks.studio\/wp-content\/uploads\/2022\/06\/juan-dominguez.png","type":"","width":"","height":""}],"twitter_card":"summary_large_image","twitter_misc":{"Est. reading time":"3 minutes"},"schema":{"@context":"https:\/\/schema.org","@graph":[{"@type":"WebPage","@id":"https:\/\/surfeandosonrisas.org\/en\/consejo-consultivo\/","url":"https:\/\/surfeandosonrisas.org\/en\/consejo-consultivo\/","name":"Consejo consultivo - Surfeando Sonrisas","isPartOf":{"@id":"https:\/\/surfeandosonrisas.org\/en\/#website"},"primaryImageOfPage":{"@id":"https:\/\/surfeandosonrisas.org\/en\/consejo-consultivo\/#primaryimage"},"image":{"@id":"https:\/\/surfeandosonrisas.org\/en\/consejo-consultivo\/#primaryimage"},"thumbnailUrl":"https:\/\/surfeandosonrisas.fireworks.studio\/wp-content\/uploads\/2022\/06\/juan-dominguez.png","datePublished":"2022-03-23T21:17:54+00:00","dateModified":"2022-06-01T19:16:22+00:00","description":"Una mirada a las personas detr\u00e1s de nuestro Consejo. Descubre la historia de cada uno de ellos.","breadcrumb":{"@id":"https:\/\/surfeandosonrisas.org\/en\/consejo-consultivo\/#breadcrumb"},"inLanguage":"en-US","potentialAction":[{"@type":"ReadAction","target":["https:\/\/surfeandosonrisas.org\/en\/consejo-consultivo\/"]}]},{"@type":"ImageObject","inLanguage":"en-US","@id":"https:\/\/surfeandosonrisas.org\/en\/consejo-consultivo\/#primaryimage","url":"https:\/\/surfeandosonrisas.fireworks.studio\/wp-content\/uploads\/2022\/06\/juan-dominguez.png","contentUrl":"https:\/\/surfeandosonrisas.fireworks.studio\/wp-content\/uploads\/2022\/06\/juan-dominguez.png"},{"@type":"BreadcrumbList","@id":"https:\/\/surfeandosonrisas.org\/en\/consejo-consultivo\/#breadcrumb","itemListElement":[{"@type":"ListItem","position":1,"name":"Portada","item":"https:\/\/surfeandosonrisas.org\/"},{"@type":"ListItem","position":2,"name":"Consejo consultivo"}]},{"@type":"WebSite","@id":"https:\/\/surfeandosonrisas.org\/en\/#website","url":"https:\/\/surfeandosonrisas.org\/en\/","name":"Surfing Smiles","description":"It is a non-profit project, dedicated to improving the quality of People with Disabilities (PwD) through the practice of surfing.","publisher":{"@id":"https:\/\/surfeandosonrisas.org\/en\/#organization"},"potentialAction":[{"@type":"SearchAction","target":{"@type":"EntryPoint","urlTemplate":"https:\/\/surfeandosonrisas.org\/en\/?s={search_term_string}"},"query-input":{"@type":"PropertyValueSpecification","valueRequired":true,"valueName":"search_term_string"}}],"inLanguage":"en-US"},{"@type":"Organization","@id":"https:\/\/surfeandosonrisas.org\/en\/#organization","name":"Surfing Smiles","url":"https:\/\/surfeandosonrisas.org\/en\/","logo":{"@type":"ImageObject","inLanguage":"en-US","@id":"https:\/\/surfeandosonrisas.org\/en\/#\/schema\/logo\/image\/","url":"https:\/\/surfeandosonrisas.org\/wp-content\/uploads\/2022\/05\/cropped-logo_n.png","contentUrl":"https:\/\/surfeandosonrisas.org\/wp-content\/uploads\/2022\/05\/cropped-logo_n.png","width":552,"height":552,"caption":"Surfeando Sonrisas"},"image":{"@id":"https:\/\/surfeandosonrisas.org\/en\/#\/schema\/logo\/image\/"}}]}},"campaignId":"","_links":{"self":[{"href":"https:\/\/surfeandosonrisas.org\/en\/wp-json\/wp\/v2\/pages\/988367","targetHints":{"allow":["GET"]}}],"collection":[{"href":"https:\/\/surfeandosonrisas.org\/en\/wp-json\/wp\/v2\/pages"}],"about":[{"href":"https:\/\/surfeandosonrisas.org\/en\/wp-json\/wp\/v2\/types\/page"}],"author":[{"embeddable":true,"href":"https:\/\/surfeandosonrisas.org\/en\/wp-json\/wp\/v2\/users\/1"}],"replies":[{"embeddable":true,"href":"https:\/\/surfeandosonrisas.org\/en\/wp-json\/wp\/v2\/comments?post=988367"}],"version-history":[{"count":31,"href":"https:\/\/surfeandosonrisas.org\/en\/wp-json\/wp\/v2\/pages\/988367\/revisions"}],"predecessor-version":[{"id":993252,"href":"https:\/\/surfeandosonrisas.org\/en\/wp-json\/wp\/v2\/pages\/988367\/revisions\/993252"}],"wp:attachment":[{"href":"https:\/\/surfeandosonrisas.org\/en\/wp-json\/wp\/v2\/media?parent=988367"}],"curies":[{"name":"wp","href":"https:\/\/api.w.org\/{rel}","templated":true}]}}