{"id":991643,"date":"2022-04-27T21:19:09","date_gmt":"2022-04-27T21:19:09","guid":{"rendered":"https:\/\/surfeandosonrisas.fireworks.studio\/?post_type=product&#038;p=991643"},"modified":"2022-06-01T19:06:04","modified_gmt":"2022-06-02T00:06:04","slug":"deck-de-pvc","status":"publish","type":"product","link":"https:\/\/surfeandosonrisas.org\/en\/product\/deck-de-pvc\/","title":{"rendered":"PVC deck"},"content":{"rendered":"","protected":false},"excerpt":{"rendered":"<p>Interconnectable mat that will allow us to make areas where people with movement difficulties (wheelchairs) can move easily on the beach.<\/p>\n<p>Thickness: 5 cm<br \/>\nMaterial: Black oilcloth<br \/>\nMeasurement: 90 x 90 cm<\/p>","protected":false},"featured_media":991695,"comment_status":"closed","ping_status":"closed","template":"","meta":[],"product_cat":[63],"product_tag":[77,78],"class_list":{"0":"post-991643","1":"product","2":"type-product","3":"status-publish","4":"has-post-thumbnail","6":"product_cat-donaciones","7":"product_tag-deck","8":"product_tag-pvc","10":"first","11":"instock","12":"virtual","13":"purchasable","14":"product-type-simple"},"yoast_head":"<!-- This site is optimized with the Yoast SEO plugin v22.9 - https:\/\/yoast.com\/wordpress\/plugins\/seo\/ -->\n<title>Deck de PVC - Surfeando Sonrisas<\/title>\n<meta name=\"robots\" content=\"index, follow, max-snippet:-1, max-image-preview:large, max-video-preview:-1\" \/>\n<link rel=\"canonical\" href=\"https:\/\/surfeandosonrisas.org\/en\/product\/deck-de-pvc\/\" \/>\n<meta property=\"og:locale\" content=\"en_US\" \/>\n<meta property=\"og:type\" content=\"article\" \/>\n<meta property=\"og:title\" content=\"Deck de PVC - Surfeando Sonrisas\" \/>\n<meta property=\"og:description\" content=\"Tapete interconectable que nos permitir\u00e1 hacer \u00e1reas donde personas con dificultades de movimiento (silla de ruedas) se podr\u00e1n desplazar con facilidad en la playa.  Espesor: 5 cms Material: Hule negro Medida: 90 x 90 cms\" \/>\n<meta property=\"og:url\" content=\"https:\/\/surfeandosonrisas.org\/en\/product\/deck-de-pvc\/\" \/>\n<meta property=\"og:site_name\" content=\"Surfeando Sonrisas\" \/>\n<meta property=\"article:modified_time\" content=\"2022-06-02T00:06:04+00:00\" \/>\n<meta property=\"og:image\" content=\"https:\/\/surfeandosonrisas.org\/wp-content\/uploads\/2022\/04\/tapete.jpg\" \/>\n\t<meta property=\"og:image:width\" content=\"1280\" \/>\n\t<meta property=\"og:image:height\" content=\"960\" \/>\n\t<meta property=\"og:image:type\" content=\"image\/jpeg\" \/>\n<meta name=\"twitter:card\" content=\"summary_large_image\" \/>\n<script type=\"application\/ld+json\" class=\"yoast-schema-graph\">{\"@context\":\"https:\/\/schema.org\",\"@graph\":[{\"@type\":\"WebPage\",\"@id\":\"https:\/\/surfeandosonrisas.org\/product\/deck-de-pvc\/\",\"url\":\"https:\/\/surfeandosonrisas.org\/product\/deck-de-pvc\/\",\"name\":\"Deck de PVC - Surfeando Sonrisas\",\"isPartOf\":{\"@id\":\"https:\/\/surfeandosonrisas.org\/#website\"},\"primaryImageOfPage\":{\"@id\":\"https:\/\/surfeandosonrisas.org\/product\/deck-de-pvc\/#primaryimage\"},\"image\":{\"@id\":\"https:\/\/surfeandosonrisas.org\/product\/deck-de-pvc\/#primaryimage\"},\"thumbnailUrl\":\"https:\/\/surfeandosonrisas.org\/wp-content\/uploads\/2022\/04\/tapete.jpg\",\"datePublished\":\"2022-04-27T21:19:09+00:00\",\"dateModified\":\"2022-06-02T00:06:04+00:00\",\"breadcrumb\":{\"@id\":\"https:\/\/surfeandosonrisas.org\/product\/deck-de-pvc\/#breadcrumb\"},\"inLanguage\":\"en-US\",\"potentialAction\":[{\"@type\":\"ReadAction\",\"target\":[\"https:\/\/surfeandosonrisas.org\/product\/deck-de-pvc\/\"]}]},{\"@type\":\"ImageObject\",\"inLanguage\":\"en-US\",\"@id\":\"https:\/\/surfeandosonrisas.org\/product\/deck-de-pvc\/#primaryimage\",\"url\":\"https:\/\/surfeandosonrisas.org\/wp-content\/uploads\/2022\/04\/tapete.jpg\",\"contentUrl\":\"https:\/\/surfeandosonrisas.org\/wp-content\/uploads\/2022\/04\/tapete.jpg\",\"width\":1280,\"height\":960},{\"@type\":\"BreadcrumbList\",\"@id\":\"https:\/\/surfeandosonrisas.org\/product\/deck-de-pvc\/#breadcrumb\",\"itemListElement\":[{\"@type\":\"ListItem\",\"position\":1,\"name\":\"Portada\",\"item\":\"https:\/\/surfeandosonrisas.org\/\"},{\"@type\":\"ListItem\",\"position\":2,\"name\":\"Tienda\",\"item\":\"https:\/\/surfeandosonrisas.org\/tienda\/\"},{\"@type\":\"ListItem\",\"position\":3,\"name\":\"Deck de PVC\"}]},{\"@type\":\"WebSite\",\"@id\":\"https:\/\/surfeandosonrisas.org\/#website\",\"url\":\"https:\/\/surfeandosonrisas.org\/\",\"name\":\"Surfeando Sonrisas\",\"description\":\"Es un proyecto sin fines de lucro, dedicado a mejorar la calidad de Personas con Discapacidad (PcD) a trav\u00e9s de la practica de surf\",\"publisher\":{\"@id\":\"https:\/\/surfeandosonrisas.org\/#organization\"},\"potentialAction\":[{\"@type\":\"SearchAction\",\"target\":{\"@type\":\"EntryPoint\",\"urlTemplate\":\"https:\/\/surfeandosonrisas.org\/?s={search_term_string}\"},\"query-input\":\"required name=search_term_string\"}],\"inLanguage\":\"en-US\"},{\"@type\":\"Organization\",\"@id\":\"https:\/\/surfeandosonrisas.org\/#organization\",\"name\":\"Surfeando Sonrisas\",\"url\":\"https:\/\/surfeandosonrisas.org\/\",\"logo\":{\"@type\":\"ImageObject\",\"inLanguage\":\"en-US\",\"@id\":\"https:\/\/surfeandosonrisas.org\/#\/schema\/logo\/image\/\",\"url\":\"https:\/\/surfeandosonrisas.org\/wp-content\/uploads\/2022\/05\/cropped-logo_n.png\",\"contentUrl\":\"https:\/\/surfeandosonrisas.org\/wp-content\/uploads\/2022\/05\/cropped-logo_n.png\",\"width\":552,\"height\":552,\"caption\":\"Surfeando Sonrisas\"},\"image\":{\"@id\":\"https:\/\/surfeandosonrisas.org\/#\/schema\/logo\/image\/\"}}]}<\/script>\n<!-- \/ Yoast SEO plugin. -->","yoast_head_json":{"title":"Deck de PVC - Surfeando Sonrisas","robots":{"index":"index","follow":"follow","max-snippet":"max-snippet:-1","max-image-preview":"max-image-preview:large","max-video-preview":"max-video-preview:-1"},"canonical":"https:\/\/surfeandosonrisas.org\/en\/product\/deck-de-pvc\/","og_locale":"en_US","og_type":"article","og_title":"Deck de PVC - Surfeando Sonrisas","og_description":"Tapete interconectable que nos permitir\u00e1 hacer \u00e1reas donde personas con dificultades de movimiento (silla de ruedas) se podr\u00e1n desplazar con facilidad en la playa.  Espesor: 5 cms Material: Hule negro Medida: 90 x 90 cms","og_url":"https:\/\/surfeandosonrisas.org\/en\/product\/deck-de-pvc\/","og_site_name":"Surfeando Sonrisas","article_modified_time":"2022-06-02T00:06:04+00:00","og_image":[{"width":1280,"height":960,"url":"https:\/\/surfeandosonrisas.org\/wp-content\/uploads\/2022\/04\/tapete.jpg","type":"image\/jpeg"}],"twitter_card":"summary_large_image","schema":{"@context":"https:\/\/schema.org","@graph":[{"@type":"WebPage","@id":"https:\/\/surfeandosonrisas.org\/product\/deck-de-pvc\/","url":"https:\/\/surfeandosonrisas.org\/product\/deck-de-pvc\/","name":"Deck de PVC - Surfeando Sonrisas","isPartOf":{"@id":"https:\/\/surfeandosonrisas.org\/#website"},"primaryImageOfPage":{"@id":"https:\/\/surfeandosonrisas.org\/product\/deck-de-pvc\/#primaryimage"},"image":{"@id":"https:\/\/surfeandosonrisas.org\/product\/deck-de-pvc\/#primaryimage"},"thumbnailUrl":"https:\/\/surfeandosonrisas.org\/wp-content\/uploads\/2022\/04\/tapete.jpg","datePublished":"2022-04-27T21:19:09+00:00","dateModified":"2022-06-02T00:06:04+00:00","breadcrumb":{"@id":"https:\/\/surfeandosonrisas.org\/product\/deck-de-pvc\/#breadcrumb"},"inLanguage":"en-US","potentialAction":[{"@type":"ReadAction","target":["https:\/\/surfeandosonrisas.org\/product\/deck-de-pvc\/"]}]},{"@type":"ImageObject","inLanguage":"en-US","@id":"https:\/\/surfeandosonrisas.org\/product\/deck-de-pvc\/#primaryimage","url":"https:\/\/surfeandosonrisas.org\/wp-content\/uploads\/2022\/04\/tapete.jpg","contentUrl":"https:\/\/surfeandosonrisas.org\/wp-content\/uploads\/2022\/04\/tapete.jpg","width":1280,"height":960},{"@type":"BreadcrumbList","@id":"https:\/\/surfeandosonrisas.org\/product\/deck-de-pvc\/#breadcrumb","itemListElement":[{"@type":"ListItem","position":1,"name":"Portada","item":"https:\/\/surfeandosonrisas.org\/"},{"@type":"ListItem","position":2,"name":"Tienda","item":"https:\/\/surfeandosonrisas.org\/tienda\/"},{"@type":"ListItem","position":3,"name":"Deck de PVC"}]},{"@type":"WebSite","@id":"https:\/\/surfeandosonrisas.org\/#website","url":"https:\/\/surfeandosonrisas.org\/","name":"Surfeando Sonrisas","description":"Es un proyecto sin fines de lucro, dedicado a mejorar la calidad de Personas con Discapacidad (PcD) a trav\u00e9s de la practica de surf","publisher":{"@id":"https:\/\/surfeandosonrisas.org\/#organization"},"potentialAction":[{"@type":"SearchAction","target":{"@type":"EntryPoint","urlTemplate":"https:\/\/surfeandosonrisas.org\/?s={search_term_string}"},"query-input":"required name=search_term_string"}],"inLanguage":"en-US"},{"@type":"Organization","@id":"https:\/\/surfeandosonrisas.org\/#organization","name":"Surfeando Sonrisas","url":"https:\/\/surfeandosonrisas.org\/","logo":{"@type":"ImageObject","inLanguage":"en-US","@id":"https:\/\/surfeandosonrisas.org\/#\/schema\/logo\/image\/","url":"https:\/\/surfeandosonrisas.org\/wp-content\/uploads\/2022\/05\/cropped-logo_n.png","contentUrl":"https:\/\/surfeandosonrisas.org\/wp-content\/uploads\/2022\/05\/cropped-logo_n.png","width":552,"height":552,"caption":"Surfeando Sonrisas"},"image":{"@id":"https:\/\/surfeandosonrisas.org\/#\/schema\/logo\/image\/"}}]}},"_links":{"self":[{"href":"https:\/\/surfeandosonrisas.org\/en\/wp-json\/wp\/v2\/product\/991643","targetHints":{"allow":["GET"]}}],"collection":[{"href":"https:\/\/surfeandosonrisas.org\/en\/wp-json\/wp\/v2\/product"}],"about":[{"href":"https:\/\/surfeandosonrisas.org\/en\/wp-json\/wp\/v2\/types\/product"}],"replies":[{"embeddable":true,"href":"https:\/\/surfeandosonrisas.org\/en\/wp-json\/wp\/v2\/comments?post=991643"}],"version-history":[{"count":2,"href":"https:\/\/surfeandosonrisas.org\/en\/wp-json\/wp\/v2\/product\/991643\/revisions"}],"predecessor-version":[{"id":993013,"href":"https:\/\/surfeandosonrisas.org\/en\/wp-json\/wp\/v2\/product\/991643\/revisions\/993013"}],"wp:featuredmedia":[{"embeddable":true,"href":"https:\/\/surfeandosonrisas.org\/en\/wp-json\/wp\/v2\/media\/991695"}],"wp:attachment":[{"href":"https:\/\/surfeandosonrisas.org\/en\/wp-json\/wp\/v2\/media?parent=991643"}],"wp:term":[{"taxonomy":"product_cat","embeddable":true,"href":"https:\/\/surfeandosonrisas.org\/en\/wp-json\/wp\/v2\/product_cat?post=991643"},{"taxonomy":"product_tag","embeddable":true,"href":"https:\/\/surfeandosonrisas.org\/en\/wp-json\/wp\/v2\/product_tag?post=991643"}],"curies":[{"name":"wp","href":"https:\/\/api.w.org\/{rel}","templated":true}]}}