{"id":991645,"date":"2022-04-27T21:19:09","date_gmt":"2022-04-27T21:19:09","guid":{"rendered":"https:\/\/surfeandosonrisas.fireworks.studio\/?post_type=product&#038;p=991645"},"modified":"2022-06-01T19:05:37","modified_gmt":"2022-06-02T00:05:37","slug":"tapete-para-playa-opcion-2","status":"publish","type":"product","link":"https:\/\/surfeandosonrisas.org\/en\/product\/tapete-para-playa-opcion-2\/","title":{"rendered":"Beach mat (option 2)"},"content":{"rendered":"","protected":false},"excerpt":{"rendered":"<p>Flexible non-slip polyester surface for wheelchairs, people with motor disabilities and is resistant to the passage of emergency vehicles. The non-slip Mobi-Mat\u00ae Beach Access Mat TM design offers a tear-resistant non-slip coating that is firm and stable.<\/p>","protected":false},"featured_media":991698,"comment_status":"closed","ping_status":"closed","template":"","meta":{"give_campaign_id":0},"product_brand":[],"product_cat":[63],"product_tag":[79],"class_list":{"0":"post-991645","1":"product","2":"type-product","3":"status-publish","4":"has-post-thumbnail","6":"product_cat-donaciones","7":"product_tag-tapete","9":"first","10":"instock","11":"virtual","12":"purchasable","13":"product-type-simple"},"yoast_head":"<!-- This site is optimized with the Yoast SEO plugin v27.4 - https:\/\/yoast.com\/product\/yoast-seo-wordpress\/ -->\n<title>Tapete para playa (opci\u00f3n 2) - Surfeando Sonrisas<\/title>\n<meta name=\"robots\" content=\"index, follow, max-snippet:-1, max-image-preview:large, max-video-preview:-1\" \/>\n<link rel=\"canonical\" href=\"https:\/\/surfeandosonrisas.org\/en\/product\/tapete-para-playa-opcion-2\/\" \/>\n<meta property=\"og:locale\" content=\"en_US\" \/>\n<meta property=\"og:type\" content=\"article\" \/>\n<meta property=\"og:title\" content=\"Tapete para playa (opci\u00f3n 2) - Surfeando Sonrisas\" \/>\n<meta property=\"og:description\" content=\"Superficie flexible de poli\u00e9ster antideslizante para sillas de ruedas, personas con alguna discapacidad motriz y es resistente al paso de veh\u00edculos de emergencia. El dise\u00f1o antideslizante Mobi-Mat\u00ae Beach Access Mat TM ofrece un revestimiento antideslizante resistente a las rasgaduras, es firme y estable.\" \/>\n<meta property=\"og:url\" content=\"https:\/\/surfeandosonrisas.org\/en\/product\/tapete-para-playa-opcion-2\/\" \/>\n<meta property=\"og:site_name\" content=\"Surfeando Sonrisas\" \/>\n<meta property=\"article:modified_time\" content=\"2022-06-02T00:05:37+00:00\" \/>\n<meta property=\"og:image\" content=\"https:\/\/surfeandosonrisas.org\/wp-content\/uploads\/2022\/04\/Group-370.png\" \/>\n\t<meta property=\"og:image:width\" content=\"315\" \/>\n\t<meta property=\"og:image:height\" content=\"197\" \/>\n\t<meta property=\"og:image:type\" content=\"image\/png\" \/>\n<meta name=\"twitter:card\" content=\"summary_large_image\" \/>\n<script type=\"application\/ld+json\" class=\"yoast-schema-graph\">{\"@context\":\"https:\\\/\\\/schema.org\",\"@graph\":[{\"@type\":\"WebPage\",\"@id\":\"https:\\\/\\\/surfeandosonrisas.org\\\/product\\\/tapete-para-playa-opcion-2\\\/\",\"url\":\"https:\\\/\\\/surfeandosonrisas.org\\\/product\\\/tapete-para-playa-opcion-2\\\/\",\"name\":\"Tapete para playa (opci\u00f3n 2) - Surfeando Sonrisas\",\"isPartOf\":{\"@id\":\"https:\\\/\\\/surfeandosonrisas.org\\\/#website\"},\"primaryImageOfPage\":{\"@id\":\"https:\\\/\\\/surfeandosonrisas.org\\\/product\\\/tapete-para-playa-opcion-2\\\/#primaryimage\"},\"image\":{\"@id\":\"https:\\\/\\\/surfeandosonrisas.org\\\/product\\\/tapete-para-playa-opcion-2\\\/#primaryimage\"},\"thumbnailUrl\":\"https:\\\/\\\/surfeandosonrisas.org\\\/wp-content\\\/uploads\\\/2022\\\/04\\\/Group-370.png\",\"datePublished\":\"2022-04-27T21:19:09+00:00\",\"dateModified\":\"2022-06-02T00:05:37+00:00\",\"breadcrumb\":{\"@id\":\"https:\\\/\\\/surfeandosonrisas.org\\\/product\\\/tapete-para-playa-opcion-2\\\/#breadcrumb\"},\"inLanguage\":\"en-US\",\"potentialAction\":[{\"@type\":\"ReadAction\",\"target\":[\"https:\\\/\\\/surfeandosonrisas.org\\\/product\\\/tapete-para-playa-opcion-2\\\/\"]}]},{\"@type\":\"ImageObject\",\"inLanguage\":\"en-US\",\"@id\":\"https:\\\/\\\/surfeandosonrisas.org\\\/product\\\/tapete-para-playa-opcion-2\\\/#primaryimage\",\"url\":\"https:\\\/\\\/surfeandosonrisas.org\\\/wp-content\\\/uploads\\\/2022\\\/04\\\/Group-370.png\",\"contentUrl\":\"https:\\\/\\\/surfeandosonrisas.org\\\/wp-content\\\/uploads\\\/2022\\\/04\\\/Group-370.png\",\"width\":315,\"height\":197},{\"@type\":\"BreadcrumbList\",\"@id\":\"https:\\\/\\\/surfeandosonrisas.org\\\/product\\\/tapete-para-playa-opcion-2\\\/#breadcrumb\",\"itemListElement\":[{\"@type\":\"ListItem\",\"position\":1,\"name\":\"Portada\",\"item\":\"https:\\\/\\\/surfeandosonrisas.org\\\/\"},{\"@type\":\"ListItem\",\"position\":2,\"name\":\"Tienda\",\"item\":\"https:\\\/\\\/surfeandosonrisas.org\\\/tienda\\\/\"},{\"@type\":\"ListItem\",\"position\":3,\"name\":\"Tapete para playa (opci\u00f3n 2)\"}]},{\"@type\":\"WebSite\",\"@id\":\"https:\\\/\\\/surfeandosonrisas.org\\\/#website\",\"url\":\"https:\\\/\\\/surfeandosonrisas.org\\\/\",\"name\":\"Surfeando Sonrisas\",\"description\":\"Es un proyecto sin fines de lucro, dedicado a mejorar la calidad de Personas con Discapacidad (PcD) a trav\u00e9s de la practica de surf\",\"publisher\":{\"@id\":\"https:\\\/\\\/surfeandosonrisas.org\\\/#organization\"},\"potentialAction\":[{\"@type\":\"SearchAction\",\"target\":{\"@type\":\"EntryPoint\",\"urlTemplate\":\"https:\\\/\\\/surfeandosonrisas.org\\\/?s={search_term_string}\"},\"query-input\":{\"@type\":\"PropertyValueSpecification\",\"valueRequired\":true,\"valueName\":\"search_term_string\"}}],\"inLanguage\":\"en-US\"},{\"@type\":\"Organization\",\"@id\":\"https:\\\/\\\/surfeandosonrisas.org\\\/#organization\",\"name\":\"Surfeando Sonrisas\",\"url\":\"https:\\\/\\\/surfeandosonrisas.org\\\/\",\"logo\":{\"@type\":\"ImageObject\",\"inLanguage\":\"en-US\",\"@id\":\"https:\\\/\\\/surfeandosonrisas.org\\\/#\\\/schema\\\/logo\\\/image\\\/\",\"url\":\"https:\\\/\\\/surfeandosonrisas.org\\\/wp-content\\\/uploads\\\/2022\\\/05\\\/cropped-logo_n.png\",\"contentUrl\":\"https:\\\/\\\/surfeandosonrisas.org\\\/wp-content\\\/uploads\\\/2022\\\/05\\\/cropped-logo_n.png\",\"width\":552,\"height\":552,\"caption\":\"Surfeando Sonrisas\"},\"image\":{\"@id\":\"https:\\\/\\\/surfeandosonrisas.org\\\/#\\\/schema\\\/logo\\\/image\\\/\"}}]}<\/script>\n<!-- \/ Yoast SEO plugin. -->","yoast_head_json":{"title":"Tapete para playa (opci\u00f3n 2) - Surfeando Sonrisas","robots":{"index":"index","follow":"follow","max-snippet":"max-snippet:-1","max-image-preview":"max-image-preview:large","max-video-preview":"max-video-preview:-1"},"canonical":"https:\/\/surfeandosonrisas.org\/en\/product\/tapete-para-playa-opcion-2\/","og_locale":"en_US","og_type":"article","og_title":"Tapete para playa (opci\u00f3n 2) - Surfeando Sonrisas","og_description":"Superficie flexible de poli\u00e9ster antideslizante para sillas de ruedas, personas con alguna discapacidad motriz y es resistente al paso de veh\u00edculos de emergencia. El dise\u00f1o antideslizante Mobi-Mat\u00ae Beach Access Mat TM ofrece un revestimiento antideslizante resistente a las rasgaduras, es firme y estable.","og_url":"https:\/\/surfeandosonrisas.org\/en\/product\/tapete-para-playa-opcion-2\/","og_site_name":"Surfeando Sonrisas","article_modified_time":"2022-06-02T00:05:37+00:00","og_image":[{"width":315,"height":197,"url":"https:\/\/surfeandosonrisas.org\/wp-content\/uploads\/2022\/04\/Group-370.png","type":"image\/png"}],"twitter_card":"summary_large_image","schema":{"@context":"https:\/\/schema.org","@graph":[{"@type":"WebPage","@id":"https:\/\/surfeandosonrisas.org\/product\/tapete-para-playa-opcion-2\/","url":"https:\/\/surfeandosonrisas.org\/product\/tapete-para-playa-opcion-2\/","name":"Tapete para playa (opci\u00f3n 2) - Surfeando Sonrisas","isPartOf":{"@id":"https:\/\/surfeandosonrisas.org\/#website"},"primaryImageOfPage":{"@id":"https:\/\/surfeandosonrisas.org\/product\/tapete-para-playa-opcion-2\/#primaryimage"},"image":{"@id":"https:\/\/surfeandosonrisas.org\/product\/tapete-para-playa-opcion-2\/#primaryimage"},"thumbnailUrl":"https:\/\/surfeandosonrisas.org\/wp-content\/uploads\/2022\/04\/Group-370.png","datePublished":"2022-04-27T21:19:09+00:00","dateModified":"2022-06-02T00:05:37+00:00","breadcrumb":{"@id":"https:\/\/surfeandosonrisas.org\/product\/tapete-para-playa-opcion-2\/#breadcrumb"},"inLanguage":"en-US","potentialAction":[{"@type":"ReadAction","target":["https:\/\/surfeandosonrisas.org\/product\/tapete-para-playa-opcion-2\/"]}]},{"@type":"ImageObject","inLanguage":"en-US","@id":"https:\/\/surfeandosonrisas.org\/product\/tapete-para-playa-opcion-2\/#primaryimage","url":"https:\/\/surfeandosonrisas.org\/wp-content\/uploads\/2022\/04\/Group-370.png","contentUrl":"https:\/\/surfeandosonrisas.org\/wp-content\/uploads\/2022\/04\/Group-370.png","width":315,"height":197},{"@type":"BreadcrumbList","@id":"https:\/\/surfeandosonrisas.org\/product\/tapete-para-playa-opcion-2\/#breadcrumb","itemListElement":[{"@type":"ListItem","position":1,"name":"Portada","item":"https:\/\/surfeandosonrisas.org\/"},{"@type":"ListItem","position":2,"name":"Tienda","item":"https:\/\/surfeandosonrisas.org\/tienda\/"},{"@type":"ListItem","position":3,"name":"Tapete para playa (opci\u00f3n 2)"}]},{"@type":"WebSite","@id":"https:\/\/surfeandosonrisas.org\/#website","url":"https:\/\/surfeandosonrisas.org\/","name":"Surfing Smiles","description":"It is a non-profit project, dedicated to improving the quality of People with Disabilities (PwD) through the practice of surfing.","publisher":{"@id":"https:\/\/surfeandosonrisas.org\/#organization"},"potentialAction":[{"@type":"SearchAction","target":{"@type":"EntryPoint","urlTemplate":"https:\/\/surfeandosonrisas.org\/?s={search_term_string}"},"query-input":{"@type":"PropertyValueSpecification","valueRequired":true,"valueName":"search_term_string"}}],"inLanguage":"en-US"},{"@type":"Organization","@id":"https:\/\/surfeandosonrisas.org\/#organization","name":"Surfing Smiles","url":"https:\/\/surfeandosonrisas.org\/","logo":{"@type":"ImageObject","inLanguage":"en-US","@id":"https:\/\/surfeandosonrisas.org\/#\/schema\/logo\/image\/","url":"https:\/\/surfeandosonrisas.org\/wp-content\/uploads\/2022\/05\/cropped-logo_n.png","contentUrl":"https:\/\/surfeandosonrisas.org\/wp-content\/uploads\/2022\/05\/cropped-logo_n.png","width":552,"height":552,"caption":"Surfeando Sonrisas"},"image":{"@id":"https:\/\/surfeandosonrisas.org\/#\/schema\/logo\/image\/"}}]}},"_links":{"self":[{"href":"https:\/\/surfeandosonrisas.org\/en\/wp-json\/wp\/v2\/product\/991645","targetHints":{"allow":["GET"]}}],"collection":[{"href":"https:\/\/surfeandosonrisas.org\/en\/wp-json\/wp\/v2\/product"}],"about":[{"href":"https:\/\/surfeandosonrisas.org\/en\/wp-json\/wp\/v2\/types\/product"}],"replies":[{"embeddable":true,"href":"https:\/\/surfeandosonrisas.org\/en\/wp-json\/wp\/v2\/comments?post=991645"}],"version-history":[{"count":2,"href":"https:\/\/surfeandosonrisas.org\/en\/wp-json\/wp\/v2\/product\/991645\/revisions"}],"predecessor-version":[{"id":993310,"href":"https:\/\/surfeandosonrisas.org\/en\/wp-json\/wp\/v2\/product\/991645\/revisions\/993310"}],"wp:featuredmedia":[{"embeddable":true,"href":"https:\/\/surfeandosonrisas.org\/en\/wp-json\/wp\/v2\/media\/991698"}],"wp:attachment":[{"href":"https:\/\/surfeandosonrisas.org\/en\/wp-json\/wp\/v2\/media?parent=991645"}],"wp:term":[{"taxonomy":"product_brand","embeddable":true,"href":"https:\/\/surfeandosonrisas.org\/en\/wp-json\/wp\/v2\/product_brand?post=991645"},{"taxonomy":"product_cat","embeddable":true,"href":"https:\/\/surfeandosonrisas.org\/en\/wp-json\/wp\/v2\/product_cat?post=991645"},{"taxonomy":"product_tag","embeddable":true,"href":"https:\/\/surfeandosonrisas.org\/en\/wp-json\/wp\/v2\/product_tag?post=991645"}],"curies":[{"name":"wp","href":"https:\/\/api.w.org\/{rel}","templated":true}]}}