{"id":991648,"date":"2022-04-27T21:19:09","date_gmt":"2022-04-27T21:19:09","guid":{"rendered":"https:\/\/surfeandosonrisas.fireworks.studio\/?post_type=product&#038;p=991648"},"modified":"2022-06-01T19:04:52","modified_gmt":"2022-06-02T00:04:52","slug":"chaleco-salvavidas","status":"publish","type":"product","link":"https:\/\/surfeandosonrisas.org\/en\/product\/chaleco-salvavidas\/","title":{"rendered":"Lifejacket"},"content":{"rendered":"","protected":false},"excerpt":{"rendered":"<p>The safety of the children is essential, so prior to the event they will be taught to float and hold their breath, in addition, at all times they will be accompanied by an instructor and two volunteers.<\/p>\n<p>However, the neoprene life jacket is our first safety and peace of mind tool for children.<\/p>","protected":false},"featured_media":991712,"comment_status":"closed","ping_status":"closed","template":"","meta":[],"product_cat":[63],"product_tag":[72,73],"class_list":{"0":"post-991648","1":"product","2":"type-product","3":"status-publish","4":"has-post-thumbnail","6":"product_cat-donaciones","7":"product_tag-chaleco","8":"product_tag-salvavidas","10":"first","11":"instock","12":"virtual","13":"purchasable","14":"product-type-simple"},"yoast_head":"<!-- This site is optimized with the Yoast SEO plugin v22.9 - https:\/\/yoast.com\/wordpress\/plugins\/seo\/ -->\n<title>Chaleco Salvavidas - Surfeando Sonrisas<\/title>\n<meta name=\"robots\" content=\"index, follow, max-snippet:-1, max-image-preview:large, max-video-preview:-1\" \/>\n<link rel=\"canonical\" href=\"https:\/\/surfeandosonrisas.org\/en\/product\/chaleco-salvavidas\/\" \/>\n<meta property=\"og:locale\" content=\"en_US\" \/>\n<meta property=\"og:type\" content=\"article\" \/>\n<meta property=\"og:title\" content=\"Chaleco Salvavidas - Surfeando Sonrisas\" \/>\n<meta property=\"og:description\" content=\"Es dispensable la seguridad de los ni\u00f1os por lo que previo al evento se les ense\u00f1ara a flotar y a aguantar la respiraci\u00f3n, a dem\u00e1s, en todo momento estar\u00e1n acompa\u00f1ados de un instructor y dos voluntarios.  No obstante, el chaleco salvavidas de neopreno es nuestra primer herramienta de seguridad y tranquilidad para los ni\u00f1os.\" \/>\n<meta property=\"og:url\" content=\"https:\/\/surfeandosonrisas.org\/en\/product\/chaleco-salvavidas\/\" \/>\n<meta property=\"og:site_name\" content=\"Surfeando Sonrisas\" \/>\n<meta property=\"article:modified_time\" content=\"2022-06-02T00:04:52+00:00\" \/>\n<meta property=\"og:image\" content=\"https:\/\/surfeandosonrisas.org\/wp-content\/uploads\/2022\/04\/Group-374.png\" \/>\n\t<meta property=\"og:image:width\" content=\"262\" \/>\n\t<meta property=\"og:image:height\" content=\"165\" \/>\n\t<meta property=\"og:image:type\" content=\"image\/png\" \/>\n<meta name=\"twitter:card\" content=\"summary_large_image\" \/>\n<script type=\"application\/ld+json\" class=\"yoast-schema-graph\">{\"@context\":\"https:\/\/schema.org\",\"@graph\":[{\"@type\":\"WebPage\",\"@id\":\"https:\/\/surfeandosonrisas.org\/product\/chaleco-salvavidas\/\",\"url\":\"https:\/\/surfeandosonrisas.org\/product\/chaleco-salvavidas\/\",\"name\":\"Chaleco Salvavidas - Surfeando Sonrisas\",\"isPartOf\":{\"@id\":\"https:\/\/surfeandosonrisas.org\/#website\"},\"primaryImageOfPage\":{\"@id\":\"https:\/\/surfeandosonrisas.org\/product\/chaleco-salvavidas\/#primaryimage\"},\"image\":{\"@id\":\"https:\/\/surfeandosonrisas.org\/product\/chaleco-salvavidas\/#primaryimage\"},\"thumbnailUrl\":\"https:\/\/surfeandosonrisas.org\/wp-content\/uploads\/2022\/04\/Group-374.png\",\"datePublished\":\"2022-04-27T21:19:09+00:00\",\"dateModified\":\"2022-06-02T00:04:52+00:00\",\"breadcrumb\":{\"@id\":\"https:\/\/surfeandosonrisas.org\/product\/chaleco-salvavidas\/#breadcrumb\"},\"inLanguage\":\"en-US\",\"potentialAction\":[{\"@type\":\"ReadAction\",\"target\":[\"https:\/\/surfeandosonrisas.org\/product\/chaleco-salvavidas\/\"]}]},{\"@type\":\"ImageObject\",\"inLanguage\":\"en-US\",\"@id\":\"https:\/\/surfeandosonrisas.org\/product\/chaleco-salvavidas\/#primaryimage\",\"url\":\"https:\/\/surfeandosonrisas.org\/wp-content\/uploads\/2022\/04\/Group-374.png\",\"contentUrl\":\"https:\/\/surfeandosonrisas.org\/wp-content\/uploads\/2022\/04\/Group-374.png\",\"width\":262,\"height\":165},{\"@type\":\"BreadcrumbList\",\"@id\":\"https:\/\/surfeandosonrisas.org\/product\/chaleco-salvavidas\/#breadcrumb\",\"itemListElement\":[{\"@type\":\"ListItem\",\"position\":1,\"name\":\"Portada\",\"item\":\"https:\/\/surfeandosonrisas.org\/\"},{\"@type\":\"ListItem\",\"position\":2,\"name\":\"Tienda\",\"item\":\"https:\/\/surfeandosonrisas.org\/tienda\/\"},{\"@type\":\"ListItem\",\"position\":3,\"name\":\"Chaleco Salvavidas\"}]},{\"@type\":\"WebSite\",\"@id\":\"https:\/\/surfeandosonrisas.org\/#website\",\"url\":\"https:\/\/surfeandosonrisas.org\/\",\"name\":\"Surfeando Sonrisas\",\"description\":\"Es un proyecto sin fines de lucro, dedicado a mejorar la calidad de Personas con Discapacidad (PcD) a trav\u00e9s de la practica de surf\",\"publisher\":{\"@id\":\"https:\/\/surfeandosonrisas.org\/#organization\"},\"potentialAction\":[{\"@type\":\"SearchAction\",\"target\":{\"@type\":\"EntryPoint\",\"urlTemplate\":\"https:\/\/surfeandosonrisas.org\/?s={search_term_string}\"},\"query-input\":\"required name=search_term_string\"}],\"inLanguage\":\"en-US\"},{\"@type\":\"Organization\",\"@id\":\"https:\/\/surfeandosonrisas.org\/#organization\",\"name\":\"Surfeando Sonrisas\",\"url\":\"https:\/\/surfeandosonrisas.org\/\",\"logo\":{\"@type\":\"ImageObject\",\"inLanguage\":\"en-US\",\"@id\":\"https:\/\/surfeandosonrisas.org\/#\/schema\/logo\/image\/\",\"url\":\"https:\/\/surfeandosonrisas.org\/wp-content\/uploads\/2022\/05\/cropped-logo_n.png\",\"contentUrl\":\"https:\/\/surfeandosonrisas.org\/wp-content\/uploads\/2022\/05\/cropped-logo_n.png\",\"width\":552,\"height\":552,\"caption\":\"Surfeando Sonrisas\"},\"image\":{\"@id\":\"https:\/\/surfeandosonrisas.org\/#\/schema\/logo\/image\/\"}}]}<\/script>\n<!-- \/ Yoast SEO plugin. -->","yoast_head_json":{"title":"Chaleco Salvavidas - Surfeando Sonrisas","robots":{"index":"index","follow":"follow","max-snippet":"max-snippet:-1","max-image-preview":"max-image-preview:large","max-video-preview":"max-video-preview:-1"},"canonical":"https:\/\/surfeandosonrisas.org\/en\/product\/chaleco-salvavidas\/","og_locale":"en_US","og_type":"article","og_title":"Chaleco Salvavidas - Surfeando Sonrisas","og_description":"Es dispensable la seguridad de los ni\u00f1os por lo que previo al evento se les ense\u00f1ara a flotar y a aguantar la respiraci\u00f3n, a dem\u00e1s, en todo momento estar\u00e1n acompa\u00f1ados de un instructor y dos voluntarios.  No obstante, el chaleco salvavidas de neopreno es nuestra primer herramienta de seguridad y tranquilidad para los ni\u00f1os.","og_url":"https:\/\/surfeandosonrisas.org\/en\/product\/chaleco-salvavidas\/","og_site_name":"Surfeando Sonrisas","article_modified_time":"2022-06-02T00:04:52+00:00","og_image":[{"width":262,"height":165,"url":"https:\/\/surfeandosonrisas.org\/wp-content\/uploads\/2022\/04\/Group-374.png","type":"image\/png"}],"twitter_card":"summary_large_image","schema":{"@context":"https:\/\/schema.org","@graph":[{"@type":"WebPage","@id":"https:\/\/surfeandosonrisas.org\/product\/chaleco-salvavidas\/","url":"https:\/\/surfeandosonrisas.org\/product\/chaleco-salvavidas\/","name":"Chaleco Salvavidas - Surfeando Sonrisas","isPartOf":{"@id":"https:\/\/surfeandosonrisas.org\/#website"},"primaryImageOfPage":{"@id":"https:\/\/surfeandosonrisas.org\/product\/chaleco-salvavidas\/#primaryimage"},"image":{"@id":"https:\/\/surfeandosonrisas.org\/product\/chaleco-salvavidas\/#primaryimage"},"thumbnailUrl":"https:\/\/surfeandosonrisas.org\/wp-content\/uploads\/2022\/04\/Group-374.png","datePublished":"2022-04-27T21:19:09+00:00","dateModified":"2022-06-02T00:04:52+00:00","breadcrumb":{"@id":"https:\/\/surfeandosonrisas.org\/product\/chaleco-salvavidas\/#breadcrumb"},"inLanguage":"en-US","potentialAction":[{"@type":"ReadAction","target":["https:\/\/surfeandosonrisas.org\/product\/chaleco-salvavidas\/"]}]},{"@type":"ImageObject","inLanguage":"en-US","@id":"https:\/\/surfeandosonrisas.org\/product\/chaleco-salvavidas\/#primaryimage","url":"https:\/\/surfeandosonrisas.org\/wp-content\/uploads\/2022\/04\/Group-374.png","contentUrl":"https:\/\/surfeandosonrisas.org\/wp-content\/uploads\/2022\/04\/Group-374.png","width":262,"height":165},{"@type":"BreadcrumbList","@id":"https:\/\/surfeandosonrisas.org\/product\/chaleco-salvavidas\/#breadcrumb","itemListElement":[{"@type":"ListItem","position":1,"name":"Portada","item":"https:\/\/surfeandosonrisas.org\/"},{"@type":"ListItem","position":2,"name":"Tienda","item":"https:\/\/surfeandosonrisas.org\/tienda\/"},{"@type":"ListItem","position":3,"name":"Chaleco Salvavidas"}]},{"@type":"WebSite","@id":"https:\/\/surfeandosonrisas.org\/#website","url":"https:\/\/surfeandosonrisas.org\/","name":"Surfeando Sonrisas","description":"Es un proyecto sin fines de lucro, dedicado a mejorar la calidad de Personas con Discapacidad (PcD) a trav\u00e9s de la practica de surf","publisher":{"@id":"https:\/\/surfeandosonrisas.org\/#organization"},"potentialAction":[{"@type":"SearchAction","target":{"@type":"EntryPoint","urlTemplate":"https:\/\/surfeandosonrisas.org\/?s={search_term_string}"},"query-input":"required name=search_term_string"}],"inLanguage":"en-US"},{"@type":"Organization","@id":"https:\/\/surfeandosonrisas.org\/#organization","name":"Surfeando Sonrisas","url":"https:\/\/surfeandosonrisas.org\/","logo":{"@type":"ImageObject","inLanguage":"en-US","@id":"https:\/\/surfeandosonrisas.org\/#\/schema\/logo\/image\/","url":"https:\/\/surfeandosonrisas.org\/wp-content\/uploads\/2022\/05\/cropped-logo_n.png","contentUrl":"https:\/\/surfeandosonrisas.org\/wp-content\/uploads\/2022\/05\/cropped-logo_n.png","width":552,"height":552,"caption":"Surfeando Sonrisas"},"image":{"@id":"https:\/\/surfeandosonrisas.org\/#\/schema\/logo\/image\/"}}]}},"_links":{"self":[{"href":"https:\/\/surfeandosonrisas.org\/en\/wp-json\/wp\/v2\/product\/991648","targetHints":{"allow":["GET"]}}],"collection":[{"href":"https:\/\/surfeandosonrisas.org\/en\/wp-json\/wp\/v2\/product"}],"about":[{"href":"https:\/\/surfeandosonrisas.org\/en\/wp-json\/wp\/v2\/types\/product"}],"replies":[{"embeddable":true,"href":"https:\/\/surfeandosonrisas.org\/en\/wp-json\/wp\/v2\/comments?post=991648"}],"version-history":[{"count":2,"href":"https:\/\/surfeandosonrisas.org\/en\/wp-json\/wp\/v2\/product\/991648\/revisions"}],"predecessor-version":[{"id":993014,"href":"https:\/\/surfeandosonrisas.org\/en\/wp-json\/wp\/v2\/product\/991648\/revisions\/993014"}],"wp:featuredmedia":[{"embeddable":true,"href":"https:\/\/surfeandosonrisas.org\/en\/wp-json\/wp\/v2\/media\/991712"}],"wp:attachment":[{"href":"https:\/\/surfeandosonrisas.org\/en\/wp-json\/wp\/v2\/media?parent=991648"}],"wp:term":[{"taxonomy":"product_cat","embeddable":true,"href":"https:\/\/surfeandosonrisas.org\/en\/wp-json\/wp\/v2\/product_cat?post=991648"},{"taxonomy":"product_tag","embeddable":true,"href":"https:\/\/surfeandosonrisas.org\/en\/wp-json\/wp\/v2\/product_tag?post=991648"}],"curies":[{"name":"wp","href":"https:\/\/api.w.org\/{rel}","templated":true}]}}