{"id":991649,"date":"2022-04-27T21:19:09","date_gmt":"2022-04-27T21:19:09","guid":{"rendered":"https:\/\/surfeandosonrisas.fireworks.studio\/?post_type=product&#038;p=991649"},"modified":"2022-06-01T19:04:37","modified_gmt":"2022-06-02T00:04:37","slug":"tabla-de-surf-hard-top","status":"publish","type":"product","link":"https:\/\/surfeandosonrisas.org\/en\/product\/tabla-de-surf-hard-top\/","title":{"rendered":"Surfboard (hard-top)"},"content":{"rendered":"","protected":false},"excerpt":{"rendered":"<p>Hard surface boards greater than 8 feet.<\/p>\n<p>To which adaptations will be made, such as handles on the sides for the safety of children and to facilitate handling by volunteers.<\/p>","protected":false},"featured_media":991702,"comment_status":"closed","ping_status":"closed","template":"","meta":{"give_campaign_id":0},"product_brand":[],"product_cat":[63],"product_tag":[68],"class_list":{"0":"post-991649","1":"product","2":"type-product","3":"status-publish","4":"has-post-thumbnail","6":"product_cat-donaciones","7":"product_tag-tabla-de-surf","9":"first","10":"instock","11":"virtual","12":"purchasable","13":"product-type-simple"},"yoast_head":"<!-- This site is optimized with the Yoast SEO plugin v27.4 - https:\/\/yoast.com\/product\/yoast-seo-wordpress\/ -->\n<title>Tabla de surf (hard-top) - Surfeando Sonrisas<\/title>\n<meta name=\"robots\" content=\"index, follow, max-snippet:-1, max-image-preview:large, max-video-preview:-1\" \/>\n<link rel=\"canonical\" href=\"https:\/\/surfeandosonrisas.org\/en\/product\/tabla-de-surf-hard-top\/\" \/>\n<meta property=\"og:locale\" content=\"en_US\" \/>\n<meta property=\"og:type\" content=\"article\" \/>\n<meta property=\"og:title\" content=\"Tabla de surf (hard-top) - Surfeando Sonrisas\" \/>\n<meta property=\"og:description\" content=\"Tablas de superficie dura con una medida superior a los 8 pies.  A las cuales se le har\u00e1n adaptaciones, tales como agarraderas en los costados para seguridad de los ni\u00f1os y facilitar \u00e9l manejo a los voluntarios.\" \/>\n<meta property=\"og:url\" content=\"https:\/\/surfeandosonrisas.org\/en\/product\/tabla-de-surf-hard-top\/\" \/>\n<meta property=\"og:site_name\" content=\"Surfeando Sonrisas\" \/>\n<meta property=\"article:modified_time\" content=\"2022-06-02T00:04:37+00:00\" \/>\n<meta property=\"og:image\" content=\"https:\/\/surfeandosonrisas.org\/wp-content\/uploads\/2022\/04\/Group-371.png\" \/>\n\t<meta property=\"og:image:width\" content=\"316\" \/>\n\t<meta property=\"og:image:height\" content=\"198\" \/>\n\t<meta property=\"og:image:type\" content=\"image\/png\" \/>\n<meta name=\"twitter:card\" content=\"summary_large_image\" \/>\n<script type=\"application\/ld+json\" class=\"yoast-schema-graph\">{\"@context\":\"https:\\\/\\\/schema.org\",\"@graph\":[{\"@type\":\"WebPage\",\"@id\":\"https:\\\/\\\/surfeandosonrisas.org\\\/product\\\/tabla-de-surf-hard-top\\\/\",\"url\":\"https:\\\/\\\/surfeandosonrisas.org\\\/product\\\/tabla-de-surf-hard-top\\\/\",\"name\":\"Tabla de surf (hard-top) - Surfeando Sonrisas\",\"isPartOf\":{\"@id\":\"https:\\\/\\\/surfeandosonrisas.org\\\/#website\"},\"primaryImageOfPage\":{\"@id\":\"https:\\\/\\\/surfeandosonrisas.org\\\/product\\\/tabla-de-surf-hard-top\\\/#primaryimage\"},\"image\":{\"@id\":\"https:\\\/\\\/surfeandosonrisas.org\\\/product\\\/tabla-de-surf-hard-top\\\/#primaryimage\"},\"thumbnailUrl\":\"https:\\\/\\\/surfeandosonrisas.org\\\/wp-content\\\/uploads\\\/2022\\\/04\\\/Group-371.png\",\"datePublished\":\"2022-04-27T21:19:09+00:00\",\"dateModified\":\"2022-06-02T00:04:37+00:00\",\"breadcrumb\":{\"@id\":\"https:\\\/\\\/surfeandosonrisas.org\\\/product\\\/tabla-de-surf-hard-top\\\/#breadcrumb\"},\"inLanguage\":\"en-US\",\"potentialAction\":[{\"@type\":\"ReadAction\",\"target\":[\"https:\\\/\\\/surfeandosonrisas.org\\\/product\\\/tabla-de-surf-hard-top\\\/\"]}]},{\"@type\":\"ImageObject\",\"inLanguage\":\"en-US\",\"@id\":\"https:\\\/\\\/surfeandosonrisas.org\\\/product\\\/tabla-de-surf-hard-top\\\/#primaryimage\",\"url\":\"https:\\\/\\\/surfeandosonrisas.org\\\/wp-content\\\/uploads\\\/2022\\\/04\\\/Group-371.png\",\"contentUrl\":\"https:\\\/\\\/surfeandosonrisas.org\\\/wp-content\\\/uploads\\\/2022\\\/04\\\/Group-371.png\",\"width\":316,\"height\":198},{\"@type\":\"BreadcrumbList\",\"@id\":\"https:\\\/\\\/surfeandosonrisas.org\\\/product\\\/tabla-de-surf-hard-top\\\/#breadcrumb\",\"itemListElement\":[{\"@type\":\"ListItem\",\"position\":1,\"name\":\"Portada\",\"item\":\"https:\\\/\\\/surfeandosonrisas.org\\\/\"},{\"@type\":\"ListItem\",\"position\":2,\"name\":\"Tienda\",\"item\":\"https:\\\/\\\/surfeandosonrisas.org\\\/tienda\\\/\"},{\"@type\":\"ListItem\",\"position\":3,\"name\":\"Tabla de surf (hard-top)\"}]},{\"@type\":\"WebSite\",\"@id\":\"https:\\\/\\\/surfeandosonrisas.org\\\/#website\",\"url\":\"https:\\\/\\\/surfeandosonrisas.org\\\/\",\"name\":\"Surfeando Sonrisas\",\"description\":\"Es un proyecto sin fines de lucro, dedicado a mejorar la calidad de Personas con Discapacidad (PcD) a trav\u00e9s de la practica de surf\",\"publisher\":{\"@id\":\"https:\\\/\\\/surfeandosonrisas.org\\\/#organization\"},\"potentialAction\":[{\"@type\":\"SearchAction\",\"target\":{\"@type\":\"EntryPoint\",\"urlTemplate\":\"https:\\\/\\\/surfeandosonrisas.org\\\/?s={search_term_string}\"},\"query-input\":{\"@type\":\"PropertyValueSpecification\",\"valueRequired\":true,\"valueName\":\"search_term_string\"}}],\"inLanguage\":\"en-US\"},{\"@type\":\"Organization\",\"@id\":\"https:\\\/\\\/surfeandosonrisas.org\\\/#organization\",\"name\":\"Surfeando Sonrisas\",\"url\":\"https:\\\/\\\/surfeandosonrisas.org\\\/\",\"logo\":{\"@type\":\"ImageObject\",\"inLanguage\":\"en-US\",\"@id\":\"https:\\\/\\\/surfeandosonrisas.org\\\/#\\\/schema\\\/logo\\\/image\\\/\",\"url\":\"https:\\\/\\\/surfeandosonrisas.org\\\/wp-content\\\/uploads\\\/2022\\\/05\\\/cropped-logo_n.png\",\"contentUrl\":\"https:\\\/\\\/surfeandosonrisas.org\\\/wp-content\\\/uploads\\\/2022\\\/05\\\/cropped-logo_n.png\",\"width\":552,\"height\":552,\"caption\":\"Surfeando Sonrisas\"},\"image\":{\"@id\":\"https:\\\/\\\/surfeandosonrisas.org\\\/#\\\/schema\\\/logo\\\/image\\\/\"}}]}<\/script>\n<!-- \/ Yoast SEO plugin. -->","yoast_head_json":{"title":"Tabla de surf (hard-top) - Surfeando Sonrisas","robots":{"index":"index","follow":"follow","max-snippet":"max-snippet:-1","max-image-preview":"max-image-preview:large","max-video-preview":"max-video-preview:-1"},"canonical":"https:\/\/surfeandosonrisas.org\/en\/product\/tabla-de-surf-hard-top\/","og_locale":"en_US","og_type":"article","og_title":"Tabla de surf (hard-top) - Surfeando Sonrisas","og_description":"Tablas de superficie dura con una medida superior a los 8 pies.  A las cuales se le har\u00e1n adaptaciones, tales como agarraderas en los costados para seguridad de los ni\u00f1os y facilitar \u00e9l manejo a los voluntarios.","og_url":"https:\/\/surfeandosonrisas.org\/en\/product\/tabla-de-surf-hard-top\/","og_site_name":"Surfeando Sonrisas","article_modified_time":"2022-06-02T00:04:37+00:00","og_image":[{"width":316,"height":198,"url":"https:\/\/surfeandosonrisas.org\/wp-content\/uploads\/2022\/04\/Group-371.png","type":"image\/png"}],"twitter_card":"summary_large_image","schema":{"@context":"https:\/\/schema.org","@graph":[{"@type":"WebPage","@id":"https:\/\/surfeandosonrisas.org\/product\/tabla-de-surf-hard-top\/","url":"https:\/\/surfeandosonrisas.org\/product\/tabla-de-surf-hard-top\/","name":"Tabla de surf (hard-top) - Surfeando Sonrisas","isPartOf":{"@id":"https:\/\/surfeandosonrisas.org\/#website"},"primaryImageOfPage":{"@id":"https:\/\/surfeandosonrisas.org\/product\/tabla-de-surf-hard-top\/#primaryimage"},"image":{"@id":"https:\/\/surfeandosonrisas.org\/product\/tabla-de-surf-hard-top\/#primaryimage"},"thumbnailUrl":"https:\/\/surfeandosonrisas.org\/wp-content\/uploads\/2022\/04\/Group-371.png","datePublished":"2022-04-27T21:19:09+00:00","dateModified":"2022-06-02T00:04:37+00:00","breadcrumb":{"@id":"https:\/\/surfeandosonrisas.org\/product\/tabla-de-surf-hard-top\/#breadcrumb"},"inLanguage":"en-US","potentialAction":[{"@type":"ReadAction","target":["https:\/\/surfeandosonrisas.org\/product\/tabla-de-surf-hard-top\/"]}]},{"@type":"ImageObject","inLanguage":"en-US","@id":"https:\/\/surfeandosonrisas.org\/product\/tabla-de-surf-hard-top\/#primaryimage","url":"https:\/\/surfeandosonrisas.org\/wp-content\/uploads\/2022\/04\/Group-371.png","contentUrl":"https:\/\/surfeandosonrisas.org\/wp-content\/uploads\/2022\/04\/Group-371.png","width":316,"height":198},{"@type":"BreadcrumbList","@id":"https:\/\/surfeandosonrisas.org\/product\/tabla-de-surf-hard-top\/#breadcrumb","itemListElement":[{"@type":"ListItem","position":1,"name":"Portada","item":"https:\/\/surfeandosonrisas.org\/"},{"@type":"ListItem","position":2,"name":"Tienda","item":"https:\/\/surfeandosonrisas.org\/tienda\/"},{"@type":"ListItem","position":3,"name":"Tabla de surf (hard-top)"}]},{"@type":"WebSite","@id":"https:\/\/surfeandosonrisas.org\/#website","url":"https:\/\/surfeandosonrisas.org\/","name":"Surfing Smiles","description":"It is a non-profit project, dedicated to improving the quality of People with Disabilities (PwD) through the practice of surfing.","publisher":{"@id":"https:\/\/surfeandosonrisas.org\/#organization"},"potentialAction":[{"@type":"SearchAction","target":{"@type":"EntryPoint","urlTemplate":"https:\/\/surfeandosonrisas.org\/?s={search_term_string}"},"query-input":{"@type":"PropertyValueSpecification","valueRequired":true,"valueName":"search_term_string"}}],"inLanguage":"en-US"},{"@type":"Organization","@id":"https:\/\/surfeandosonrisas.org\/#organization","name":"Surfing Smiles","url":"https:\/\/surfeandosonrisas.org\/","logo":{"@type":"ImageObject","inLanguage":"en-US","@id":"https:\/\/surfeandosonrisas.org\/#\/schema\/logo\/image\/","url":"https:\/\/surfeandosonrisas.org\/wp-content\/uploads\/2022\/05\/cropped-logo_n.png","contentUrl":"https:\/\/surfeandosonrisas.org\/wp-content\/uploads\/2022\/05\/cropped-logo_n.png","width":552,"height":552,"caption":"Surfeando Sonrisas"},"image":{"@id":"https:\/\/surfeandosonrisas.org\/#\/schema\/logo\/image\/"}}]}},"_links":{"self":[{"href":"https:\/\/surfeandosonrisas.org\/en\/wp-json\/wp\/v2\/product\/991649","targetHints":{"allow":["GET"]}}],"collection":[{"href":"https:\/\/surfeandosonrisas.org\/en\/wp-json\/wp\/v2\/product"}],"about":[{"href":"https:\/\/surfeandosonrisas.org\/en\/wp-json\/wp\/v2\/types\/product"}],"replies":[{"embeddable":true,"href":"https:\/\/surfeandosonrisas.org\/en\/wp-json\/wp\/v2\/comments?post=991649"}],"version-history":[{"count":2,"href":"https:\/\/surfeandosonrisas.org\/en\/wp-json\/wp\/v2\/product\/991649\/revisions"}],"predecessor-version":[{"id":993016,"href":"https:\/\/surfeandosonrisas.org\/en\/wp-json\/wp\/v2\/product\/991649\/revisions\/993016"}],"wp:featuredmedia":[{"embeddable":true,"href":"https:\/\/surfeandosonrisas.org\/en\/wp-json\/wp\/v2\/media\/991702"}],"wp:attachment":[{"href":"https:\/\/surfeandosonrisas.org\/en\/wp-json\/wp\/v2\/media?parent=991649"}],"wp:term":[{"taxonomy":"product_brand","embeddable":true,"href":"https:\/\/surfeandosonrisas.org\/en\/wp-json\/wp\/v2\/product_brand?post=991649"},{"taxonomy":"product_cat","embeddable":true,"href":"https:\/\/surfeandosonrisas.org\/en\/wp-json\/wp\/v2\/product_cat?post=991649"},{"taxonomy":"product_tag","embeddable":true,"href":"https:\/\/surfeandosonrisas.org\/en\/wp-json\/wp\/v2\/product_tag?post=991649"}],"curies":[{"name":"wp","href":"https:\/\/api.w.org\/{rel}","templated":true}]}}