{"id":991657,"date":"2022-04-27T21:19:10","date_gmt":"2022-04-27T21:19:10","guid":{"rendered":"https:\/\/surfeandosonrisas.fireworks.studio\/?post_type=product&#038;p=991657"},"modified":"2022-06-01T19:01:46","modified_gmt":"2022-06-02T00:01:46","slug":"kayak-doble-inflable","status":"publish","type":"product","link":"https:\/\/surfeandosonrisas.org\/en\/product\/kayak-doble-inflable\/","title":{"rendered":"inflatable double kayak"},"content":{"rendered":"","protected":false},"excerpt":{"rendered":"<p>Complete with all accessories, 2 oars, 2 seats, double action pump.<\/p>\n<p>Heavy-duty PVC canvas bottom provides durable protection 14-inch double-threaded Boston valves are guaranteed not to leak.<\/p>","protected":false},"featured_media":991740,"comment_status":"closed","ping_status":"closed","template":"","meta":[],"product_cat":[63],"product_tag":[92],"class_list":{"0":"post-991657","1":"product","2":"type-product","3":"status-publish","4":"has-post-thumbnail","6":"product_cat-donaciones","7":"product_tag-kayak","9":"first","10":"instock","11":"virtual","12":"purchasable","13":"product-type-simple"},"yoast_head":"<!-- This site is optimized with the Yoast SEO plugin v22.9 - https:\/\/yoast.com\/wordpress\/plugins\/seo\/ -->\n<title>Kayak doble inflable - Surfeando Sonrisas<\/title>\n<meta name=\"robots\" content=\"index, follow, max-snippet:-1, max-image-preview:large, max-video-preview:-1\" \/>\n<link rel=\"canonical\" href=\"https:\/\/surfeandosonrisas.org\/en\/product\/kayak-doble-inflable\/\" \/>\n<meta property=\"og:locale\" content=\"en_US\" \/>\n<meta property=\"og:type\" content=\"article\" \/>\n<meta property=\"og:title\" content=\"Kayak doble inflable - Surfeando Sonrisas\" \/>\n<meta property=\"og:description\" content=\"Completo con todos los accesorios, 2 Remos, 2 asientos, bomba de doble acci\u00f3n.  PVC de alta resistencia inferior de lona proporciona protecci\u00f3n duradera de 14 pulgadas, con rosca doble Boston v\u00e1lvulas est\u00e1n garantizados para no fugas.\" \/>\n<meta property=\"og:url\" content=\"https:\/\/surfeandosonrisas.org\/en\/product\/kayak-doble-inflable\/\" \/>\n<meta property=\"og:site_name\" content=\"Surfeando Sonrisas\" \/>\n<meta property=\"article:modified_time\" content=\"2022-06-02T00:01:46+00:00\" \/>\n<meta property=\"og:image\" content=\"https:\/\/surfeandosonrisas.org\/wp-content\/uploads\/2022\/04\/kayak.jpg\" \/>\n\t<meta property=\"og:image:width\" content=\"1280\" \/>\n\t<meta property=\"og:image:height\" content=\"960\" \/>\n\t<meta property=\"og:image:type\" content=\"image\/jpeg\" \/>\n<meta name=\"twitter:card\" content=\"summary_large_image\" \/>\n<script type=\"application\/ld+json\" class=\"yoast-schema-graph\">{\"@context\":\"https:\/\/schema.org\",\"@graph\":[{\"@type\":\"WebPage\",\"@id\":\"https:\/\/surfeandosonrisas.org\/product\/kayak-doble-inflable\/\",\"url\":\"https:\/\/surfeandosonrisas.org\/product\/kayak-doble-inflable\/\",\"name\":\"Kayak doble inflable - Surfeando Sonrisas\",\"isPartOf\":{\"@id\":\"https:\/\/surfeandosonrisas.org\/#website\"},\"primaryImageOfPage\":{\"@id\":\"https:\/\/surfeandosonrisas.org\/product\/kayak-doble-inflable\/#primaryimage\"},\"image\":{\"@id\":\"https:\/\/surfeandosonrisas.org\/product\/kayak-doble-inflable\/#primaryimage\"},\"thumbnailUrl\":\"https:\/\/surfeandosonrisas.org\/wp-content\/uploads\/2022\/04\/kayak.jpg\",\"datePublished\":\"2022-04-27T21:19:10+00:00\",\"dateModified\":\"2022-06-02T00:01:46+00:00\",\"breadcrumb\":{\"@id\":\"https:\/\/surfeandosonrisas.org\/product\/kayak-doble-inflable\/#breadcrumb\"},\"inLanguage\":\"en-US\",\"potentialAction\":[{\"@type\":\"ReadAction\",\"target\":[\"https:\/\/surfeandosonrisas.org\/product\/kayak-doble-inflable\/\"]}]},{\"@type\":\"ImageObject\",\"inLanguage\":\"en-US\",\"@id\":\"https:\/\/surfeandosonrisas.org\/product\/kayak-doble-inflable\/#primaryimage\",\"url\":\"https:\/\/surfeandosonrisas.org\/wp-content\/uploads\/2022\/04\/kayak.jpg\",\"contentUrl\":\"https:\/\/surfeandosonrisas.org\/wp-content\/uploads\/2022\/04\/kayak.jpg\",\"width\":1280,\"height\":960},{\"@type\":\"BreadcrumbList\",\"@id\":\"https:\/\/surfeandosonrisas.org\/product\/kayak-doble-inflable\/#breadcrumb\",\"itemListElement\":[{\"@type\":\"ListItem\",\"position\":1,\"name\":\"Portada\",\"item\":\"https:\/\/surfeandosonrisas.org\/\"},{\"@type\":\"ListItem\",\"position\":2,\"name\":\"Tienda\",\"item\":\"https:\/\/surfeandosonrisas.org\/tienda\/\"},{\"@type\":\"ListItem\",\"position\":3,\"name\":\"Kayak doble inflable\"}]},{\"@type\":\"WebSite\",\"@id\":\"https:\/\/surfeandosonrisas.org\/#website\",\"url\":\"https:\/\/surfeandosonrisas.org\/\",\"name\":\"Surfeando Sonrisas\",\"description\":\"Es un proyecto sin fines de lucro, dedicado a mejorar la calidad de Personas con Discapacidad (PcD) a trav\u00e9s de la practica de surf\",\"publisher\":{\"@id\":\"https:\/\/surfeandosonrisas.org\/#organization\"},\"potentialAction\":[{\"@type\":\"SearchAction\",\"target\":{\"@type\":\"EntryPoint\",\"urlTemplate\":\"https:\/\/surfeandosonrisas.org\/?s={search_term_string}\"},\"query-input\":\"required name=search_term_string\"}],\"inLanguage\":\"en-US\"},{\"@type\":\"Organization\",\"@id\":\"https:\/\/surfeandosonrisas.org\/#organization\",\"name\":\"Surfeando Sonrisas\",\"url\":\"https:\/\/surfeandosonrisas.org\/\",\"logo\":{\"@type\":\"ImageObject\",\"inLanguage\":\"en-US\",\"@id\":\"https:\/\/surfeandosonrisas.org\/#\/schema\/logo\/image\/\",\"url\":\"https:\/\/surfeandosonrisas.org\/wp-content\/uploads\/2022\/05\/cropped-logo_n.png\",\"contentUrl\":\"https:\/\/surfeandosonrisas.org\/wp-content\/uploads\/2022\/05\/cropped-logo_n.png\",\"width\":552,\"height\":552,\"caption\":\"Surfeando Sonrisas\"},\"image\":{\"@id\":\"https:\/\/surfeandosonrisas.org\/#\/schema\/logo\/image\/\"}}]}<\/script>\n<!-- \/ Yoast SEO plugin. -->","yoast_head_json":{"title":"Kayak doble inflable - Surfeando Sonrisas","robots":{"index":"index","follow":"follow","max-snippet":"max-snippet:-1","max-image-preview":"max-image-preview:large","max-video-preview":"max-video-preview:-1"},"canonical":"https:\/\/surfeandosonrisas.org\/en\/product\/kayak-doble-inflable\/","og_locale":"en_US","og_type":"article","og_title":"Kayak doble inflable - Surfeando Sonrisas","og_description":"Completo con todos los accesorios, 2 Remos, 2 asientos, bomba de doble acci\u00f3n.  PVC de alta resistencia inferior de lona proporciona protecci\u00f3n duradera de 14 pulgadas, con rosca doble Boston v\u00e1lvulas est\u00e1n garantizados para no fugas.","og_url":"https:\/\/surfeandosonrisas.org\/en\/product\/kayak-doble-inflable\/","og_site_name":"Surfeando Sonrisas","article_modified_time":"2022-06-02T00:01:46+00:00","og_image":[{"width":1280,"height":960,"url":"https:\/\/surfeandosonrisas.org\/wp-content\/uploads\/2022\/04\/kayak.jpg","type":"image\/jpeg"}],"twitter_card":"summary_large_image","schema":{"@context":"https:\/\/schema.org","@graph":[{"@type":"WebPage","@id":"https:\/\/surfeandosonrisas.org\/product\/kayak-doble-inflable\/","url":"https:\/\/surfeandosonrisas.org\/product\/kayak-doble-inflable\/","name":"Kayak doble inflable - Surfeando Sonrisas","isPartOf":{"@id":"https:\/\/surfeandosonrisas.org\/#website"},"primaryImageOfPage":{"@id":"https:\/\/surfeandosonrisas.org\/product\/kayak-doble-inflable\/#primaryimage"},"image":{"@id":"https:\/\/surfeandosonrisas.org\/product\/kayak-doble-inflable\/#primaryimage"},"thumbnailUrl":"https:\/\/surfeandosonrisas.org\/wp-content\/uploads\/2022\/04\/kayak.jpg","datePublished":"2022-04-27T21:19:10+00:00","dateModified":"2022-06-02T00:01:46+00:00","breadcrumb":{"@id":"https:\/\/surfeandosonrisas.org\/product\/kayak-doble-inflable\/#breadcrumb"},"inLanguage":"en-US","potentialAction":[{"@type":"ReadAction","target":["https:\/\/surfeandosonrisas.org\/product\/kayak-doble-inflable\/"]}]},{"@type":"ImageObject","inLanguage":"en-US","@id":"https:\/\/surfeandosonrisas.org\/product\/kayak-doble-inflable\/#primaryimage","url":"https:\/\/surfeandosonrisas.org\/wp-content\/uploads\/2022\/04\/kayak.jpg","contentUrl":"https:\/\/surfeandosonrisas.org\/wp-content\/uploads\/2022\/04\/kayak.jpg","width":1280,"height":960},{"@type":"BreadcrumbList","@id":"https:\/\/surfeandosonrisas.org\/product\/kayak-doble-inflable\/#breadcrumb","itemListElement":[{"@type":"ListItem","position":1,"name":"Portada","item":"https:\/\/surfeandosonrisas.org\/"},{"@type":"ListItem","position":2,"name":"Tienda","item":"https:\/\/surfeandosonrisas.org\/tienda\/"},{"@type":"ListItem","position":3,"name":"Kayak doble inflable"}]},{"@type":"WebSite","@id":"https:\/\/surfeandosonrisas.org\/#website","url":"https:\/\/surfeandosonrisas.org\/","name":"Surfeando Sonrisas","description":"Es un proyecto sin fines de lucro, dedicado a mejorar la calidad de Personas con Discapacidad (PcD) a trav\u00e9s de la practica de surf","publisher":{"@id":"https:\/\/surfeandosonrisas.org\/#organization"},"potentialAction":[{"@type":"SearchAction","target":{"@type":"EntryPoint","urlTemplate":"https:\/\/surfeandosonrisas.org\/?s={search_term_string}"},"query-input":"required name=search_term_string"}],"inLanguage":"en-US"},{"@type":"Organization","@id":"https:\/\/surfeandosonrisas.org\/#organization","name":"Surfeando Sonrisas","url":"https:\/\/surfeandosonrisas.org\/","logo":{"@type":"ImageObject","inLanguage":"en-US","@id":"https:\/\/surfeandosonrisas.org\/#\/schema\/logo\/image\/","url":"https:\/\/surfeandosonrisas.org\/wp-content\/uploads\/2022\/05\/cropped-logo_n.png","contentUrl":"https:\/\/surfeandosonrisas.org\/wp-content\/uploads\/2022\/05\/cropped-logo_n.png","width":552,"height":552,"caption":"Surfeando Sonrisas"},"image":{"@id":"https:\/\/surfeandosonrisas.org\/#\/schema\/logo\/image\/"}}]}},"_links":{"self":[{"href":"https:\/\/surfeandosonrisas.org\/en\/wp-json\/wp\/v2\/product\/991657","targetHints":{"allow":["GET"]}}],"collection":[{"href":"https:\/\/surfeandosonrisas.org\/en\/wp-json\/wp\/v2\/product"}],"about":[{"href":"https:\/\/surfeandosonrisas.org\/en\/wp-json\/wp\/v2\/types\/product"}],"replies":[{"embeddable":true,"href":"https:\/\/surfeandosonrisas.org\/en\/wp-json\/wp\/v2\/comments?post=991657"}],"version-history":[{"count":3,"href":"https:\/\/surfeandosonrisas.org\/en\/wp-json\/wp\/v2\/product\/991657\/revisions"}],"predecessor-version":[{"id":993308,"href":"https:\/\/surfeandosonrisas.org\/en\/wp-json\/wp\/v2\/product\/991657\/revisions\/993308"}],"wp:featuredmedia":[{"embeddable":true,"href":"https:\/\/surfeandosonrisas.org\/en\/wp-json\/wp\/v2\/media\/991740"}],"wp:attachment":[{"href":"https:\/\/surfeandosonrisas.org\/en\/wp-json\/wp\/v2\/media?parent=991657"}],"wp:term":[{"taxonomy":"product_cat","embeddable":true,"href":"https:\/\/surfeandosonrisas.org\/en\/wp-json\/wp\/v2\/product_cat?post=991657"},{"taxonomy":"product_tag","embeddable":true,"href":"https:\/\/surfeandosonrisas.org\/en\/wp-json\/wp\/v2\/product_tag?post=991657"}],"curies":[{"name":"wp","href":"https:\/\/api.w.org\/{rel}","templated":true}]}}