{"id":991659,"date":"2022-04-27T21:19:10","date_gmt":"2022-04-27T21:19:10","guid":{"rendered":"https:\/\/surfeandosonrisas.fireworks.studio\/?post_type=product&#038;p=991659"},"modified":"2022-05-23T23:50:26","modified_gmt":"2022-05-23T23:50:26","slug":"wakeboard-adaptado","status":"publish","type":"product","link":"https:\/\/surfeandosonrisas.org\/en\/product\/wakeboard-adaptado\/","title":{"rendered":"adapted wakeboarding"},"content":{"rendered":"","protected":false},"excerpt":{"rendered":"<p>People with disabilities also want to continue to feel free and practice other water sports.<\/p>\n<p>Skiing wakeboarding is one of the easier options and it is very simple.<\/p>\n<p>Only a conventional wakeboard is required to which a cushioned carbon fiber saddle is installed with a stainless steel base and secured to the wakeboard.<\/p>","protected":false},"featured_media":991744,"comment_status":"closed","ping_status":"closed","template":"","meta":[],"product_cat":[63],"product_tag":[93],"class_list":{"0":"post-991659","1":"product","2":"type-product","3":"status-publish","4":"has-post-thumbnail","6":"product_cat-donaciones","7":"product_tag-wakeboard","9":"first","10":"instock","11":"virtual","12":"purchasable","13":"product-type-simple"},"yoast_head":"<!-- This site is optimized with the Yoast SEO plugin v22.9 - https:\/\/yoast.com\/wordpress\/plugins\/seo\/ -->\n<title>Wakeboard adaptado - Surfeando Sonrisas<\/title>\n<meta name=\"robots\" content=\"index, follow, max-snippet:-1, max-image-preview:large, max-video-preview:-1\" \/>\n<link rel=\"canonical\" href=\"https:\/\/surfeandosonrisas.org\/en\/product\/wakeboard-adaptado\/\" \/>\n<meta property=\"og:locale\" content=\"en_US\" \/>\n<meta property=\"og:type\" content=\"article\" \/>\n<meta property=\"og:title\" content=\"Wakeboard adaptado - Surfeando Sonrisas\" \/>\n<meta property=\"og:description\" content=\"Las personas con discapacidad tambi\u00e9n quieren seguir sinti\u00e9ndose libres y practicar otros deportes acu\u00e1ticos.  Esquiar en wakeboard es una de las opciones m\u00e1s f\u00e1ciles y es muy sencillo.  \u00danicamente se requiere un wakeboard convencional al cual se le instala una silla de fibra de carbono con acolchonamiento con una base de acero inoxidable y asegurada al wakeboard.\" \/>\n<meta property=\"og:url\" content=\"https:\/\/surfeandosonrisas.org\/en\/product\/wakeboard-adaptado\/\" \/>\n<meta property=\"og:site_name\" content=\"Surfeando Sonrisas\" \/>\n<meta property=\"article:modified_time\" content=\"2022-05-23T23:50:26+00:00\" \/>\n<meta property=\"og:image\" content=\"https:\/\/surfeandosonrisas.org\/wp-content\/uploads\/2022\/04\/8.jpg\" \/>\n\t<meta property=\"og:image:width\" content=\"1280\" \/>\n\t<meta property=\"og:image:height\" content=\"960\" \/>\n\t<meta property=\"og:image:type\" content=\"image\/jpeg\" \/>\n<meta name=\"twitter:card\" content=\"summary_large_image\" \/>\n<script type=\"application\/ld+json\" class=\"yoast-schema-graph\">{\"@context\":\"https:\/\/schema.org\",\"@graph\":[{\"@type\":\"WebPage\",\"@id\":\"https:\/\/surfeandosonrisas.org\/product\/wakeboard-adaptado\/\",\"url\":\"https:\/\/surfeandosonrisas.org\/product\/wakeboard-adaptado\/\",\"name\":\"Wakeboard adaptado - Surfeando Sonrisas\",\"isPartOf\":{\"@id\":\"https:\/\/surfeandosonrisas.org\/#website\"},\"primaryImageOfPage\":{\"@id\":\"https:\/\/surfeandosonrisas.org\/product\/wakeboard-adaptado\/#primaryimage\"},\"image\":{\"@id\":\"https:\/\/surfeandosonrisas.org\/product\/wakeboard-adaptado\/#primaryimage\"},\"thumbnailUrl\":\"https:\/\/surfeandosonrisas.org\/wp-content\/uploads\/2022\/04\/8.jpg\",\"datePublished\":\"2022-04-27T21:19:10+00:00\",\"dateModified\":\"2022-05-23T23:50:26+00:00\",\"breadcrumb\":{\"@id\":\"https:\/\/surfeandosonrisas.org\/product\/wakeboard-adaptado\/#breadcrumb\"},\"inLanguage\":\"en-US\",\"potentialAction\":[{\"@type\":\"ReadAction\",\"target\":[\"https:\/\/surfeandosonrisas.org\/product\/wakeboard-adaptado\/\"]}]},{\"@type\":\"ImageObject\",\"inLanguage\":\"en-US\",\"@id\":\"https:\/\/surfeandosonrisas.org\/product\/wakeboard-adaptado\/#primaryimage\",\"url\":\"https:\/\/surfeandosonrisas.org\/wp-content\/uploads\/2022\/04\/8.jpg\",\"contentUrl\":\"https:\/\/surfeandosonrisas.org\/wp-content\/uploads\/2022\/04\/8.jpg\",\"width\":1280,\"height\":960},{\"@type\":\"BreadcrumbList\",\"@id\":\"https:\/\/surfeandosonrisas.org\/product\/wakeboard-adaptado\/#breadcrumb\",\"itemListElement\":[{\"@type\":\"ListItem\",\"position\":1,\"name\":\"Portada\",\"item\":\"https:\/\/surfeandosonrisas.org\/\"},{\"@type\":\"ListItem\",\"position\":2,\"name\":\"Tienda\",\"item\":\"https:\/\/surfeandosonrisas.org\/tienda\/\"},{\"@type\":\"ListItem\",\"position\":3,\"name\":\"Wakeboard adaptado\"}]},{\"@type\":\"WebSite\",\"@id\":\"https:\/\/surfeandosonrisas.org\/#website\",\"url\":\"https:\/\/surfeandosonrisas.org\/\",\"name\":\"Surfeando Sonrisas\",\"description\":\"Es un proyecto sin fines de lucro, dedicado a mejorar la calidad de Personas con Discapacidad (PcD) a trav\u00e9s de la practica de surf\",\"publisher\":{\"@id\":\"https:\/\/surfeandosonrisas.org\/#organization\"},\"potentialAction\":[{\"@type\":\"SearchAction\",\"target\":{\"@type\":\"EntryPoint\",\"urlTemplate\":\"https:\/\/surfeandosonrisas.org\/?s={search_term_string}\"},\"query-input\":\"required name=search_term_string\"}],\"inLanguage\":\"en-US\"},{\"@type\":\"Organization\",\"@id\":\"https:\/\/surfeandosonrisas.org\/#organization\",\"name\":\"Surfeando Sonrisas\",\"url\":\"https:\/\/surfeandosonrisas.org\/\",\"logo\":{\"@type\":\"ImageObject\",\"inLanguage\":\"en-US\",\"@id\":\"https:\/\/surfeandosonrisas.org\/#\/schema\/logo\/image\/\",\"url\":\"https:\/\/surfeandosonrisas.org\/wp-content\/uploads\/2022\/05\/cropped-logo_n.png\",\"contentUrl\":\"https:\/\/surfeandosonrisas.org\/wp-content\/uploads\/2022\/05\/cropped-logo_n.png\",\"width\":552,\"height\":552,\"caption\":\"Surfeando Sonrisas\"},\"image\":{\"@id\":\"https:\/\/surfeandosonrisas.org\/#\/schema\/logo\/image\/\"}}]}<\/script>\n<!-- \/ Yoast SEO plugin. -->","yoast_head_json":{"title":"Wakeboard adaptado - Surfeando Sonrisas","robots":{"index":"index","follow":"follow","max-snippet":"max-snippet:-1","max-image-preview":"max-image-preview:large","max-video-preview":"max-video-preview:-1"},"canonical":"https:\/\/surfeandosonrisas.org\/en\/product\/wakeboard-adaptado\/","og_locale":"en_US","og_type":"article","og_title":"Wakeboard adaptado - Surfeando Sonrisas","og_description":"Las personas con discapacidad tambi\u00e9n quieren seguir sinti\u00e9ndose libres y practicar otros deportes acu\u00e1ticos.  Esquiar en wakeboard es una de las opciones m\u00e1s f\u00e1ciles y es muy sencillo.  \u00danicamente se requiere un wakeboard convencional al cual se le instala una silla de fibra de carbono con acolchonamiento con una base de acero inoxidable y asegurada al wakeboard.","og_url":"https:\/\/surfeandosonrisas.org\/en\/product\/wakeboard-adaptado\/","og_site_name":"Surfeando Sonrisas","article_modified_time":"2022-05-23T23:50:26+00:00","og_image":[{"width":1280,"height":960,"url":"https:\/\/surfeandosonrisas.org\/wp-content\/uploads\/2022\/04\/8.jpg","type":"image\/jpeg"}],"twitter_card":"summary_large_image","schema":{"@context":"https:\/\/schema.org","@graph":[{"@type":"WebPage","@id":"https:\/\/surfeandosonrisas.org\/product\/wakeboard-adaptado\/","url":"https:\/\/surfeandosonrisas.org\/product\/wakeboard-adaptado\/","name":"Wakeboard adaptado - Surfeando Sonrisas","isPartOf":{"@id":"https:\/\/surfeandosonrisas.org\/#website"},"primaryImageOfPage":{"@id":"https:\/\/surfeandosonrisas.org\/product\/wakeboard-adaptado\/#primaryimage"},"image":{"@id":"https:\/\/surfeandosonrisas.org\/product\/wakeboard-adaptado\/#primaryimage"},"thumbnailUrl":"https:\/\/surfeandosonrisas.org\/wp-content\/uploads\/2022\/04\/8.jpg","datePublished":"2022-04-27T21:19:10+00:00","dateModified":"2022-05-23T23:50:26+00:00","breadcrumb":{"@id":"https:\/\/surfeandosonrisas.org\/product\/wakeboard-adaptado\/#breadcrumb"},"inLanguage":"en-US","potentialAction":[{"@type":"ReadAction","target":["https:\/\/surfeandosonrisas.org\/product\/wakeboard-adaptado\/"]}]},{"@type":"ImageObject","inLanguage":"en-US","@id":"https:\/\/surfeandosonrisas.org\/product\/wakeboard-adaptado\/#primaryimage","url":"https:\/\/surfeandosonrisas.org\/wp-content\/uploads\/2022\/04\/8.jpg","contentUrl":"https:\/\/surfeandosonrisas.org\/wp-content\/uploads\/2022\/04\/8.jpg","width":1280,"height":960},{"@type":"BreadcrumbList","@id":"https:\/\/surfeandosonrisas.org\/product\/wakeboard-adaptado\/#breadcrumb","itemListElement":[{"@type":"ListItem","position":1,"name":"Portada","item":"https:\/\/surfeandosonrisas.org\/"},{"@type":"ListItem","position":2,"name":"Tienda","item":"https:\/\/surfeandosonrisas.org\/tienda\/"},{"@type":"ListItem","position":3,"name":"Wakeboard adaptado"}]},{"@type":"WebSite","@id":"https:\/\/surfeandosonrisas.org\/#website","url":"https:\/\/surfeandosonrisas.org\/","name":"Surfeando Sonrisas","description":"Es un proyecto sin fines de lucro, dedicado a mejorar la calidad de Personas con Discapacidad (PcD) a trav\u00e9s de la practica de surf","publisher":{"@id":"https:\/\/surfeandosonrisas.org\/#organization"},"potentialAction":[{"@type":"SearchAction","target":{"@type":"EntryPoint","urlTemplate":"https:\/\/surfeandosonrisas.org\/?s={search_term_string}"},"query-input":"required name=search_term_string"}],"inLanguage":"en-US"},{"@type":"Organization","@id":"https:\/\/surfeandosonrisas.org\/#organization","name":"Surfeando Sonrisas","url":"https:\/\/surfeandosonrisas.org\/","logo":{"@type":"ImageObject","inLanguage":"en-US","@id":"https:\/\/surfeandosonrisas.org\/#\/schema\/logo\/image\/","url":"https:\/\/surfeandosonrisas.org\/wp-content\/uploads\/2022\/05\/cropped-logo_n.png","contentUrl":"https:\/\/surfeandosonrisas.org\/wp-content\/uploads\/2022\/05\/cropped-logo_n.png","width":552,"height":552,"caption":"Surfeando Sonrisas"},"image":{"@id":"https:\/\/surfeandosonrisas.org\/#\/schema\/logo\/image\/"}}]}},"_links":{"self":[{"href":"https:\/\/surfeandosonrisas.org\/en\/wp-json\/wp\/v2\/product\/991659","targetHints":{"allow":["GET"]}}],"collection":[{"href":"https:\/\/surfeandosonrisas.org\/en\/wp-json\/wp\/v2\/product"}],"about":[{"href":"https:\/\/surfeandosonrisas.org\/en\/wp-json\/wp\/v2\/types\/product"}],"replies":[{"embeddable":true,"href":"https:\/\/surfeandosonrisas.org\/en\/wp-json\/wp\/v2\/comments?post=991659"}],"version-history":[{"count":2,"href":"https:\/\/surfeandosonrisas.org\/en\/wp-json\/wp\/v2\/product\/991659\/revisions"}],"predecessor-version":[{"id":993006,"href":"https:\/\/surfeandosonrisas.org\/en\/wp-json\/wp\/v2\/product\/991659\/revisions\/993006"}],"wp:featuredmedia":[{"embeddable":true,"href":"https:\/\/surfeandosonrisas.org\/en\/wp-json\/wp\/v2\/media\/991744"}],"wp:attachment":[{"href":"https:\/\/surfeandosonrisas.org\/en\/wp-json\/wp\/v2\/media?parent=991659"}],"wp:term":[{"taxonomy":"product_cat","embeddable":true,"href":"https:\/\/surfeandosonrisas.org\/en\/wp-json\/wp\/v2\/product_cat?post=991659"},{"taxonomy":"product_tag","embeddable":true,"href":"https:\/\/surfeandosonrisas.org\/en\/wp-json\/wp\/v2\/product_tag?post=991659"}],"curies":[{"name":"wp","href":"https:\/\/api.w.org\/{rel}","templated":true}]}}