{"id":997510,"date":"2024-06-12T13:04:48","date_gmt":"2024-06-12T19:04:48","guid":{"rendered":"https:\/\/surfeandosonrisas.org\/?post_type=product&#038;p=997510"},"modified":"2025-01-03T11:11:43","modified_gmt":"2025-01-03T17:11:43","slug":"surfboard-annie-hail","status":"publish","type":"product","link":"https:\/\/surfeandosonrisas.org\/en\/product\/surfboard-annie-hail\/","title":{"rendered":"S\/T"},"content":{"rendered":"<div data-elementor-type=\"product-post\" data-elementor-id=\"997510\" class=\"elementor elementor-997510\" data-elementor-post-type=\"product\">\n\t\t\t\t\t\t<section class=\"elementor-section elementor-top-section elementor-element elementor-element-7c065c4 elementor-section-boxed elementor-section-height-default elementor-section-height-default\" data-id=\"7c065c4\" data-element_type=\"section\" data-e-type=\"section\">\n\t\t\t\t\t\t<div class=\"elementor-container elementor-column-gap-default\">\n\t\t\t\t\t<div class=\"elementor-column elementor-col-100 elementor-top-column elementor-element elementor-element-ee2bab9\" data-id=\"ee2bab9\" data-element_type=\"column\" data-e-type=\"column\">\n\t\t\t<div class=\"elementor-widget-wrap elementor-element-populated\">\n\t\t\t\t\t\t<div class=\"elementor-element elementor-element-4cf033b elementor-widget elementor-widget-text-editor\" data-id=\"4cf033b\" data-element_type=\"widget\" data-e-type=\"widget\" data-widget_type=\"text-editor.default\">\n\t\t\t\t<div class=\"elementor-widget-container\">\n\t\t\t\t\t\t\t\t\t<p><span style=\"font-style: normal; font-variant-ligatures: normal; font-variant-caps: normal; font-weight: bold; font-size: 16px; font-family: Poppins, sans-serif;\">Annie Hail<\/span><\/p><p>Resident artist at Estudio Libertad<\/p><p>She lives in Guadalajara with studies in psychology and plastic arts. In her work she uses acrylic paint mixed with embroidery on the fabric. She uses these techniques to give meaning to what she does, she seeks to break old paradigms which leads her to start her career over and over again.<\/p><p>Instagram:\u00a0<a href=\"https:\/\/www.instagram.com\/anniealvarez.art\/\" target=\"_blank\" rel=\"noopener\">@anniealvarez.ar<\/a>t<\/p>\t\t\t\t\t\t\t\t<\/div>\n\t\t\t\t<\/div>\n\t\t\t\t\t<\/div>\n\t\t<\/div>\n\t\t\t\t\t<\/div>\n\t\t<\/section>\n\t\t\t\t<section class=\"elementor-section elementor-top-section elementor-element elementor-element-5d53da3 elementor-section-boxed elementor-section-height-default elementor-section-height-default\" data-id=\"5d53da3\" data-element_type=\"section\" data-e-type=\"section\">\n\t\t\t\t\t\t<div class=\"elementor-container elementor-column-gap-default\">\n\t\t\t\t\t<div class=\"elementor-column elementor-col-100 elementor-top-column elementor-element elementor-element-4ae303d\" data-id=\"4ae303d\" data-element_type=\"column\" data-e-type=\"column\">\n\t\t\t<div class=\"elementor-widget-wrap elementor-element-populated\">\n\t\t\t\t\t\t<div class=\"elementor-element elementor-element-bbd3097 elementor-widget elementor-widget-text-editor\" data-id=\"bbd3097\" data-element_type=\"widget\" data-e-type=\"widget\" data-widget_type=\"text-editor.default\">\n\t\t\t\t<div class=\"elementor-widget-container\">\n\t\t\t\t\t\t\t\t\t<p><strong>Technical data<\/strong><\/p><p>200 x 50 cm<br \/>Mixta \/ Surfboard<\/p><p><em>LOTE 27<\/em><\/p>\t\t\t\t\t\t\t\t<\/div>\n\t\t\t\t<\/div>\n\t\t\t\t\t<\/div>\n\t\t<\/div>\n\t\t\t\t\t<\/div>\n\t\t<\/section>\n\t\t\t\t<section class=\"elementor-section elementor-top-section elementor-element elementor-element-d3a376b elementor-section-boxed elementor-section-height-default elementor-section-height-default\" data-id=\"d3a376b\" data-element_type=\"section\" data-e-type=\"section\">\n\t\t\t\t\t\t<div class=\"elementor-container elementor-column-gap-default\">\n\t\t\t\t\t<div class=\"elementor-column elementor-col-100 elementor-top-column elementor-element elementor-element-e5b50bf\" data-id=\"e5b50bf\" data-element_type=\"column\" data-e-type=\"column\">\n\t\t\t<div class=\"elementor-widget-wrap elementor-element-populated\">\n\t\t\t\t\t\t<div class=\"elementor-element elementor-element-d1a10fc elementor-widget elementor-widget-spacer\" data-id=\"d1a10fc\" data-element_type=\"widget\" data-e-type=\"widget\" data-widget_type=\"spacer.default\">\n\t\t\t\t<div class=\"elementor-widget-container\">\n\t\t\t\t\t\t\t<div class=\"elementor-spacer\">\n\t\t\t<div class=\"elementor-spacer-inner\"><\/div>\n\t\t<\/div>\n\t\t\t\t\t\t<\/div>\n\t\t\t\t<\/div>\n\t\t\t\t\t<\/div>\n\t\t<\/div>\n\t\t\t\t\t<\/div>\n\t\t<\/section>\n\t\t\t\t<section class=\"elementor-section elementor-top-section elementor-element elementor-element-03b8221 elementor-section-boxed elementor-section-height-default elementor-section-height-default\" data-id=\"03b8221\" data-element_type=\"section\" data-e-type=\"section\">\n\t\t\t\t\t\t<div class=\"elementor-container elementor-column-gap-default\">\n\t\t\t\t\t<div class=\"elementor-column elementor-col-50 elementor-top-column elementor-element elementor-element-02b8b3c\" data-id=\"02b8b3c\" data-element_type=\"column\" data-e-type=\"column\">\n\t\t\t<div class=\"elementor-widget-wrap elementor-element-populated\">\n\t\t\t\t<a class=\"eael-wrapper-link-e3bb8fc --eael-wrapper-link-tag\" href=\"\/en\/surfboards-shop\/\"><\/a>\t\t<section data-eael-wrapper-link=\"eael-wrapper-link-e3bb8fc\" class=\"elementor-section elementor-inner-section elementor-element elementor-element-e3bb8fc elementor-section-full_width elementor-section-height-default elementor-section-height-default\" data-id=\"e3bb8fc\" data-element_type=\"section\" data-e-type=\"section\">\n\t\t\t\t\t\t<div class=\"elementor-container elementor-column-gap-no\">\n\t\t\t\t\t<div class=\"elementor-column elementor-col-50 elementor-inner-column elementor-element elementor-element-47745f4\" data-id=\"47745f4\" data-element_type=\"column\" data-e-type=\"column\">\n\t\t\t<div class=\"elementor-widget-wrap elementor-element-populated\">\n\t\t\t\t\t\t<div class=\"elementor-element elementor-element-69843b9 elementor-view-default elementor-widget elementor-widget-icon\" data-id=\"69843b9\" data-element_type=\"widget\" data-e-type=\"widget\" data-widget_type=\"icon.default\">\n\t\t\t\t<div class=\"elementor-widget-container\">\n\t\t\t\t\t\t\t<div class=\"elementor-icon-wrapper\">\n\t\t\t<div class=\"elementor-icon\">\n\t\t\t<i aria-hidden=\"true\" class=\"vamtamtheme- vamtam-theme-arrow-slide-left\"><\/i>\t\t\t<\/div>\n\t\t<\/div>\n\t\t\t\t\t\t<\/div>\n\t\t\t\t<\/div>\n\t\t\t\t\t<\/div>\n\t\t<\/div>\n\t\t\t\t<div class=\"elementor-column elementor-col-50 elementor-inner-column elementor-element elementor-element-8047735\" data-id=\"8047735\" data-element_type=\"column\" data-e-type=\"column\">\n\t\t\t<div class=\"elementor-widget-wrap elementor-element-populated\">\n\t\t\t\t\t\t<div class=\"elementor-element elementor-element-d7d56a7 elementor-widget elementor-widget-text-editor\" data-id=\"d7d56a7\" data-element_type=\"widget\" data-e-type=\"widget\" data-widget_type=\"text-editor.default\">\n\t\t\t\t<div class=\"elementor-widget-container\">\n\t\t\t\t\t\t\t\t\t<p>Back<\/p>\t\t\t\t\t\t\t\t<\/div>\n\t\t\t\t<\/div>\n\t\t\t\t\t<\/div>\n\t\t<\/div>\n\t\t\t\t\t<\/div>\n\t\t<\/section>\n\t\t\t\t\t<\/div>\n\t\t<\/div>\n\t\t\t\t<div class=\"elementor-column elementor-col-50 elementor-top-column elementor-element elementor-element-62de7e6\" data-id=\"62de7e6\" data-element_type=\"column\" data-e-type=\"column\">\n\t\t\t<div class=\"elementor-widget-wrap\">\n\t\t\t\t\t\t\t<\/div>\n\t\t<\/div>\n\t\t\t\t\t<\/div>\n\t\t<\/section>\n\t\t\t\t<\/div>","protected":false},"excerpt":{"rendered":"<p>Annie Hail Artista residente de Estudio Libertad. Radica en Guadalajara con estudios en psicolog\u00eda y artes pl\u00e1sticas, en su obra recurre a la pintura acr\u00edlica mezclada con bordados sobre la tela. Usa estas t\u00e9cnicas para darle sentido a lo que hace, busca romper paradigmas antiguos lo cual la lleva a comenzar su carrera una y&#8230;<\/p>","protected":false},"featured_media":997601,"comment_status":"open","ping_status":"closed","template":"","meta":{"give_campaign_id":0,"_monsterinsights_skip_tracking":false,"_monsterinsights_sitenote_active":false,"_monsterinsights_sitenote_note":"","_monsterinsights_sitenote_category":0},"product_brand":[],"product_cat":[117],"product_tag":[],"class_list":{"0":"post-997510","1":"product","2":"type-product","3":"status-publish","4":"has-post-thumbnail","6":"product_cat-surfboard-art","8":"first","9":"instock","10":"shipping-taxable","11":"purchasable","12":"product-type-simple"},"yoast_head":"<!-- This site is optimized with the Yoast SEO plugin v27.5 - https:\/\/yoast.com\/product\/yoast-seo-wordpress\/ -->\n<title>S\/T - Surfeando Sonrisas<\/title>\n<meta name=\"robots\" content=\"index, follow, max-snippet:-1, max-image-preview:large, max-video-preview:-1\" \/>\n<link rel=\"canonical\" href=\"https:\/\/surfeandosonrisas.org\/en\/product\/surfboard-annie-hail\/\" \/>\n<meta property=\"og:locale\" content=\"en_US\" \/>\n<meta property=\"og:type\" content=\"article\" \/>\n<meta property=\"og:title\" content=\"S\/T - Surfeando Sonrisas\" \/>\n<meta property=\"og:description\" content=\"Annie Hail Artista residente de Estudio Libertad. Radica en Guadalajara con estudios en psicolog\u00eda y artes pl\u00e1sticas, en su obra recurre a la pintura acr\u00edlica mezclada con bordados sobre la tela. Usa estas t\u00e9cnicas para darle sentido a lo que hace, busca romper paradigmas antiguos lo cual la lleva a comenzar su carrera una y...\" \/>\n<meta property=\"og:url\" content=\"https:\/\/surfeandosonrisas.org\/en\/product\/surfboard-annie-hail\/\" \/>\n<meta property=\"og:site_name\" content=\"Surfeando Sonrisas\" \/>\n<meta property=\"article:modified_time\" content=\"2025-01-03T17:11:43+00:00\" \/>\n<meta property=\"og:image\" content=\"https:\/\/surfeandosonrisas.org\/wp-content\/uploads\/2024\/06\/ah-01.jpg\" \/>\n\t<meta property=\"og:image:width\" content=\"1772\" \/>\n\t<meta property=\"og:image:height\" content=\"591\" \/>\n\t<meta property=\"og:image:type\" content=\"image\/jpeg\" \/>\n<meta name=\"twitter:card\" content=\"summary_large_image\" \/>\n<meta name=\"twitter:label1\" content=\"Est. reading time\" \/>\n\t<meta name=\"twitter:data1\" content=\"1 minute\" \/>\n<script type=\"application\/ld+json\" class=\"yoast-schema-graph\">{\"@context\":\"https:\\\/\\\/schema.org\",\"@graph\":[{\"@type\":\"WebPage\",\"@id\":\"https:\\\/\\\/surfeandosonrisas.org\\\/en\\\/product\\\/surfboard-annie-hail\\\/\",\"url\":\"https:\\\/\\\/surfeandosonrisas.org\\\/en\\\/product\\\/surfboard-annie-hail\\\/\",\"name\":\"S\\\/T - Surfeando Sonrisas\",\"isPartOf\":{\"@id\":\"https:\\\/\\\/surfeandosonrisas.org\\\/en\\\/#website\"},\"primaryImageOfPage\":{\"@id\":\"https:\\\/\\\/surfeandosonrisas.org\\\/en\\\/product\\\/surfboard-annie-hail\\\/#primaryimage\"},\"image\":{\"@id\":\"https:\\\/\\\/surfeandosonrisas.org\\\/en\\\/product\\\/surfboard-annie-hail\\\/#primaryimage\"},\"thumbnailUrl\":\"https:\\\/\\\/surfeandosonrisas.org\\\/wp-content\\\/uploads\\\/2024\\\/06\\\/ah-01.jpg\",\"datePublished\":\"2024-06-12T19:04:48+00:00\",\"dateModified\":\"2025-01-03T17:11:43+00:00\",\"breadcrumb\":{\"@id\":\"https:\\\/\\\/surfeandosonrisas.org\\\/en\\\/product\\\/surfboard-annie-hail\\\/#breadcrumb\"},\"inLanguage\":\"en-US\",\"potentialAction\":[{\"@type\":\"ReadAction\",\"target\":[\"https:\\\/\\\/surfeandosonrisas.org\\\/en\\\/product\\\/surfboard-annie-hail\\\/\"]}]},{\"@type\":\"ImageObject\",\"inLanguage\":\"en-US\",\"@id\":\"https:\\\/\\\/surfeandosonrisas.org\\\/en\\\/product\\\/surfboard-annie-hail\\\/#primaryimage\",\"url\":\"https:\\\/\\\/surfeandosonrisas.org\\\/wp-content\\\/uploads\\\/2024\\\/06\\\/ah-01.jpg\",\"contentUrl\":\"https:\\\/\\\/surfeandosonrisas.org\\\/wp-content\\\/uploads\\\/2024\\\/06\\\/ah-01.jpg\",\"width\":1772,\"height\":591},{\"@type\":\"BreadcrumbList\",\"@id\":\"https:\\\/\\\/surfeandosonrisas.org\\\/en\\\/product\\\/surfboard-annie-hail\\\/#breadcrumb\",\"itemListElement\":[{\"@type\":\"ListItem\",\"position\":1,\"name\":\"Portada\",\"item\":\"https:\\\/\\\/surfeandosonrisas.org\\\/\"},{\"@type\":\"ListItem\",\"position\":2,\"name\":\"Tienda\",\"item\":\"https:\\\/\\\/surfeandosonrisas.org\\\/tienda\\\/\"},{\"@type\":\"ListItem\",\"position\":3,\"name\":\"S\\\/T\"}]},{\"@type\":\"WebSite\",\"@id\":\"https:\\\/\\\/surfeandosonrisas.org\\\/en\\\/#website\",\"url\":\"https:\\\/\\\/surfeandosonrisas.org\\\/en\\\/\",\"name\":\"Surfeando Sonrisas\",\"description\":\"Es un proyecto sin fines de lucro, dedicado a mejorar la calidad de Personas con Discapacidad (PcD) a trav\u00e9s de la practica de surf\",\"publisher\":{\"@id\":\"https:\\\/\\\/surfeandosonrisas.org\\\/en\\\/#organization\"},\"potentialAction\":[{\"@type\":\"SearchAction\",\"target\":{\"@type\":\"EntryPoint\",\"urlTemplate\":\"https:\\\/\\\/surfeandosonrisas.org\\\/en\\\/?s={search_term_string}\"},\"query-input\":{\"@type\":\"PropertyValueSpecification\",\"valueRequired\":true,\"valueName\":\"search_term_string\"}}],\"inLanguage\":\"en-US\"},{\"@type\":\"Organization\",\"@id\":\"https:\\\/\\\/surfeandosonrisas.org\\\/en\\\/#organization\",\"name\":\"Surfeando Sonrisas\",\"url\":\"https:\\\/\\\/surfeandosonrisas.org\\\/en\\\/\",\"logo\":{\"@type\":\"ImageObject\",\"inLanguage\":\"en-US\",\"@id\":\"https:\\\/\\\/surfeandosonrisas.org\\\/en\\\/#\\\/schema\\\/logo\\\/image\\\/\",\"url\":\"https:\\\/\\\/surfeandosonrisas.org\\\/wp-content\\\/uploads\\\/2022\\\/05\\\/cropped-logo_n.png\",\"contentUrl\":\"https:\\\/\\\/surfeandosonrisas.org\\\/wp-content\\\/uploads\\\/2022\\\/05\\\/cropped-logo_n.png\",\"width\":552,\"height\":552,\"caption\":\"Surfeando Sonrisas\"},\"image\":{\"@id\":\"https:\\\/\\\/surfeandosonrisas.org\\\/en\\\/#\\\/schema\\\/logo\\\/image\\\/\"}}]}<\/script>\n<!-- \/ Yoast SEO plugin. -->","yoast_head_json":{"title":"S\/T - Surfeando Sonrisas","robots":{"index":"index","follow":"follow","max-snippet":"max-snippet:-1","max-image-preview":"max-image-preview:large","max-video-preview":"max-video-preview:-1"},"canonical":"https:\/\/surfeandosonrisas.org\/en\/product\/surfboard-annie-hail\/","og_locale":"en_US","og_type":"article","og_title":"S\/T - Surfeando Sonrisas","og_description":"Annie Hail Artista residente de Estudio Libertad. Radica en Guadalajara con estudios en psicolog\u00eda y artes pl\u00e1sticas, en su obra recurre a la pintura acr\u00edlica mezclada con bordados sobre la tela. Usa estas t\u00e9cnicas para darle sentido a lo que hace, busca romper paradigmas antiguos lo cual la lleva a comenzar su carrera una y...","og_url":"https:\/\/surfeandosonrisas.org\/en\/product\/surfboard-annie-hail\/","og_site_name":"Surfeando Sonrisas","article_modified_time":"2025-01-03T17:11:43+00:00","og_image":[{"width":1772,"height":591,"url":"https:\/\/surfeandosonrisas.org\/wp-content\/uploads\/2024\/06\/ah-01.jpg","type":"image\/jpeg"}],"twitter_card":"summary_large_image","twitter_misc":{"Est. reading time":"1 minute"},"schema":{"@context":"https:\/\/schema.org","@graph":[{"@type":"WebPage","@id":"https:\/\/surfeandosonrisas.org\/en\/product\/surfboard-annie-hail\/","url":"https:\/\/surfeandosonrisas.org\/en\/product\/surfboard-annie-hail\/","name":"S\/T - Surfeando Sonrisas","isPartOf":{"@id":"https:\/\/surfeandosonrisas.org\/en\/#website"},"primaryImageOfPage":{"@id":"https:\/\/surfeandosonrisas.org\/en\/product\/surfboard-annie-hail\/#primaryimage"},"image":{"@id":"https:\/\/surfeandosonrisas.org\/en\/product\/surfboard-annie-hail\/#primaryimage"},"thumbnailUrl":"https:\/\/surfeandosonrisas.org\/wp-content\/uploads\/2024\/06\/ah-01.jpg","datePublished":"2024-06-12T19:04:48+00:00","dateModified":"2025-01-03T17:11:43+00:00","breadcrumb":{"@id":"https:\/\/surfeandosonrisas.org\/en\/product\/surfboard-annie-hail\/#breadcrumb"},"inLanguage":"en-US","potentialAction":[{"@type":"ReadAction","target":["https:\/\/surfeandosonrisas.org\/en\/product\/surfboard-annie-hail\/"]}]},{"@type":"ImageObject","inLanguage":"en-US","@id":"https:\/\/surfeandosonrisas.org\/en\/product\/surfboard-annie-hail\/#primaryimage","url":"https:\/\/surfeandosonrisas.org\/wp-content\/uploads\/2024\/06\/ah-01.jpg","contentUrl":"https:\/\/surfeandosonrisas.org\/wp-content\/uploads\/2024\/06\/ah-01.jpg","width":1772,"height":591},{"@type":"BreadcrumbList","@id":"https:\/\/surfeandosonrisas.org\/en\/product\/surfboard-annie-hail\/#breadcrumb","itemListElement":[{"@type":"ListItem","position":1,"name":"Portada","item":"https:\/\/surfeandosonrisas.org\/"},{"@type":"ListItem","position":2,"name":"Tienda","item":"https:\/\/surfeandosonrisas.org\/tienda\/"},{"@type":"ListItem","position":3,"name":"S\/T"}]},{"@type":"WebSite","@id":"https:\/\/surfeandosonrisas.org\/en\/#website","url":"https:\/\/surfeandosonrisas.org\/en\/","name":"Surfing Smiles","description":"It is a non-profit project, dedicated to improving the quality of People with Disabilities (PwD) through the practice of surfing.","publisher":{"@id":"https:\/\/surfeandosonrisas.org\/en\/#organization"},"potentialAction":[{"@type":"SearchAction","target":{"@type":"EntryPoint","urlTemplate":"https:\/\/surfeandosonrisas.org\/en\/?s={search_term_string}"},"query-input":{"@type":"PropertyValueSpecification","valueRequired":true,"valueName":"search_term_string"}}],"inLanguage":"en-US"},{"@type":"Organization","@id":"https:\/\/surfeandosonrisas.org\/en\/#organization","name":"Surfing Smiles","url":"https:\/\/surfeandosonrisas.org\/en\/","logo":{"@type":"ImageObject","inLanguage":"en-US","@id":"https:\/\/surfeandosonrisas.org\/en\/#\/schema\/logo\/image\/","url":"https:\/\/surfeandosonrisas.org\/wp-content\/uploads\/2022\/05\/cropped-logo_n.png","contentUrl":"https:\/\/surfeandosonrisas.org\/wp-content\/uploads\/2022\/05\/cropped-logo_n.png","width":552,"height":552,"caption":"Surfeando Sonrisas"},"image":{"@id":"https:\/\/surfeandosonrisas.org\/en\/#\/schema\/logo\/image\/"}}]}},"_links":{"self":[{"href":"https:\/\/surfeandosonrisas.org\/en\/wp-json\/wp\/v2\/product\/997510","targetHints":{"allow":["GET"]}}],"collection":[{"href":"https:\/\/surfeandosonrisas.org\/en\/wp-json\/wp\/v2\/product"}],"about":[{"href":"https:\/\/surfeandosonrisas.org\/en\/wp-json\/wp\/v2\/types\/product"}],"replies":[{"embeddable":true,"href":"https:\/\/surfeandosonrisas.org\/en\/wp-json\/wp\/v2\/comments?post=997510"}],"version-history":[{"count":30,"href":"https:\/\/surfeandosonrisas.org\/en\/wp-json\/wp\/v2\/product\/997510\/revisions"}],"predecessor-version":[{"id":998138,"href":"https:\/\/surfeandosonrisas.org\/en\/wp-json\/wp\/v2\/product\/997510\/revisions\/998138"}],"wp:featuredmedia":[{"embeddable":true,"href":"https:\/\/surfeandosonrisas.org\/en\/wp-json\/wp\/v2\/media\/997601"}],"wp:attachment":[{"href":"https:\/\/surfeandosonrisas.org\/en\/wp-json\/wp\/v2\/media?parent=997510"}],"wp:term":[{"taxonomy":"product_brand","embeddable":true,"href":"https:\/\/surfeandosonrisas.org\/en\/wp-json\/wp\/v2\/product_brand?post=997510"},{"taxonomy":"product_cat","embeddable":true,"href":"https:\/\/surfeandosonrisas.org\/en\/wp-json\/wp\/v2\/product_cat?post=997510"},{"taxonomy":"product_tag","embeddable":true,"href":"https:\/\/surfeandosonrisas.org\/en\/wp-json\/wp\/v2\/product_tag?post=997510"}],"curies":[{"name":"wp","href":"https:\/\/api.w.org\/{rel}","templated":true}]}}