{"id":997552,"date":"2024-06-12T14:19:37","date_gmt":"2024-06-12T20:19:37","guid":{"rendered":"https:\/\/surfeandosonrisas.org\/?post_type=product&#038;p=997552"},"modified":"2025-01-03T11:22:19","modified_gmt":"2025-01-03T17:22:19","slug":"surfboard-feng-marbad","status":"publish","type":"product","link":"https:\/\/surfeandosonrisas.org\/en\/product\/surfboard-feng-marbad\/","title":{"rendered":"S\/T"},"content":{"rendered":"<div data-elementor-type=\"product-post\" data-elementor-id=\"997552\" class=\"elementor elementor-997552\" data-elementor-post-type=\"product\">\n\t\t\t\t\t\t<section class=\"elementor-section elementor-top-section elementor-element elementor-element-10048a1 elementor-section-boxed elementor-section-height-default elementor-section-height-default\" data-id=\"10048a1\" data-element_type=\"section\" data-e-type=\"section\">\n\t\t\t\t\t\t<div class=\"elementor-container elementor-column-gap-default\">\n\t\t\t\t\t<div class=\"elementor-column elementor-col-100 elementor-top-column elementor-element elementor-element-cfc6148\" data-id=\"cfc6148\" data-element_type=\"column\" data-e-type=\"column\">\n\t\t\t<div class=\"elementor-widget-wrap elementor-element-populated\">\n\t\t\t\t\t\t<div class=\"elementor-element elementor-element-c6ee503 elementor-widget elementor-widget-text-editor\" data-id=\"c6ee503\" data-element_type=\"widget\" data-e-type=\"widget\" data-widget_type=\"text-editor.default\">\n\t\t\t\t<div class=\"elementor-widget-container\">\n\t\t\t\t\t\t\t\t\t<p><strong>Fred\u00a0Marbad<\/strong><\/p><p><span style=\"color: var(--vamtam-widget-text-lighter); letter-spacing: var(--vamtam-primary-font-letter-spacing-desktop,normal); text-transform: var(--vamtam-primary-font-transform,none);\">Artistic training at the Hospicio Caba\u00f1as arts school with sculpture and mixed techniques workshops, nude drawing and engraving workshops at Ugly Food House Art &amp; Design, Plastic Arts degree at the Cedart Artistic Education Center (INBA) , Jos\u00e9 Clemente Orozco.<\/span><\/p><p>Instagram:\u00a0<a href=\"https:\/\/www.instagram.com\/fred_marbad\/\" target=\"_blank\" rel=\"noopener\">@fred_marbad<\/a><\/p>\t\t\t\t\t\t\t\t<\/div>\n\t\t\t\t<\/div>\n\t\t\t\t\t<\/div>\n\t\t<\/div>\n\t\t\t\t\t<\/div>\n\t\t<\/section>\n\t\t\t\t<section class=\"elementor-section elementor-top-section elementor-element elementor-element-7fe6fa1 elementor-section-boxed elementor-section-height-default elementor-section-height-default\" data-id=\"7fe6fa1\" data-element_type=\"section\" data-e-type=\"section\">\n\t\t\t\t\t\t<div class=\"elementor-container elementor-column-gap-default\">\n\t\t\t\t\t<div class=\"elementor-column elementor-col-100 elementor-top-column elementor-element elementor-element-13c8963\" data-id=\"13c8963\" data-element_type=\"column\" data-e-type=\"column\">\n\t\t\t<div class=\"elementor-widget-wrap elementor-element-populated\">\n\t\t\t\t\t\t<div class=\"elementor-element elementor-element-526aed0 elementor-widget elementor-widget-text-editor\" data-id=\"526aed0\" data-element_type=\"widget\" data-e-type=\"widget\" data-widget_type=\"text-editor.default\">\n\t\t\t\t<div class=\"elementor-widget-container\">\n\t\t\t\t\t\t\t\t\t<p><strong>Technical data<\/strong><\/p><p>200 x 50 cm<br \/>Mixta \/ Surfboard<\/p><p><em>LOTE 51<\/em><\/p>\t\t\t\t\t\t\t\t<\/div>\n\t\t\t\t<\/div>\n\t\t\t\t\t<\/div>\n\t\t<\/div>\n\t\t\t\t\t<\/div>\n\t\t<\/section>\n\t\t\t\t<section class=\"elementor-section elementor-top-section elementor-element elementor-element-b8e669f elementor-section-boxed elementor-section-height-default elementor-section-height-default\" data-id=\"b8e669f\" data-element_type=\"section\" data-e-type=\"section\">\n\t\t\t\t\t\t<div class=\"elementor-container elementor-column-gap-default\">\n\t\t\t\t\t<div class=\"elementor-column elementor-col-100 elementor-top-column elementor-element elementor-element-62512e8\" data-id=\"62512e8\" data-element_type=\"column\" data-e-type=\"column\">\n\t\t\t<div class=\"elementor-widget-wrap elementor-element-populated\">\n\t\t\t\t\t\t<div class=\"elementor-element elementor-element-c8dc3c2 elementor-widget elementor-widget-spacer\" data-id=\"c8dc3c2\" data-element_type=\"widget\" data-e-type=\"widget\" data-widget_type=\"spacer.default\">\n\t\t\t\t<div class=\"elementor-widget-container\">\n\t\t\t\t\t\t\t<div class=\"elementor-spacer\">\n\t\t\t<div class=\"elementor-spacer-inner\"><\/div>\n\t\t<\/div>\n\t\t\t\t\t\t<\/div>\n\t\t\t\t<\/div>\n\t\t\t\t\t<\/div>\n\t\t<\/div>\n\t\t\t\t\t<\/div>\n\t\t<\/section>\n\t\t\t\t<section class=\"elementor-section elementor-top-section elementor-element elementor-element-74106c8 elementor-section-boxed elementor-section-height-default elementor-section-height-default\" data-id=\"74106c8\" data-element_type=\"section\" data-e-type=\"section\">\n\t\t\t\t\t\t<div class=\"elementor-container elementor-column-gap-default\">\n\t\t\t\t\t<div class=\"elementor-column elementor-col-50 elementor-top-column elementor-element elementor-element-0214bed\" data-id=\"0214bed\" data-element_type=\"column\" data-e-type=\"column\">\n\t\t\t<div class=\"elementor-widget-wrap elementor-element-populated\">\n\t\t\t\t<a class=\"eael-wrapper-link-2a845cb --eael-wrapper-link-tag\" href=\"\/en\/surfboards-shop\/\"><\/a>\t\t<section data-eael-wrapper-link=\"eael-wrapper-link-2a845cb\" class=\"elementor-section elementor-inner-section elementor-element elementor-element-2a845cb elementor-section-full_width elementor-section-height-default elementor-section-height-default\" data-id=\"2a845cb\" data-element_type=\"section\" data-e-type=\"section\">\n\t\t\t\t\t\t<div class=\"elementor-container elementor-column-gap-no\">\n\t\t\t\t\t<div class=\"elementor-column elementor-col-50 elementor-inner-column elementor-element elementor-element-8684975\" data-id=\"8684975\" data-element_type=\"column\" data-e-type=\"column\">\n\t\t\t<div class=\"elementor-widget-wrap elementor-element-populated\">\n\t\t\t\t\t\t<div class=\"elementor-element elementor-element-ec56ea8 elementor-view-default elementor-widget elementor-widget-icon\" data-id=\"ec56ea8\" data-element_type=\"widget\" data-e-type=\"widget\" data-widget_type=\"icon.default\">\n\t\t\t\t<div class=\"elementor-widget-container\">\n\t\t\t\t\t\t\t<div class=\"elementor-icon-wrapper\">\n\t\t\t<div class=\"elementor-icon\">\n\t\t\t<i aria-hidden=\"true\" class=\"vamtamtheme- vamtam-theme-arrow-slide-left\"><\/i>\t\t\t<\/div>\n\t\t<\/div>\n\t\t\t\t\t\t<\/div>\n\t\t\t\t<\/div>\n\t\t\t\t\t<\/div>\n\t\t<\/div>\n\t\t\t\t<div class=\"elementor-column elementor-col-50 elementor-inner-column elementor-element elementor-element-4a50e04\" data-id=\"4a50e04\" data-element_type=\"column\" data-e-type=\"column\">\n\t\t\t<div class=\"elementor-widget-wrap elementor-element-populated\">\n\t\t\t\t\t\t<div class=\"elementor-element elementor-element-8dde6e5 elementor-widget elementor-widget-text-editor\" data-id=\"8dde6e5\" data-element_type=\"widget\" data-e-type=\"widget\" data-widget_type=\"text-editor.default\">\n\t\t\t\t<div class=\"elementor-widget-container\">\n\t\t\t\t\t\t\t\t\t<p>Back<\/p>\t\t\t\t\t\t\t\t<\/div>\n\t\t\t\t<\/div>\n\t\t\t\t\t<\/div>\n\t\t<\/div>\n\t\t\t\t\t<\/div>\n\t\t<\/section>\n\t\t\t\t\t<\/div>\n\t\t<\/div>\n\t\t\t\t<div class=\"elementor-column elementor-col-50 elementor-top-column elementor-element elementor-element-292c83d\" data-id=\"292c83d\" data-element_type=\"column\" data-e-type=\"column\">\n\t\t\t<div class=\"elementor-widget-wrap\">\n\t\t\t\t\t\t\t<\/div>\n\t\t<\/div>\n\t\t\t\t\t<\/div>\n\t\t<\/section>\n\t\t\t\t<\/div>","protected":false},"excerpt":{"rendered":"<p>Fred\u00a0Marbad Formaci\u00f3n art\u00edstica en la escuela de artes del Hospicio Caba\u00f1as con los talleres de escultura y t\u00e9cnicas mixtas, talleres de dibujo al desnudo y de grabado en Ugly Food House Arte &amp; Dise\u00f1o, carrera de Artes Pl\u00e1sticas en el Centro de Educaci\u00f3n Art\u00edstica Cedart,(INBA), Jos\u00e9 Clemente Orozco. Instagram:\u00a0@fred_marbad Ficha T\u00e9cnica: 200 x 50 cm&#8230;<\/p>","protected":false},"featured_media":997608,"comment_status":"open","ping_status":"closed","template":"","meta":{"give_campaign_id":0,"_monsterinsights_skip_tracking":false,"_monsterinsights_sitenote_active":false,"_monsterinsights_sitenote_note":"","_monsterinsights_sitenote_category":0},"product_brand":[],"product_cat":[117],"product_tag":[],"class_list":{"0":"post-997552","1":"product","2":"type-product","3":"status-publish","4":"has-post-thumbnail","6":"product_cat-surfboard-art","8":"first","9":"instock","10":"shipping-taxable","11":"purchasable","12":"product-type-simple"},"yoast_head":"<!-- This site is optimized with the Yoast SEO plugin v27.5 - https:\/\/yoast.com\/product\/yoast-seo-wordpress\/ -->\n<title>S\/T - Surfeando Sonrisas<\/title>\n<meta name=\"robots\" content=\"index, follow, max-snippet:-1, max-image-preview:large, max-video-preview:-1\" \/>\n<link rel=\"canonical\" href=\"https:\/\/surfeandosonrisas.org\/en\/product\/surfboard-feng-marbad\/\" \/>\n<meta property=\"og:locale\" content=\"en_US\" \/>\n<meta property=\"og:type\" content=\"article\" \/>\n<meta property=\"og:title\" content=\"S\/T - Surfeando Sonrisas\" \/>\n<meta property=\"og:description\" content=\"Fred\u00a0Marbad Formaci\u00f3n art\u00edstica en la escuela de artes del Hospicio Caba\u00f1as con los talleres de escultura y t\u00e9cnicas mixtas, talleres de dibujo al desnudo y de grabado en Ugly Food House Arte &amp; Dise\u00f1o, carrera de Artes Pl\u00e1sticas en el Centro de Educaci\u00f3n Art\u00edstica Cedart,(INBA), Jos\u00e9 Clemente Orozco. Instagram:\u00a0@fred_marbad Ficha T\u00e9cnica: 200 x 50 cm...\" \/>\n<meta property=\"og:url\" content=\"https:\/\/surfeandosonrisas.org\/en\/product\/surfboard-feng-marbad\/\" \/>\n<meta property=\"og:site_name\" content=\"Surfeando Sonrisas\" \/>\n<meta property=\"article:modified_time\" content=\"2025-01-03T17:22:19+00:00\" \/>\n<meta property=\"og:image\" content=\"https:\/\/surfeandosonrisas.org\/wp-content\/uploads\/2024\/06\/mar-01.jpg\" \/>\n\t<meta property=\"og:image:width\" content=\"1772\" \/>\n\t<meta property=\"og:image:height\" content=\"591\" \/>\n\t<meta property=\"og:image:type\" content=\"image\/jpeg\" \/>\n<meta name=\"twitter:card\" content=\"summary_large_image\" \/>\n<meta name=\"twitter:label1\" content=\"Est. reading time\" \/>\n\t<meta name=\"twitter:data1\" content=\"1 minute\" \/>\n<script type=\"application\/ld+json\" class=\"yoast-schema-graph\">{\"@context\":\"https:\\\/\\\/schema.org\",\"@graph\":[{\"@type\":\"WebPage\",\"@id\":\"https:\\\/\\\/surfeandosonrisas.org\\\/en\\\/product\\\/surfboard-feng-marbad\\\/\",\"url\":\"https:\\\/\\\/surfeandosonrisas.org\\\/en\\\/product\\\/surfboard-feng-marbad\\\/\",\"name\":\"S\\\/T - Surfeando Sonrisas\",\"isPartOf\":{\"@id\":\"https:\\\/\\\/surfeandosonrisas.org\\\/en\\\/#website\"},\"primaryImageOfPage\":{\"@id\":\"https:\\\/\\\/surfeandosonrisas.org\\\/en\\\/product\\\/surfboard-feng-marbad\\\/#primaryimage\"},\"image\":{\"@id\":\"https:\\\/\\\/surfeandosonrisas.org\\\/en\\\/product\\\/surfboard-feng-marbad\\\/#primaryimage\"},\"thumbnailUrl\":\"https:\\\/\\\/surfeandosonrisas.org\\\/wp-content\\\/uploads\\\/2024\\\/06\\\/mar-01.jpg\",\"datePublished\":\"2024-06-12T20:19:37+00:00\",\"dateModified\":\"2025-01-03T17:22:19+00:00\",\"breadcrumb\":{\"@id\":\"https:\\\/\\\/surfeandosonrisas.org\\\/en\\\/product\\\/surfboard-feng-marbad\\\/#breadcrumb\"},\"inLanguage\":\"en-US\",\"potentialAction\":[{\"@type\":\"ReadAction\",\"target\":[\"https:\\\/\\\/surfeandosonrisas.org\\\/en\\\/product\\\/surfboard-feng-marbad\\\/\"]}]},{\"@type\":\"ImageObject\",\"inLanguage\":\"en-US\",\"@id\":\"https:\\\/\\\/surfeandosonrisas.org\\\/en\\\/product\\\/surfboard-feng-marbad\\\/#primaryimage\",\"url\":\"https:\\\/\\\/surfeandosonrisas.org\\\/wp-content\\\/uploads\\\/2024\\\/06\\\/mar-01.jpg\",\"contentUrl\":\"https:\\\/\\\/surfeandosonrisas.org\\\/wp-content\\\/uploads\\\/2024\\\/06\\\/mar-01.jpg\",\"width\":1772,\"height\":591},{\"@type\":\"BreadcrumbList\",\"@id\":\"https:\\\/\\\/surfeandosonrisas.org\\\/en\\\/product\\\/surfboard-feng-marbad\\\/#breadcrumb\",\"itemListElement\":[{\"@type\":\"ListItem\",\"position\":1,\"name\":\"Portada\",\"item\":\"https:\\\/\\\/surfeandosonrisas.org\\\/\"},{\"@type\":\"ListItem\",\"position\":2,\"name\":\"Tienda\",\"item\":\"https:\\\/\\\/surfeandosonrisas.org\\\/tienda\\\/\"},{\"@type\":\"ListItem\",\"position\":3,\"name\":\"S\\\/T\"}]},{\"@type\":\"WebSite\",\"@id\":\"https:\\\/\\\/surfeandosonrisas.org\\\/en\\\/#website\",\"url\":\"https:\\\/\\\/surfeandosonrisas.org\\\/en\\\/\",\"name\":\"Surfeando Sonrisas\",\"description\":\"Es un proyecto sin fines de lucro, dedicado a mejorar la calidad de Personas con Discapacidad (PcD) a trav\u00e9s de la practica de surf\",\"publisher\":{\"@id\":\"https:\\\/\\\/surfeandosonrisas.org\\\/en\\\/#organization\"},\"potentialAction\":[{\"@type\":\"SearchAction\",\"target\":{\"@type\":\"EntryPoint\",\"urlTemplate\":\"https:\\\/\\\/surfeandosonrisas.org\\\/en\\\/?s={search_term_string}\"},\"query-input\":{\"@type\":\"PropertyValueSpecification\",\"valueRequired\":true,\"valueName\":\"search_term_string\"}}],\"inLanguage\":\"en-US\"},{\"@type\":\"Organization\",\"@id\":\"https:\\\/\\\/surfeandosonrisas.org\\\/en\\\/#organization\",\"name\":\"Surfeando Sonrisas\",\"url\":\"https:\\\/\\\/surfeandosonrisas.org\\\/en\\\/\",\"logo\":{\"@type\":\"ImageObject\",\"inLanguage\":\"en-US\",\"@id\":\"https:\\\/\\\/surfeandosonrisas.org\\\/en\\\/#\\\/schema\\\/logo\\\/image\\\/\",\"url\":\"https:\\\/\\\/surfeandosonrisas.org\\\/wp-content\\\/uploads\\\/2022\\\/05\\\/cropped-logo_n.png\",\"contentUrl\":\"https:\\\/\\\/surfeandosonrisas.org\\\/wp-content\\\/uploads\\\/2022\\\/05\\\/cropped-logo_n.png\",\"width\":552,\"height\":552,\"caption\":\"Surfeando Sonrisas\"},\"image\":{\"@id\":\"https:\\\/\\\/surfeandosonrisas.org\\\/en\\\/#\\\/schema\\\/logo\\\/image\\\/\"}}]}<\/script>\n<!-- \/ Yoast SEO plugin. -->","yoast_head_json":{"title":"S\/T - Surfeando Sonrisas","robots":{"index":"index","follow":"follow","max-snippet":"max-snippet:-1","max-image-preview":"max-image-preview:large","max-video-preview":"max-video-preview:-1"},"canonical":"https:\/\/surfeandosonrisas.org\/en\/product\/surfboard-feng-marbad\/","og_locale":"en_US","og_type":"article","og_title":"S\/T - Surfeando Sonrisas","og_description":"Fred\u00a0Marbad Formaci\u00f3n art\u00edstica en la escuela de artes del Hospicio Caba\u00f1as con los talleres de escultura y t\u00e9cnicas mixtas, talleres de dibujo al desnudo y de grabado en Ugly Food House Arte &amp; Dise\u00f1o, carrera de Artes Pl\u00e1sticas en el Centro de Educaci\u00f3n Art\u00edstica Cedart,(INBA), Jos\u00e9 Clemente Orozco. Instagram:\u00a0@fred_marbad Ficha T\u00e9cnica: 200 x 50 cm...","og_url":"https:\/\/surfeandosonrisas.org\/en\/product\/surfboard-feng-marbad\/","og_site_name":"Surfeando Sonrisas","article_modified_time":"2025-01-03T17:22:19+00:00","og_image":[{"width":1772,"height":591,"url":"https:\/\/surfeandosonrisas.org\/wp-content\/uploads\/2024\/06\/mar-01.jpg","type":"image\/jpeg"}],"twitter_card":"summary_large_image","twitter_misc":{"Est. reading time":"1 minute"},"schema":{"@context":"https:\/\/schema.org","@graph":[{"@type":"WebPage","@id":"https:\/\/surfeandosonrisas.org\/en\/product\/surfboard-feng-marbad\/","url":"https:\/\/surfeandosonrisas.org\/en\/product\/surfboard-feng-marbad\/","name":"S\/T - Surfeando Sonrisas","isPartOf":{"@id":"https:\/\/surfeandosonrisas.org\/en\/#website"},"primaryImageOfPage":{"@id":"https:\/\/surfeandosonrisas.org\/en\/product\/surfboard-feng-marbad\/#primaryimage"},"image":{"@id":"https:\/\/surfeandosonrisas.org\/en\/product\/surfboard-feng-marbad\/#primaryimage"},"thumbnailUrl":"https:\/\/surfeandosonrisas.org\/wp-content\/uploads\/2024\/06\/mar-01.jpg","datePublished":"2024-06-12T20:19:37+00:00","dateModified":"2025-01-03T17:22:19+00:00","breadcrumb":{"@id":"https:\/\/surfeandosonrisas.org\/en\/product\/surfboard-feng-marbad\/#breadcrumb"},"inLanguage":"en-US","potentialAction":[{"@type":"ReadAction","target":["https:\/\/surfeandosonrisas.org\/en\/product\/surfboard-feng-marbad\/"]}]},{"@type":"ImageObject","inLanguage":"en-US","@id":"https:\/\/surfeandosonrisas.org\/en\/product\/surfboard-feng-marbad\/#primaryimage","url":"https:\/\/surfeandosonrisas.org\/wp-content\/uploads\/2024\/06\/mar-01.jpg","contentUrl":"https:\/\/surfeandosonrisas.org\/wp-content\/uploads\/2024\/06\/mar-01.jpg","width":1772,"height":591},{"@type":"BreadcrumbList","@id":"https:\/\/surfeandosonrisas.org\/en\/product\/surfboard-feng-marbad\/#breadcrumb","itemListElement":[{"@type":"ListItem","position":1,"name":"Portada","item":"https:\/\/surfeandosonrisas.org\/"},{"@type":"ListItem","position":2,"name":"Tienda","item":"https:\/\/surfeandosonrisas.org\/tienda\/"},{"@type":"ListItem","position":3,"name":"S\/T"}]},{"@type":"WebSite","@id":"https:\/\/surfeandosonrisas.org\/en\/#website","url":"https:\/\/surfeandosonrisas.org\/en\/","name":"Surfing Smiles","description":"It is a non-profit project, dedicated to improving the quality of People with Disabilities (PwD) through the practice of surfing.","publisher":{"@id":"https:\/\/surfeandosonrisas.org\/en\/#organization"},"potentialAction":[{"@type":"SearchAction","target":{"@type":"EntryPoint","urlTemplate":"https:\/\/surfeandosonrisas.org\/en\/?s={search_term_string}"},"query-input":{"@type":"PropertyValueSpecification","valueRequired":true,"valueName":"search_term_string"}}],"inLanguage":"en-US"},{"@type":"Organization","@id":"https:\/\/surfeandosonrisas.org\/en\/#organization","name":"Surfing Smiles","url":"https:\/\/surfeandosonrisas.org\/en\/","logo":{"@type":"ImageObject","inLanguage":"en-US","@id":"https:\/\/surfeandosonrisas.org\/en\/#\/schema\/logo\/image\/","url":"https:\/\/surfeandosonrisas.org\/wp-content\/uploads\/2022\/05\/cropped-logo_n.png","contentUrl":"https:\/\/surfeandosonrisas.org\/wp-content\/uploads\/2022\/05\/cropped-logo_n.png","width":552,"height":552,"caption":"Surfeando Sonrisas"},"image":{"@id":"https:\/\/surfeandosonrisas.org\/en\/#\/schema\/logo\/image\/"}}]}},"_links":{"self":[{"href":"https:\/\/surfeandosonrisas.org\/en\/wp-json\/wp\/v2\/product\/997552","targetHints":{"allow":["GET"]}}],"collection":[{"href":"https:\/\/surfeandosonrisas.org\/en\/wp-json\/wp\/v2\/product"}],"about":[{"href":"https:\/\/surfeandosonrisas.org\/en\/wp-json\/wp\/v2\/types\/product"}],"replies":[{"embeddable":true,"href":"https:\/\/surfeandosonrisas.org\/en\/wp-json\/wp\/v2\/comments?post=997552"}],"version-history":[{"count":26,"href":"https:\/\/surfeandosonrisas.org\/en\/wp-json\/wp\/v2\/product\/997552\/revisions"}],"predecessor-version":[{"id":998142,"href":"https:\/\/surfeandosonrisas.org\/en\/wp-json\/wp\/v2\/product\/997552\/revisions\/998142"}],"wp:featuredmedia":[{"embeddable":true,"href":"https:\/\/surfeandosonrisas.org\/en\/wp-json\/wp\/v2\/media\/997608"}],"wp:attachment":[{"href":"https:\/\/surfeandosonrisas.org\/en\/wp-json\/wp\/v2\/media?parent=997552"}],"wp:term":[{"taxonomy":"product_brand","embeddable":true,"href":"https:\/\/surfeandosonrisas.org\/en\/wp-json\/wp\/v2\/product_brand?post=997552"},{"taxonomy":"product_cat","embeddable":true,"href":"https:\/\/surfeandosonrisas.org\/en\/wp-json\/wp\/v2\/product_cat?post=997552"},{"taxonomy":"product_tag","embeddable":true,"href":"https:\/\/surfeandosonrisas.org\/en\/wp-json\/wp\/v2\/product_tag?post=997552"}],"curies":[{"name":"wp","href":"https:\/\/api.w.org\/{rel}","templated":true}]}}