{"id":997564,"date":"2024-06-12T14:24:29","date_gmt":"2024-06-12T20:24:29","guid":{"rendered":"https:\/\/surfeandosonrisas.org\/?post_type=product&#038;p=997564"},"modified":"2025-01-03T11:22:30","modified_gmt":"2025-01-03T17:22:30","slug":"surfboard-supremo","status":"publish","type":"product","link":"https:\/\/surfeandosonrisas.org\/en\/product\/surfboard-supremo\/","title":{"rendered":"Supremo"},"content":{"rendered":"<div data-elementor-type=\"product-post\" data-elementor-id=\"997564\" class=\"elementor elementor-997564\" data-elementor-post-type=\"product\">\n\t\t\t\t\t\t<section class=\"elementor-section elementor-top-section elementor-element elementor-element-41da22e elementor-section-boxed elementor-section-height-default elementor-section-height-default\" data-id=\"41da22e\" data-element_type=\"section\" data-e-type=\"section\">\n\t\t\t\t\t\t<div class=\"elementor-container elementor-column-gap-default\">\n\t\t\t\t\t<div class=\"elementor-column elementor-col-100 elementor-top-column elementor-element elementor-element-6d8a9b8\" data-id=\"6d8a9b8\" data-element_type=\"column\" data-e-type=\"column\">\n\t\t\t<div class=\"elementor-widget-wrap elementor-element-populated\">\n\t\t\t\t\t\t<div class=\"elementor-element elementor-element-d24dcff elementor-widget elementor-widget-text-editor\" data-id=\"d24dcff\" data-element_type=\"widget\" data-e-type=\"widget\" data-widget_type=\"text-editor.default\">\n\t\t\t\t<div class=\"elementor-widget-container\">\n\t\t\t\t\t\t\t\t\t<p><strong>Eduardo Qui\u00f1ones<\/strong><\/p><p>Through art, I examine the objects and cultural symbols that have influenced my life, trying to bring these reflections to a critique of materialistic megalomania, eroticism and misogyny in society. My goal is to rescue evocative images and transfer them from the personal memory to the gallery, returning the narrative essence to the viewer.<\/p><p><a href=\"https:\/\/www.instagram.com\/kiano_ribs\/\" target=\"_blank\" rel=\"noopener\">Instagram:\u00a0@kiano_ribs<\/a><\/p>\t\t\t\t\t\t\t\t<\/div>\n\t\t\t\t<\/div>\n\t\t\t\t\t<\/div>\n\t\t<\/div>\n\t\t\t\t\t<\/div>\n\t\t<\/section>\n\t\t\t\t<section class=\"elementor-section elementor-top-section elementor-element elementor-element-5d687a7 elementor-section-boxed elementor-section-height-default elementor-section-height-default\" data-id=\"5d687a7\" data-element_type=\"section\" data-e-type=\"section\">\n\t\t\t\t\t\t<div class=\"elementor-container elementor-column-gap-default\">\n\t\t\t\t\t<div class=\"elementor-column elementor-col-100 elementor-top-column elementor-element elementor-element-b015fc1\" data-id=\"b015fc1\" data-element_type=\"column\" data-e-type=\"column\">\n\t\t\t<div class=\"elementor-widget-wrap elementor-element-populated\">\n\t\t\t\t\t\t<div class=\"elementor-element elementor-element-2db9929 elementor-widget elementor-widget-text-editor\" data-id=\"2db9929\" data-element_type=\"widget\" data-e-type=\"widget\" data-widget_type=\"text-editor.default\">\n\t\t\t\t<div class=\"elementor-widget-container\">\n\t\t\t\t\t\t\t\t\t<p><strong>Technical data<\/strong><\/p><p>45 x 180 cm<br \/>Mixta \/ Surfboard<\/p><p><em>LOTE 54<\/em><\/p>\t\t\t\t\t\t\t\t<\/div>\n\t\t\t\t<\/div>\n\t\t\t\t\t<\/div>\n\t\t<\/div>\n\t\t\t\t\t<\/div>\n\t\t<\/section>\n\t\t\t\t<section class=\"elementor-section elementor-top-section elementor-element elementor-element-7a415ef elementor-section-boxed elementor-section-height-default elementor-section-height-default\" data-id=\"7a415ef\" data-element_type=\"section\" data-e-type=\"section\">\n\t\t\t\t\t\t<div class=\"elementor-container elementor-column-gap-default\">\n\t\t\t\t\t<div class=\"elementor-column elementor-col-100 elementor-top-column elementor-element elementor-element-55011d6\" data-id=\"55011d6\" data-element_type=\"column\" data-e-type=\"column\">\n\t\t\t<div class=\"elementor-widget-wrap elementor-element-populated\">\n\t\t\t\t\t\t<div class=\"elementor-element elementor-element-c56583d elementor-widget elementor-widget-spacer\" data-id=\"c56583d\" data-element_type=\"widget\" data-e-type=\"widget\" data-widget_type=\"spacer.default\">\n\t\t\t\t<div class=\"elementor-widget-container\">\n\t\t\t\t\t\t\t<div class=\"elementor-spacer\">\n\t\t\t<div class=\"elementor-spacer-inner\"><\/div>\n\t\t<\/div>\n\t\t\t\t\t\t<\/div>\n\t\t\t\t<\/div>\n\t\t\t\t\t<\/div>\n\t\t<\/div>\n\t\t\t\t\t<\/div>\n\t\t<\/section>\n\t\t\t\t<section class=\"elementor-section elementor-top-section elementor-element elementor-element-7e0becd elementor-section-boxed elementor-section-height-default elementor-section-height-default\" data-id=\"7e0becd\" data-element_type=\"section\" data-e-type=\"section\">\n\t\t\t\t\t\t<div class=\"elementor-container elementor-column-gap-default\">\n\t\t\t\t\t<div class=\"elementor-column elementor-col-50 elementor-top-column elementor-element elementor-element-98ecbe3\" data-id=\"98ecbe3\" data-element_type=\"column\" data-e-type=\"column\">\n\t\t\t<div class=\"elementor-widget-wrap elementor-element-populated\">\n\t\t\t\t<a class=\"eael-wrapper-link-db25de7 --eael-wrapper-link-tag\" href=\"\/en\/surfboards-shop\/\"><\/a>\t\t<section data-eael-wrapper-link=\"eael-wrapper-link-db25de7\" class=\"elementor-section elementor-inner-section elementor-element elementor-element-db25de7 elementor-section-full_width elementor-section-height-default elementor-section-height-default\" data-id=\"db25de7\" data-element_type=\"section\" data-e-type=\"section\">\n\t\t\t\t\t\t<div class=\"elementor-container elementor-column-gap-no\">\n\t\t\t\t\t<div class=\"elementor-column elementor-col-50 elementor-inner-column elementor-element elementor-element-df370b3\" data-id=\"df370b3\" data-element_type=\"column\" data-e-type=\"column\">\n\t\t\t<div class=\"elementor-widget-wrap elementor-element-populated\">\n\t\t\t\t\t\t<div class=\"elementor-element elementor-element-21ad9c4 elementor-view-default elementor-widget elementor-widget-icon\" data-id=\"21ad9c4\" data-element_type=\"widget\" data-e-type=\"widget\" data-widget_type=\"icon.default\">\n\t\t\t\t<div class=\"elementor-widget-container\">\n\t\t\t\t\t\t\t<div class=\"elementor-icon-wrapper\">\n\t\t\t<div class=\"elementor-icon\">\n\t\t\t<i aria-hidden=\"true\" class=\"vamtamtheme- vamtam-theme-arrow-slide-left\"><\/i>\t\t\t<\/div>\n\t\t<\/div>\n\t\t\t\t\t\t<\/div>\n\t\t\t\t<\/div>\n\t\t\t\t\t<\/div>\n\t\t<\/div>\n\t\t\t\t<div class=\"elementor-column elementor-col-50 elementor-inner-column elementor-element elementor-element-1b1817c\" data-id=\"1b1817c\" data-element_type=\"column\" data-e-type=\"column\">\n\t\t\t<div class=\"elementor-widget-wrap elementor-element-populated\">\n\t\t\t\t\t\t<div class=\"elementor-element elementor-element-c36217f elementor-widget elementor-widget-text-editor\" data-id=\"c36217f\" data-element_type=\"widget\" data-e-type=\"widget\" data-widget_type=\"text-editor.default\">\n\t\t\t\t<div class=\"elementor-widget-container\">\n\t\t\t\t\t\t\t\t\t<p>Back<\/p>\t\t\t\t\t\t\t\t<\/div>\n\t\t\t\t<\/div>\n\t\t\t\t\t<\/div>\n\t\t<\/div>\n\t\t\t\t\t<\/div>\n\t\t<\/section>\n\t\t\t\t\t<\/div>\n\t\t<\/div>\n\t\t\t\t<div class=\"elementor-column elementor-col-50 elementor-top-column elementor-element elementor-element-7cce1d4\" data-id=\"7cce1d4\" data-element_type=\"column\" data-e-type=\"column\">\n\t\t\t<div class=\"elementor-widget-wrap\">\n\t\t\t\t\t\t\t<\/div>\n\t\t<\/div>\n\t\t\t\t\t<\/div>\n\t\t<\/section>\n\t\t\t\t<\/div>","protected":false},"excerpt":{"rendered":"<p>Eduardo Qui\u00f1ones A trav\u00e9s del arte, examino los objetos y s\u00edmbolos culturales que han influido en mi vida, tratando de llevar estas reflexiones a una cr\u00edtica de la megaloman\u00eda materialista, el erotismo y la misoginia en la sociedad. Mi objetivo es rescatar im\u00e1genes evocativas y trasladarlas del recuerdo personal a la galer\u00eda, devolviendo al espectador&#8230;<\/p>","protected":false},"featured_media":997607,"comment_status":"open","ping_status":"closed","template":"","meta":{"give_campaign_id":0,"_monsterinsights_skip_tracking":false,"_monsterinsights_sitenote_active":false,"_monsterinsights_sitenote_note":"","_monsterinsights_sitenote_category":0},"product_brand":[],"product_cat":[117],"product_tag":[],"class_list":{"0":"post-997564","1":"product","2":"type-product","3":"status-publish","4":"has-post-thumbnail","6":"product_cat-surfboard-art","8":"first","9":"instock","10":"shipping-taxable","11":"purchasable","12":"product-type-simple"},"yoast_head":"<!-- This site is optimized with the Yoast SEO plugin v27.5 - https:\/\/yoast.com\/product\/yoast-seo-wordpress\/ -->\n<title>Supremo - Surfeando Sonrisas<\/title>\n<meta name=\"robots\" content=\"index, follow, max-snippet:-1, max-image-preview:large, max-video-preview:-1\" \/>\n<link rel=\"canonical\" href=\"https:\/\/surfeandosonrisas.org\/en\/product\/surfboard-supremo\/\" \/>\n<meta property=\"og:locale\" content=\"en_US\" \/>\n<meta property=\"og:type\" content=\"article\" \/>\n<meta property=\"og:title\" content=\"Supremo - Surfeando Sonrisas\" \/>\n<meta property=\"og:description\" content=\"Eduardo Qui\u00f1ones A trav\u00e9s del arte, examino los objetos y s\u00edmbolos culturales que han influido en mi vida, tratando de llevar estas reflexiones a una cr\u00edtica de la megaloman\u00eda materialista, el erotismo y la misoginia en la sociedad. Mi objetivo es rescatar im\u00e1genes evocativas y trasladarlas del recuerdo personal a la galer\u00eda, devolviendo al espectador...\" \/>\n<meta property=\"og:url\" content=\"https:\/\/surfeandosonrisas.org\/en\/product\/surfboard-supremo\/\" \/>\n<meta property=\"og:site_name\" content=\"Surfeando Sonrisas\" \/>\n<meta property=\"article:modified_time\" content=\"2025-01-03T17:22:30+00:00\" \/>\n<meta property=\"og:image\" content=\"https:\/\/surfeandosonrisas.org\/wp-content\/uploads\/2024\/06\/quinones-01-scaled.jpg\" \/>\n\t<meta property=\"og:image:width\" content=\"2560\" \/>\n\t<meta property=\"og:image:height\" content=\"2560\" \/>\n\t<meta property=\"og:image:type\" content=\"image\/jpeg\" \/>\n<meta name=\"twitter:card\" content=\"summary_large_image\" \/>\n<meta name=\"twitter:label1\" content=\"Est. reading time\" \/>\n\t<meta name=\"twitter:data1\" content=\"1 minute\" \/>\n<script type=\"application\/ld+json\" class=\"yoast-schema-graph\">{\"@context\":\"https:\\\/\\\/schema.org\",\"@graph\":[{\"@type\":\"WebPage\",\"@id\":\"https:\\\/\\\/surfeandosonrisas.org\\\/en\\\/product\\\/surfboard-supremo\\\/\",\"url\":\"https:\\\/\\\/surfeandosonrisas.org\\\/en\\\/product\\\/surfboard-supremo\\\/\",\"name\":\"Supremo - Surfeando Sonrisas\",\"isPartOf\":{\"@id\":\"https:\\\/\\\/surfeandosonrisas.org\\\/en\\\/#website\"},\"primaryImageOfPage\":{\"@id\":\"https:\\\/\\\/surfeandosonrisas.org\\\/en\\\/product\\\/surfboard-supremo\\\/#primaryimage\"},\"image\":{\"@id\":\"https:\\\/\\\/surfeandosonrisas.org\\\/en\\\/product\\\/surfboard-supremo\\\/#primaryimage\"},\"thumbnailUrl\":\"https:\\\/\\\/surfeandosonrisas.org\\\/wp-content\\\/uploads\\\/2024\\\/06\\\/quinones-01-scaled.jpg\",\"datePublished\":\"2024-06-12T20:24:29+00:00\",\"dateModified\":\"2025-01-03T17:22:30+00:00\",\"breadcrumb\":{\"@id\":\"https:\\\/\\\/surfeandosonrisas.org\\\/en\\\/product\\\/surfboard-supremo\\\/#breadcrumb\"},\"inLanguage\":\"en-US\",\"potentialAction\":[{\"@type\":\"ReadAction\",\"target\":[\"https:\\\/\\\/surfeandosonrisas.org\\\/en\\\/product\\\/surfboard-supremo\\\/\"]}]},{\"@type\":\"ImageObject\",\"inLanguage\":\"en-US\",\"@id\":\"https:\\\/\\\/surfeandosonrisas.org\\\/en\\\/product\\\/surfboard-supremo\\\/#primaryimage\",\"url\":\"https:\\\/\\\/surfeandosonrisas.org\\\/wp-content\\\/uploads\\\/2024\\\/06\\\/quinones-01-scaled.jpg\",\"contentUrl\":\"https:\\\/\\\/surfeandosonrisas.org\\\/wp-content\\\/uploads\\\/2024\\\/06\\\/quinones-01-scaled.jpg\",\"width\":2560,\"height\":2560},{\"@type\":\"BreadcrumbList\",\"@id\":\"https:\\\/\\\/surfeandosonrisas.org\\\/en\\\/product\\\/surfboard-supremo\\\/#breadcrumb\",\"itemListElement\":[{\"@type\":\"ListItem\",\"position\":1,\"name\":\"Portada\",\"item\":\"https:\\\/\\\/surfeandosonrisas.org\\\/\"},{\"@type\":\"ListItem\",\"position\":2,\"name\":\"Tienda\",\"item\":\"https:\\\/\\\/surfeandosonrisas.org\\\/tienda\\\/\"},{\"@type\":\"ListItem\",\"position\":3,\"name\":\"Supremo\"}]},{\"@type\":\"WebSite\",\"@id\":\"https:\\\/\\\/surfeandosonrisas.org\\\/en\\\/#website\",\"url\":\"https:\\\/\\\/surfeandosonrisas.org\\\/en\\\/\",\"name\":\"Surfeando Sonrisas\",\"description\":\"Es un proyecto sin fines de lucro, dedicado a mejorar la calidad de Personas con Discapacidad (PcD) a trav\u00e9s de la practica de surf\",\"publisher\":{\"@id\":\"https:\\\/\\\/surfeandosonrisas.org\\\/en\\\/#organization\"},\"potentialAction\":[{\"@type\":\"SearchAction\",\"target\":{\"@type\":\"EntryPoint\",\"urlTemplate\":\"https:\\\/\\\/surfeandosonrisas.org\\\/en\\\/?s={search_term_string}\"},\"query-input\":{\"@type\":\"PropertyValueSpecification\",\"valueRequired\":true,\"valueName\":\"search_term_string\"}}],\"inLanguage\":\"en-US\"},{\"@type\":\"Organization\",\"@id\":\"https:\\\/\\\/surfeandosonrisas.org\\\/en\\\/#organization\",\"name\":\"Surfeando Sonrisas\",\"url\":\"https:\\\/\\\/surfeandosonrisas.org\\\/en\\\/\",\"logo\":{\"@type\":\"ImageObject\",\"inLanguage\":\"en-US\",\"@id\":\"https:\\\/\\\/surfeandosonrisas.org\\\/en\\\/#\\\/schema\\\/logo\\\/image\\\/\",\"url\":\"https:\\\/\\\/surfeandosonrisas.org\\\/wp-content\\\/uploads\\\/2022\\\/05\\\/cropped-logo_n.png\",\"contentUrl\":\"https:\\\/\\\/surfeandosonrisas.org\\\/wp-content\\\/uploads\\\/2022\\\/05\\\/cropped-logo_n.png\",\"width\":552,\"height\":552,\"caption\":\"Surfeando Sonrisas\"},\"image\":{\"@id\":\"https:\\\/\\\/surfeandosonrisas.org\\\/en\\\/#\\\/schema\\\/logo\\\/image\\\/\"}}]}<\/script>\n<!-- \/ Yoast SEO plugin. -->","yoast_head_json":{"title":"Supremo - Surfeando Sonrisas","robots":{"index":"index","follow":"follow","max-snippet":"max-snippet:-1","max-image-preview":"max-image-preview:large","max-video-preview":"max-video-preview:-1"},"canonical":"https:\/\/surfeandosonrisas.org\/en\/product\/surfboard-supremo\/","og_locale":"en_US","og_type":"article","og_title":"Supremo - Surfeando Sonrisas","og_description":"Eduardo Qui\u00f1ones A trav\u00e9s del arte, examino los objetos y s\u00edmbolos culturales que han influido en mi vida, tratando de llevar estas reflexiones a una cr\u00edtica de la megaloman\u00eda materialista, el erotismo y la misoginia en la sociedad. Mi objetivo es rescatar im\u00e1genes evocativas y trasladarlas del recuerdo personal a la galer\u00eda, devolviendo al espectador...","og_url":"https:\/\/surfeandosonrisas.org\/en\/product\/surfboard-supremo\/","og_site_name":"Surfeando Sonrisas","article_modified_time":"2025-01-03T17:22:30+00:00","og_image":[{"width":2560,"height":2560,"url":"https:\/\/surfeandosonrisas.org\/wp-content\/uploads\/2024\/06\/quinones-01-scaled.jpg","type":"image\/jpeg"}],"twitter_card":"summary_large_image","twitter_misc":{"Est. reading time":"1 minute"},"schema":{"@context":"https:\/\/schema.org","@graph":[{"@type":"WebPage","@id":"https:\/\/surfeandosonrisas.org\/en\/product\/surfboard-supremo\/","url":"https:\/\/surfeandosonrisas.org\/en\/product\/surfboard-supremo\/","name":"Supremo - Surfeando Sonrisas","isPartOf":{"@id":"https:\/\/surfeandosonrisas.org\/en\/#website"},"primaryImageOfPage":{"@id":"https:\/\/surfeandosonrisas.org\/en\/product\/surfboard-supremo\/#primaryimage"},"image":{"@id":"https:\/\/surfeandosonrisas.org\/en\/product\/surfboard-supremo\/#primaryimage"},"thumbnailUrl":"https:\/\/surfeandosonrisas.org\/wp-content\/uploads\/2024\/06\/quinones-01-scaled.jpg","datePublished":"2024-06-12T20:24:29+00:00","dateModified":"2025-01-03T17:22:30+00:00","breadcrumb":{"@id":"https:\/\/surfeandosonrisas.org\/en\/product\/surfboard-supremo\/#breadcrumb"},"inLanguage":"en-US","potentialAction":[{"@type":"ReadAction","target":["https:\/\/surfeandosonrisas.org\/en\/product\/surfboard-supremo\/"]}]},{"@type":"ImageObject","inLanguage":"en-US","@id":"https:\/\/surfeandosonrisas.org\/en\/product\/surfboard-supremo\/#primaryimage","url":"https:\/\/surfeandosonrisas.org\/wp-content\/uploads\/2024\/06\/quinones-01-scaled.jpg","contentUrl":"https:\/\/surfeandosonrisas.org\/wp-content\/uploads\/2024\/06\/quinones-01-scaled.jpg","width":2560,"height":2560},{"@type":"BreadcrumbList","@id":"https:\/\/surfeandosonrisas.org\/en\/product\/surfboard-supremo\/#breadcrumb","itemListElement":[{"@type":"ListItem","position":1,"name":"Portada","item":"https:\/\/surfeandosonrisas.org\/"},{"@type":"ListItem","position":2,"name":"Tienda","item":"https:\/\/surfeandosonrisas.org\/tienda\/"},{"@type":"ListItem","position":3,"name":"Supremo"}]},{"@type":"WebSite","@id":"https:\/\/surfeandosonrisas.org\/en\/#website","url":"https:\/\/surfeandosonrisas.org\/en\/","name":"Surfing Smiles","description":"It is a non-profit project, dedicated to improving the quality of People with Disabilities (PwD) through the practice of surfing.","publisher":{"@id":"https:\/\/surfeandosonrisas.org\/en\/#organization"},"potentialAction":[{"@type":"SearchAction","target":{"@type":"EntryPoint","urlTemplate":"https:\/\/surfeandosonrisas.org\/en\/?s={search_term_string}"},"query-input":{"@type":"PropertyValueSpecification","valueRequired":true,"valueName":"search_term_string"}}],"inLanguage":"en-US"},{"@type":"Organization","@id":"https:\/\/surfeandosonrisas.org\/en\/#organization","name":"Surfing Smiles","url":"https:\/\/surfeandosonrisas.org\/en\/","logo":{"@type":"ImageObject","inLanguage":"en-US","@id":"https:\/\/surfeandosonrisas.org\/en\/#\/schema\/logo\/image\/","url":"https:\/\/surfeandosonrisas.org\/wp-content\/uploads\/2022\/05\/cropped-logo_n.png","contentUrl":"https:\/\/surfeandosonrisas.org\/wp-content\/uploads\/2022\/05\/cropped-logo_n.png","width":552,"height":552,"caption":"Surfeando Sonrisas"},"image":{"@id":"https:\/\/surfeandosonrisas.org\/en\/#\/schema\/logo\/image\/"}}]}},"_links":{"self":[{"href":"https:\/\/surfeandosonrisas.org\/en\/wp-json\/wp\/v2\/product\/997564","targetHints":{"allow":["GET"]}}],"collection":[{"href":"https:\/\/surfeandosonrisas.org\/en\/wp-json\/wp\/v2\/product"}],"about":[{"href":"https:\/\/surfeandosonrisas.org\/en\/wp-json\/wp\/v2\/types\/product"}],"replies":[{"embeddable":true,"href":"https:\/\/surfeandosonrisas.org\/en\/wp-json\/wp\/v2\/comments?post=997564"}],"version-history":[{"count":30,"href":"https:\/\/surfeandosonrisas.org\/en\/wp-json\/wp\/v2\/product\/997564\/revisions"}],"predecessor-version":[{"id":998143,"href":"https:\/\/surfeandosonrisas.org\/en\/wp-json\/wp\/v2\/product\/997564\/revisions\/998143"}],"wp:featuredmedia":[{"embeddable":true,"href":"https:\/\/surfeandosonrisas.org\/en\/wp-json\/wp\/v2\/media\/997607"}],"wp:attachment":[{"href":"https:\/\/surfeandosonrisas.org\/en\/wp-json\/wp\/v2\/media?parent=997564"}],"wp:term":[{"taxonomy":"product_brand","embeddable":true,"href":"https:\/\/surfeandosonrisas.org\/en\/wp-json\/wp\/v2\/product_brand?post=997564"},{"taxonomy":"product_cat","embeddable":true,"href":"https:\/\/surfeandosonrisas.org\/en\/wp-json\/wp\/v2\/product_cat?post=997564"},{"taxonomy":"product_tag","embeddable":true,"href":"https:\/\/surfeandosonrisas.org\/en\/wp-json\/wp\/v2\/product_tag?post=997564"}],"curies":[{"name":"wp","href":"https:\/\/api.w.org\/{rel}","templated":true}]}}