{"id":997569,"date":"2024-06-12T14:27:36","date_gmt":"2024-06-12T20:27:36","guid":{"rendered":"https:\/\/surfeandosonrisas.org\/?post_type=product&#038;p=997569"},"modified":"2025-01-03T11:22:58","modified_gmt":"2025-01-03T17:22:58","slug":"surfboard-los-guardianes-del-mar","status":"publish","type":"product","link":"https:\/\/surfeandosonrisas.org\/en\/product\/surfboard-los-guardianes-del-mar\/","title":{"rendered":"Los guardianes del mar"},"content":{"rendered":"<div data-elementor-type=\"product-post\" data-elementor-id=\"997569\" class=\"elementor elementor-997569\" data-elementor-post-type=\"product\">\n\t\t\t\t\t\t<section class=\"elementor-section elementor-top-section elementor-element elementor-element-4876a50 elementor-section-boxed elementor-section-height-default elementor-section-height-default\" data-id=\"4876a50\" data-element_type=\"section\" data-e-type=\"section\">\n\t\t\t\t\t\t<div class=\"elementor-container elementor-column-gap-default\">\n\t\t\t\t\t<div class=\"elementor-column elementor-col-100 elementor-top-column elementor-element elementor-element-df54221\" data-id=\"df54221\" data-element_type=\"column\" data-e-type=\"column\">\n\t\t\t<div class=\"elementor-widget-wrap elementor-element-populated\">\n\t\t\t\t\t\t<div class=\"elementor-element elementor-element-5699b78 elementor-widget elementor-widget-text-editor\" data-id=\"5699b78\" data-element_type=\"widget\" data-e-type=\"widget\" data-widget_type=\"text-editor.default\">\n\t\t\t\t<div class=\"elementor-widget-container\">\n\t\t\t\t\t\t\t\t\t<p><strong>Miguel Cuauhtemoc<\/strong><\/p><div><div>His pictorial work is the result of the combination of colors, light and texture that arises with the inspiration of natural and industrial processes, as well as the awakening of consciousness, occult sciences and inner reality; In each of the works you can see dreamlike landscapes, hybrid beings and infinite machines. \nThrough painting, he transmits current emotions, with the aim that each work changes due to the vision and experience of each viewe\u00a0<\/div><div>A trav\u00e9s de la pintura transmite emociones de nuestra actualidad, con el \u00a0objetivo de que cada obra vaya cambiando por la visi\u00f3n y experiencia de cada espectador.<\/div><\/div><p>Instagram:<a href=\"https:\/\/www.instagram.com\/miguelcuauh\/\" target=\"_blank\" rel=\"noopener\">\u00a0@miguelcuauh<\/a><\/p>\t\t\t\t\t\t\t\t<\/div>\n\t\t\t\t<\/div>\n\t\t\t\t\t<\/div>\n\t\t<\/div>\n\t\t\t\t\t<\/div>\n\t\t<\/section>\n\t\t\t\t<section class=\"elementor-section elementor-top-section elementor-element elementor-element-d0d6019 elementor-section-boxed elementor-section-height-default elementor-section-height-default\" data-id=\"d0d6019\" data-element_type=\"section\" data-e-type=\"section\">\n\t\t\t\t\t\t<div class=\"elementor-container elementor-column-gap-default\">\n\t\t\t\t\t<div class=\"elementor-column elementor-col-100 elementor-top-column elementor-element elementor-element-47a3c39\" data-id=\"47a3c39\" data-element_type=\"column\" data-e-type=\"column\">\n\t\t\t<div class=\"elementor-widget-wrap elementor-element-populated\">\n\t\t\t\t\t\t<div class=\"elementor-element elementor-element-eb2249f elementor-widget elementor-widget-text-editor\" data-id=\"eb2249f\" data-element_type=\"widget\" data-e-type=\"widget\" data-widget_type=\"text-editor.default\">\n\t\t\t\t<div class=\"elementor-widget-container\">\n\t\t\t\t\t\t\t\t\t<p><strong>Technical data<\/strong><\/p><p>50 x 180 cm<br \/>Acrylic \/ Surfboard<\/p><p><em>LOTE 61<\/em><\/p>\t\t\t\t\t\t\t\t<\/div>\n\t\t\t\t<\/div>\n\t\t\t\t\t<\/div>\n\t\t<\/div>\n\t\t\t\t\t<\/div>\n\t\t<\/section>\n\t\t\t\t<section class=\"elementor-section elementor-top-section elementor-element elementor-element-b7ec33e elementor-section-boxed elementor-section-height-default elementor-section-height-default\" data-id=\"b7ec33e\" data-element_type=\"section\" data-e-type=\"section\">\n\t\t\t\t\t\t<div class=\"elementor-container elementor-column-gap-default\">\n\t\t\t\t\t<div class=\"elementor-column elementor-col-100 elementor-top-column elementor-element elementor-element-5192473\" data-id=\"5192473\" data-element_type=\"column\" data-e-type=\"column\">\n\t\t\t<div class=\"elementor-widget-wrap elementor-element-populated\">\n\t\t\t\t\t\t<div class=\"elementor-element elementor-element-b8c952b elementor-widget elementor-widget-spacer\" data-id=\"b8c952b\" data-element_type=\"widget\" data-e-type=\"widget\" data-widget_type=\"spacer.default\">\n\t\t\t\t<div class=\"elementor-widget-container\">\n\t\t\t\t\t\t\t<div class=\"elementor-spacer\">\n\t\t\t<div class=\"elementor-spacer-inner\"><\/div>\n\t\t<\/div>\n\t\t\t\t\t\t<\/div>\n\t\t\t\t<\/div>\n\t\t\t\t\t<\/div>\n\t\t<\/div>\n\t\t\t\t\t<\/div>\n\t\t<\/section>\n\t\t\t\t<section class=\"elementor-section elementor-top-section elementor-element elementor-element-29c1ee5 elementor-section-boxed elementor-section-height-default elementor-section-height-default\" data-id=\"29c1ee5\" data-element_type=\"section\" data-e-type=\"section\">\n\t\t\t\t\t\t<div class=\"elementor-container elementor-column-gap-default\">\n\t\t\t\t\t<div class=\"elementor-column elementor-col-50 elementor-top-column elementor-element elementor-element-178540f\" data-id=\"178540f\" data-element_type=\"column\" data-e-type=\"column\">\n\t\t\t<div class=\"elementor-widget-wrap elementor-element-populated\">\n\t\t\t\t<a class=\"eael-wrapper-link-645f1ab --eael-wrapper-link-tag\" href=\"\/en\/surfboards-shop\/\"><\/a>\t\t<section data-eael-wrapper-link=\"eael-wrapper-link-645f1ab\" class=\"elementor-section elementor-inner-section elementor-element elementor-element-645f1ab elementor-section-full_width elementor-section-height-default elementor-section-height-default\" data-id=\"645f1ab\" data-element_type=\"section\" data-e-type=\"section\">\n\t\t\t\t\t\t<div class=\"elementor-container elementor-column-gap-no\">\n\t\t\t\t\t<div class=\"elementor-column elementor-col-50 elementor-inner-column elementor-element elementor-element-64568e2\" data-id=\"64568e2\" data-element_type=\"column\" data-e-type=\"column\">\n\t\t\t<div class=\"elementor-widget-wrap elementor-element-populated\">\n\t\t\t\t\t\t<div class=\"elementor-element elementor-element-2f80225 elementor-view-default elementor-widget elementor-widget-icon\" data-id=\"2f80225\" data-element_type=\"widget\" data-e-type=\"widget\" data-widget_type=\"icon.default\">\n\t\t\t\t<div class=\"elementor-widget-container\">\n\t\t\t\t\t\t\t<div class=\"elementor-icon-wrapper\">\n\t\t\t<div class=\"elementor-icon\">\n\t\t\t<i aria-hidden=\"true\" class=\"vamtamtheme- vamtam-theme-arrow-slide-left\"><\/i>\t\t\t<\/div>\n\t\t<\/div>\n\t\t\t\t\t\t<\/div>\n\t\t\t\t<\/div>\n\t\t\t\t\t<\/div>\n\t\t<\/div>\n\t\t\t\t<div class=\"elementor-column elementor-col-50 elementor-inner-column elementor-element elementor-element-153ef2b\" data-id=\"153ef2b\" data-element_type=\"column\" data-e-type=\"column\">\n\t\t\t<div class=\"elementor-widget-wrap elementor-element-populated\">\n\t\t\t\t\t\t<div class=\"elementor-element elementor-element-2a07b02 elementor-widget elementor-widget-text-editor\" data-id=\"2a07b02\" data-element_type=\"widget\" data-e-type=\"widget\" data-widget_type=\"text-editor.default\">\n\t\t\t\t<div class=\"elementor-widget-container\">\n\t\t\t\t\t\t\t\t\t<p>Back<\/p>\t\t\t\t\t\t\t\t<\/div>\n\t\t\t\t<\/div>\n\t\t\t\t\t<\/div>\n\t\t<\/div>\n\t\t\t\t\t<\/div>\n\t\t<\/section>\n\t\t\t\t\t<\/div>\n\t\t<\/div>\n\t\t\t\t<div class=\"elementor-column elementor-col-50 elementor-top-column elementor-element elementor-element-b3b72f1\" data-id=\"b3b72f1\" data-element_type=\"column\" data-e-type=\"column\">\n\t\t\t<div class=\"elementor-widget-wrap\">\n\t\t\t\t\t\t\t<\/div>\n\t\t<\/div>\n\t\t\t\t\t<\/div>\n\t\t<\/section>\n\t\t\t\t<\/div>","protected":false},"excerpt":{"rendered":"<p>Miguel Cuauhtemoc Su obra pict\u00f3rica es el resultado de la combinaci\u00f3n de colores, luz y textura que surge con la inspiraci\u00f3n de los procesos naturales e industriales, as\u00ed como el despertar de la conciencia, las ciencias ocultas y la realidad interior; en cada una de las obras se pueden apreciar paisajes on\u00edricos, seres h\u00edbridos y&#8230;<\/p>","protected":false},"featured_media":997605,"comment_status":"open","ping_status":"closed","template":"","meta":{"give_campaign_id":0,"_monsterinsights_skip_tracking":false,"_monsterinsights_sitenote_active":false,"_monsterinsights_sitenote_note":"","_monsterinsights_sitenote_category":0},"product_brand":[],"product_cat":[117],"product_tag":[],"class_list":{"0":"post-997569","1":"product","2":"type-product","3":"status-publish","4":"has-post-thumbnail","6":"product_cat-surfboard-art","8":"first","9":"instock","10":"shipping-taxable","11":"purchasable","12":"product-type-simple"},"yoast_head":"<!-- This site is optimized with the Yoast SEO plugin v27.5 - https:\/\/yoast.com\/product\/yoast-seo-wordpress\/ -->\n<title>Los guardianes del mar - Surfeando Sonrisas<\/title>\n<meta name=\"robots\" content=\"index, follow, max-snippet:-1, max-image-preview:large, max-video-preview:-1\" \/>\n<link rel=\"canonical\" href=\"https:\/\/surfeandosonrisas.org\/en\/product\/surfboard-los-guardianes-del-mar\/\" \/>\n<meta property=\"og:locale\" content=\"en_US\" \/>\n<meta property=\"og:type\" content=\"article\" \/>\n<meta property=\"og:title\" content=\"Los guardianes del mar - Surfeando Sonrisas\" \/>\n<meta property=\"og:description\" content=\"Miguel Cuauhtemoc Su obra pict\u00f3rica es el resultado de la combinaci\u00f3n de colores, luz y textura que surge con la inspiraci\u00f3n de los procesos naturales e industriales, as\u00ed como el despertar de la conciencia, las ciencias ocultas y la realidad interior; en cada una de las obras se pueden apreciar paisajes on\u00edricos, seres h\u00edbridos y...\" \/>\n<meta property=\"og:url\" content=\"https:\/\/surfeandosonrisas.org\/en\/product\/surfboard-los-guardianes-del-mar\/\" \/>\n<meta property=\"og:site_name\" content=\"Surfeando Sonrisas\" \/>\n<meta property=\"article:modified_time\" content=\"2025-01-03T17:22:58+00:00\" \/>\n<meta property=\"og:image\" content=\"https:\/\/surfeandosonrisas.org\/wp-content\/uploads\/2024\/06\/mc-1-01-scaled.jpg\" \/>\n\t<meta property=\"og:image:width\" content=\"2560\" \/>\n\t<meta property=\"og:image:height\" content=\"2560\" \/>\n\t<meta property=\"og:image:type\" content=\"image\/jpeg\" \/>\n<meta name=\"twitter:card\" content=\"summary_large_image\" \/>\n<meta name=\"twitter:label1\" content=\"Est. reading time\" \/>\n\t<meta name=\"twitter:data1\" content=\"1 minute\" \/>\n<script type=\"application\/ld+json\" class=\"yoast-schema-graph\">{\"@context\":\"https:\\\/\\\/schema.org\",\"@graph\":[{\"@type\":\"WebPage\",\"@id\":\"https:\\\/\\\/surfeandosonrisas.org\\\/en\\\/product\\\/surfboard-los-guardianes-del-mar\\\/\",\"url\":\"https:\\\/\\\/surfeandosonrisas.org\\\/en\\\/product\\\/surfboard-los-guardianes-del-mar\\\/\",\"name\":\"Los guardianes del mar - Surfeando Sonrisas\",\"isPartOf\":{\"@id\":\"https:\\\/\\\/surfeandosonrisas.org\\\/en\\\/#website\"},\"primaryImageOfPage\":{\"@id\":\"https:\\\/\\\/surfeandosonrisas.org\\\/en\\\/product\\\/surfboard-los-guardianes-del-mar\\\/#primaryimage\"},\"image\":{\"@id\":\"https:\\\/\\\/surfeandosonrisas.org\\\/en\\\/product\\\/surfboard-los-guardianes-del-mar\\\/#primaryimage\"},\"thumbnailUrl\":\"https:\\\/\\\/surfeandosonrisas.org\\\/wp-content\\\/uploads\\\/2024\\\/06\\\/mc-1-01-scaled.jpg\",\"datePublished\":\"2024-06-12T20:27:36+00:00\",\"dateModified\":\"2025-01-03T17:22:58+00:00\",\"breadcrumb\":{\"@id\":\"https:\\\/\\\/surfeandosonrisas.org\\\/en\\\/product\\\/surfboard-los-guardianes-del-mar\\\/#breadcrumb\"},\"inLanguage\":\"en-US\",\"potentialAction\":[{\"@type\":\"ReadAction\",\"target\":[\"https:\\\/\\\/surfeandosonrisas.org\\\/en\\\/product\\\/surfboard-los-guardianes-del-mar\\\/\"]}]},{\"@type\":\"ImageObject\",\"inLanguage\":\"en-US\",\"@id\":\"https:\\\/\\\/surfeandosonrisas.org\\\/en\\\/product\\\/surfboard-los-guardianes-del-mar\\\/#primaryimage\",\"url\":\"https:\\\/\\\/surfeandosonrisas.org\\\/wp-content\\\/uploads\\\/2024\\\/06\\\/mc-1-01-scaled.jpg\",\"contentUrl\":\"https:\\\/\\\/surfeandosonrisas.org\\\/wp-content\\\/uploads\\\/2024\\\/06\\\/mc-1-01-scaled.jpg\",\"width\":2560,\"height\":2560},{\"@type\":\"BreadcrumbList\",\"@id\":\"https:\\\/\\\/surfeandosonrisas.org\\\/en\\\/product\\\/surfboard-los-guardianes-del-mar\\\/#breadcrumb\",\"itemListElement\":[{\"@type\":\"ListItem\",\"position\":1,\"name\":\"Portada\",\"item\":\"https:\\\/\\\/surfeandosonrisas.org\\\/\"},{\"@type\":\"ListItem\",\"position\":2,\"name\":\"Tienda\",\"item\":\"https:\\\/\\\/surfeandosonrisas.org\\\/tienda\\\/\"},{\"@type\":\"ListItem\",\"position\":3,\"name\":\"Los guardianes del mar\"}]},{\"@type\":\"WebSite\",\"@id\":\"https:\\\/\\\/surfeandosonrisas.org\\\/en\\\/#website\",\"url\":\"https:\\\/\\\/surfeandosonrisas.org\\\/en\\\/\",\"name\":\"Surfeando Sonrisas\",\"description\":\"Es un proyecto sin fines de lucro, dedicado a mejorar la calidad de Personas con Discapacidad (PcD) a trav\u00e9s de la practica de surf\",\"publisher\":{\"@id\":\"https:\\\/\\\/surfeandosonrisas.org\\\/en\\\/#organization\"},\"potentialAction\":[{\"@type\":\"SearchAction\",\"target\":{\"@type\":\"EntryPoint\",\"urlTemplate\":\"https:\\\/\\\/surfeandosonrisas.org\\\/en\\\/?s={search_term_string}\"},\"query-input\":{\"@type\":\"PropertyValueSpecification\",\"valueRequired\":true,\"valueName\":\"search_term_string\"}}],\"inLanguage\":\"en-US\"},{\"@type\":\"Organization\",\"@id\":\"https:\\\/\\\/surfeandosonrisas.org\\\/en\\\/#organization\",\"name\":\"Surfeando Sonrisas\",\"url\":\"https:\\\/\\\/surfeandosonrisas.org\\\/en\\\/\",\"logo\":{\"@type\":\"ImageObject\",\"inLanguage\":\"en-US\",\"@id\":\"https:\\\/\\\/surfeandosonrisas.org\\\/en\\\/#\\\/schema\\\/logo\\\/image\\\/\",\"url\":\"https:\\\/\\\/surfeandosonrisas.org\\\/wp-content\\\/uploads\\\/2022\\\/05\\\/cropped-logo_n.png\",\"contentUrl\":\"https:\\\/\\\/surfeandosonrisas.org\\\/wp-content\\\/uploads\\\/2022\\\/05\\\/cropped-logo_n.png\",\"width\":552,\"height\":552,\"caption\":\"Surfeando Sonrisas\"},\"image\":{\"@id\":\"https:\\\/\\\/surfeandosonrisas.org\\\/en\\\/#\\\/schema\\\/logo\\\/image\\\/\"}}]}<\/script>\n<!-- \/ Yoast SEO plugin. -->","yoast_head_json":{"title":"Los guardianes del mar - Surfeando Sonrisas","robots":{"index":"index","follow":"follow","max-snippet":"max-snippet:-1","max-image-preview":"max-image-preview:large","max-video-preview":"max-video-preview:-1"},"canonical":"https:\/\/surfeandosonrisas.org\/en\/product\/surfboard-los-guardianes-del-mar\/","og_locale":"en_US","og_type":"article","og_title":"Los guardianes del mar - Surfeando Sonrisas","og_description":"Miguel Cuauhtemoc Su obra pict\u00f3rica es el resultado de la combinaci\u00f3n de colores, luz y textura que surge con la inspiraci\u00f3n de los procesos naturales e industriales, as\u00ed como el despertar de la conciencia, las ciencias ocultas y la realidad interior; en cada una de las obras se pueden apreciar paisajes on\u00edricos, seres h\u00edbridos y...","og_url":"https:\/\/surfeandosonrisas.org\/en\/product\/surfboard-los-guardianes-del-mar\/","og_site_name":"Surfeando Sonrisas","article_modified_time":"2025-01-03T17:22:58+00:00","og_image":[{"width":2560,"height":2560,"url":"https:\/\/surfeandosonrisas.org\/wp-content\/uploads\/2024\/06\/mc-1-01-scaled.jpg","type":"image\/jpeg"}],"twitter_card":"summary_large_image","twitter_misc":{"Est. reading time":"1 minute"},"schema":{"@context":"https:\/\/schema.org","@graph":[{"@type":"WebPage","@id":"https:\/\/surfeandosonrisas.org\/en\/product\/surfboard-los-guardianes-del-mar\/","url":"https:\/\/surfeandosonrisas.org\/en\/product\/surfboard-los-guardianes-del-mar\/","name":"Los guardianes del mar - Surfeando Sonrisas","isPartOf":{"@id":"https:\/\/surfeandosonrisas.org\/en\/#website"},"primaryImageOfPage":{"@id":"https:\/\/surfeandosonrisas.org\/en\/product\/surfboard-los-guardianes-del-mar\/#primaryimage"},"image":{"@id":"https:\/\/surfeandosonrisas.org\/en\/product\/surfboard-los-guardianes-del-mar\/#primaryimage"},"thumbnailUrl":"https:\/\/surfeandosonrisas.org\/wp-content\/uploads\/2024\/06\/mc-1-01-scaled.jpg","datePublished":"2024-06-12T20:27:36+00:00","dateModified":"2025-01-03T17:22:58+00:00","breadcrumb":{"@id":"https:\/\/surfeandosonrisas.org\/en\/product\/surfboard-los-guardianes-del-mar\/#breadcrumb"},"inLanguage":"en-US","potentialAction":[{"@type":"ReadAction","target":["https:\/\/surfeandosonrisas.org\/en\/product\/surfboard-los-guardianes-del-mar\/"]}]},{"@type":"ImageObject","inLanguage":"en-US","@id":"https:\/\/surfeandosonrisas.org\/en\/product\/surfboard-los-guardianes-del-mar\/#primaryimage","url":"https:\/\/surfeandosonrisas.org\/wp-content\/uploads\/2024\/06\/mc-1-01-scaled.jpg","contentUrl":"https:\/\/surfeandosonrisas.org\/wp-content\/uploads\/2024\/06\/mc-1-01-scaled.jpg","width":2560,"height":2560},{"@type":"BreadcrumbList","@id":"https:\/\/surfeandosonrisas.org\/en\/product\/surfboard-los-guardianes-del-mar\/#breadcrumb","itemListElement":[{"@type":"ListItem","position":1,"name":"Portada","item":"https:\/\/surfeandosonrisas.org\/"},{"@type":"ListItem","position":2,"name":"Tienda","item":"https:\/\/surfeandosonrisas.org\/tienda\/"},{"@type":"ListItem","position":3,"name":"Los guardianes del mar"}]},{"@type":"WebSite","@id":"https:\/\/surfeandosonrisas.org\/en\/#website","url":"https:\/\/surfeandosonrisas.org\/en\/","name":"Surfing Smiles","description":"It is a non-profit project, dedicated to improving the quality of People with Disabilities (PwD) through the practice of surfing.","publisher":{"@id":"https:\/\/surfeandosonrisas.org\/en\/#organization"},"potentialAction":[{"@type":"SearchAction","target":{"@type":"EntryPoint","urlTemplate":"https:\/\/surfeandosonrisas.org\/en\/?s={search_term_string}"},"query-input":{"@type":"PropertyValueSpecification","valueRequired":true,"valueName":"search_term_string"}}],"inLanguage":"en-US"},{"@type":"Organization","@id":"https:\/\/surfeandosonrisas.org\/en\/#organization","name":"Surfing Smiles","url":"https:\/\/surfeandosonrisas.org\/en\/","logo":{"@type":"ImageObject","inLanguage":"en-US","@id":"https:\/\/surfeandosonrisas.org\/en\/#\/schema\/logo\/image\/","url":"https:\/\/surfeandosonrisas.org\/wp-content\/uploads\/2022\/05\/cropped-logo_n.png","contentUrl":"https:\/\/surfeandosonrisas.org\/wp-content\/uploads\/2022\/05\/cropped-logo_n.png","width":552,"height":552,"caption":"Surfeando Sonrisas"},"image":{"@id":"https:\/\/surfeandosonrisas.org\/en\/#\/schema\/logo\/image\/"}}]}},"_links":{"self":[{"href":"https:\/\/surfeandosonrisas.org\/en\/wp-json\/wp\/v2\/product\/997569","targetHints":{"allow":["GET"]}}],"collection":[{"href":"https:\/\/surfeandosonrisas.org\/en\/wp-json\/wp\/v2\/product"}],"about":[{"href":"https:\/\/surfeandosonrisas.org\/en\/wp-json\/wp\/v2\/types\/product"}],"replies":[{"embeddable":true,"href":"https:\/\/surfeandosonrisas.org\/en\/wp-json\/wp\/v2\/comments?post=997569"}],"version-history":[{"count":15,"href":"https:\/\/surfeandosonrisas.org\/en\/wp-json\/wp\/v2\/product\/997569\/revisions"}],"predecessor-version":[{"id":998144,"href":"https:\/\/surfeandosonrisas.org\/en\/wp-json\/wp\/v2\/product\/997569\/revisions\/998144"}],"wp:featuredmedia":[{"embeddable":true,"href":"https:\/\/surfeandosonrisas.org\/en\/wp-json\/wp\/v2\/media\/997605"}],"wp:attachment":[{"href":"https:\/\/surfeandosonrisas.org\/en\/wp-json\/wp\/v2\/media?parent=997569"}],"wp:term":[{"taxonomy":"product_brand","embeddable":true,"href":"https:\/\/surfeandosonrisas.org\/en\/wp-json\/wp\/v2\/product_brand?post=997569"},{"taxonomy":"product_cat","embeddable":true,"href":"https:\/\/surfeandosonrisas.org\/en\/wp-json\/wp\/v2\/product_cat?post=997569"},{"taxonomy":"product_tag","embeddable":true,"href":"https:\/\/surfeandosonrisas.org\/en\/wp-json\/wp\/v2\/product_tag?post=997569"}],"curies":[{"name":"wp","href":"https:\/\/api.w.org\/{rel}","templated":true}]}}